{"id":969,"date":"2022-11-07T17:13:28","date_gmt":"2022-11-07T17:13:28","guid":{"rendered":"http:\/\/hiref.com.mx\/?post_type=product&#038;p=969"},"modified":"2023-07-04T00:06:52","modified_gmt":"2023-07-04T00:06:52","slug":"hrcc","status":"publish","type":"product","link":"https:\/\/hiref.com.mx\/index.php\/producto\/hrcc\/","title":{"rendered":"HRCC"},"content":{"rendered":"<p>Rango: 20.1-57.2 kW<\/p>\n<p>Equipo de aire acondicionado de precisi\u00f3n disponible en capacidades de 5 hasta 16TR de refrigeraci\u00f3n en agua helada (CW), cuenta con humidificador, ventiladores EC, intercambiador de calor con tratamiento hidrof\u00edlico, sensores de temperatura, resistencias para deshumidificar, display touch screen y control interno.<\/p>\n<p>Los HRCC son enfriadores de rack de agua helada. Representan la soluci\u00f3n ideal para la refrigeraci\u00f3n de rack en data centers, donde se requiere un control preciso de los par\u00e1metros de temperatura y humedad ambiental las 24 horas del d\u00eda, los 7 d\u00edas de la semana. Son especialmente adecuados para la integraci\u00f3n con enfriadoras free-cooling, ya que funcionan incluso con temperaturas del agua superiores a los 7\/12\u00b0C o 10\/15\u00b0C convencionales. El dise\u00f1o interno y la elecci\u00f3n de los componentes est\u00e1n orientados a obtener altos niveles de eficiencia energ\u00e9tica y asegurar la continuidad del servicio, siendo el segundo requisito fundamental en este tipo de aplicaciones con alta\/muy alta densidad de potencia.<\/p>\n<p>La gama HRCC se presenta en dos configuraciones diferentes en funci\u00f3n del modo de refrigeraci\u00f3n del rack, que se puede obtener creando pasillos fr\u00edos y calientes en el centro de datos o mediante compartimentaci\u00f3n y refrigeraci\u00f3n localizada.<\/p>\n<p>IN RACK: Configuraci\u00f3n que genera un circuito cerrado entre el rack cooler y el rack. El aire se puede aspirar y enviar desde la derecha, la izquierda o en ambas direcciones.<\/p>\n<p>IN ROW: Configuraci\u00f3n en la que el aire fr\u00edo se expulsa por el &#8220;pasillo fr\u00edo&#8221; hacia cada rack y el aire caliente del entorno circundante es aspirado por el rack cooler. El aire se puede enviar desde el frente, desde la derecha y desde la izquierda.<\/p>\n","protected":false},"excerpt":{"rendered":"<p>Equipo disponible en capacidades de 5 hasta 16TR de refrigeraci\u00f3n en agua helada (CW)<\/p>\n","protected":false},"featured_media":1745,"template":"","meta":[],"product_brand":[],"product_cat":[43,25,22,34],"product_tag":[],"class_list":{"0":"post-969","1":"product","2":"type-product","3":"status-publish","4":"has-post-thumbnail","6":"product_cat-5tr","7":"product_cat-agua-helada","8":"product_cat-hvac-para-data-center","9":"product_cat-en-fila-in-row","11":"first","12":"instock","13":"shipping-taxable","14":"product-type-simple"},"acf":[],"yoast_head":"<!-- This site is optimized with the Yoast SEO plugin v25.8 - https:\/\/yoast.com\/wordpress\/plugins\/seo\/ -->\n<title>HRCC - HiRef<\/title>\n<meta name=\"robots\" content=\"index, follow, max-snippet:-1, max-image-preview:large, max-video-preview:-1\" \/>\n<link rel=\"canonical\" href=\"https:\/\/hiref.com.mx\/index.php\/producto\/hrcc\/\" \/>\n<meta property=\"og:locale\" content=\"es_MX\" \/>\n<meta property=\"og:type\" content=\"article\" \/>\n<meta property=\"og:title\" content=\"HRCC - HiRef\" \/>\n<meta property=\"og:description\" content=\"Equipo disponible en capacidades de 5 hasta 16TR de refrigeraci\u00f3n en agua helada (CW)\" \/>\n<meta property=\"og:url\" content=\"https:\/\/hiref.com.mx\/index.php\/producto\/hrcc\/\" \/>\n<meta property=\"og:site_name\" content=\"HiRef\" \/>\n<meta property=\"article:publisher\" content=\"https:\/\/www.facebook.com\/hirefmexico\" \/>\n<meta property=\"article:modified_time\" content=\"2023-07-04T00:06:52+00:00\" \/>\n<meta property=\"og:image\" content=\"https:\/\/hiref.com.mx\/wp-content\/uploads\/2022\/11\/HIREFNRCD0400-0002.png\" \/>\n\t<meta property=\"og:image:width\" content=\"800\" \/>\n\t<meta property=\"og:image:height\" content=\"800\" \/>\n\t<meta property=\"og:image:type\" content=\"image\/png\" \/>\n<meta name=\"twitter:card\" content=\"summary_large_image\" \/>\n<meta name=\"twitter:label1\" content=\"Tiempo de lectura\" \/>\n\t<meta name=\"twitter:data1\" content=\"2 minutos\" \/>\n<script type=\"application\/ld+json\" class=\"yoast-schema-graph\">{\"@context\":\"https:\/\/schema.org\",\"@graph\":[{\"@type\":\"WebPage\",\"@id\":\"https:\/\/hiref.com.mx\/index.php\/producto\/hrcc\/\",\"url\":\"https:\/\/hiref.com.mx\/index.php\/producto\/hrcc\/\",\"name\":\"HRCC - HiRef\",\"isPartOf\":{\"@id\":\"https:\/\/hiref.com.mx\/#website\"},\"primaryImageOfPage\":{\"@id\":\"https:\/\/hiref.com.mx\/index.php\/producto\/hrcc\/#primaryimage\"},\"image\":{\"@id\":\"https:\/\/hiref.com.mx\/index.php\/producto\/hrcc\/#primaryimage\"},\"thumbnailUrl\":\"https:\/\/hiref.com.mx\/wp-content\/uploads\/2022\/11\/HIREFNRCD0400-0002.png\",\"datePublished\":\"2022-11-07T17:13:28+00:00\",\"dateModified\":\"2023-07-04T00:06:52+00:00\",\"breadcrumb\":{\"@id\":\"https:\/\/hiref.com.mx\/index.php\/producto\/hrcc\/#breadcrumb\"},\"inLanguage\":\"es\",\"potentialAction\":[{\"@type\":\"ReadAction\",\"target\":[\"https:\/\/hiref.com.mx\/index.php\/producto\/hrcc\/\"]}]},{\"@type\":\"ImageObject\",\"inLanguage\":\"es\",\"@id\":\"https:\/\/hiref.com.mx\/index.php\/producto\/hrcc\/#primaryimage\",\"url\":\"https:\/\/hiref.com.mx\/wp-content\/uploads\/2022\/11\/HIREFNRCD0400-0002.png\",\"contentUrl\":\"https:\/\/hiref.com.mx\/wp-content\/uploads\/2022\/11\/HIREFNRCD0400-0002.png\",\"width\":800,\"height\":800},{\"@type\":\"BreadcrumbList\",\"@id\":\"https:\/\/hiref.com.mx\/index.php\/producto\/hrcc\/#breadcrumb\",\"itemListElement\":[{\"@type\":\"ListItem\",\"position\":1,\"name\":\"Inicio\",\"item\":\"https:\/\/hiref.com.mx\/\"},{\"@type\":\"ListItem\",\"position\":2,\"name\":\"Tienda\",\"item\":\"https:\/\/hiref.com.mx\/?page_id=240\"},{\"@type\":\"ListItem\",\"position\":3,\"name\":\"HRCC\"}]},{\"@type\":\"WebSite\",\"@id\":\"https:\/\/hiref.com.mx\/#website\",\"url\":\"https:\/\/hiref.com.mx\/\",\"name\":\"HiRef\",\"description\":\"Aire acondicionado de precisi\u00f3n para Data Center y Telecom\",\"potentialAction\":[{\"@type\":\"SearchAction\",\"target\":{\"@type\":\"EntryPoint\",\"urlTemplate\":\"https:\/\/hiref.com.mx\/?s={search_term_string}\"},\"query-input\":{\"@type\":\"PropertyValueSpecification\",\"valueRequired\":true,\"valueName\":\"search_term_string\"}}],\"inLanguage\":\"es\"}]}<\/script>\n<!-- \/ Yoast SEO plugin. -->","yoast_head_json":{"title":"HRCC - HiRef","robots":{"index":"index","follow":"follow","max-snippet":"max-snippet:-1","max-image-preview":"max-image-preview:large","max-video-preview":"max-video-preview:-1"},"canonical":"https:\/\/hiref.com.mx\/index.php\/producto\/hrcc\/","og_locale":"es_MX","og_type":"article","og_title":"HRCC - HiRef","og_description":"Equipo disponible en capacidades de 5 hasta 16TR de refrigeraci\u00f3n en agua helada (CW)","og_url":"https:\/\/hiref.com.mx\/index.php\/producto\/hrcc\/","og_site_name":"HiRef","article_publisher":"https:\/\/www.facebook.com\/hirefmexico","article_modified_time":"2023-07-04T00:06:52+00:00","og_image":[{"width":800,"height":800,"url":"https:\/\/hiref.com.mx\/wp-content\/uploads\/2022\/11\/HIREFNRCD0400-0002.png","type":"image\/png"}],"twitter_card":"summary_large_image","twitter_misc":{"Tiempo de lectura":"2 minutos"},"schema":{"@context":"https:\/\/schema.org","@graph":[{"@type":"WebPage","@id":"https:\/\/hiref.com.mx\/index.php\/producto\/hrcc\/","url":"https:\/\/hiref.com.mx\/index.php\/producto\/hrcc\/","name":"HRCC - HiRef","isPartOf":{"@id":"https:\/\/hiref.com.mx\/#website"},"primaryImageOfPage":{"@id":"https:\/\/hiref.com.mx\/index.php\/producto\/hrcc\/#primaryimage"},"image":{"@id":"https:\/\/hiref.com.mx\/index.php\/producto\/hrcc\/#primaryimage"},"thumbnailUrl":"https:\/\/hiref.com.mx\/wp-content\/uploads\/2022\/11\/HIREFNRCD0400-0002.png","datePublished":"2022-11-07T17:13:28+00:00","dateModified":"2023-07-04T00:06:52+00:00","breadcrumb":{"@id":"https:\/\/hiref.com.mx\/index.php\/producto\/hrcc\/#breadcrumb"},"inLanguage":"es","potentialAction":[{"@type":"ReadAction","target":["https:\/\/hiref.com.mx\/index.php\/producto\/hrcc\/"]}]},{"@type":"ImageObject","inLanguage":"es","@id":"https:\/\/hiref.com.mx\/index.php\/producto\/hrcc\/#primaryimage","url":"https:\/\/hiref.com.mx\/wp-content\/uploads\/2022\/11\/HIREFNRCD0400-0002.png","contentUrl":"https:\/\/hiref.com.mx\/wp-content\/uploads\/2022\/11\/HIREFNRCD0400-0002.png","width":800,"height":800},{"@type":"BreadcrumbList","@id":"https:\/\/hiref.com.mx\/index.php\/producto\/hrcc\/#breadcrumb","itemListElement":[{"@type":"ListItem","position":1,"name":"Inicio","item":"https:\/\/hiref.com.mx\/"},{"@type":"ListItem","position":2,"name":"Tienda","item":"https:\/\/hiref.com.mx\/?page_id=240"},{"@type":"ListItem","position":3,"name":"HRCC"}]},{"@type":"WebSite","@id":"https:\/\/hiref.com.mx\/#website","url":"https:\/\/hiref.com.mx\/","name":"HiRef","description":"Aire acondicionado de precisi\u00f3n para Data Center y Telecom","potentialAction":[{"@type":"SearchAction","target":{"@type":"EntryPoint","urlTemplate":"https:\/\/hiref.com.mx\/?s={search_term_string}"},"query-input":{"@type":"PropertyValueSpecification","valueRequired":true,"valueName":"search_term_string"}}],"inLanguage":"es"}]}},"_links":{"self":[{"href":"https:\/\/hiref.com.mx\/index.php\/wp-json\/wp\/v2\/product\/969","targetHints":{"allow":["GET"]}}],"collection":[{"href":"https:\/\/hiref.com.mx\/index.php\/wp-json\/wp\/v2\/product"}],"about":[{"href":"https:\/\/hiref.com.mx\/index.php\/wp-json\/wp\/v2\/types\/product"}],"version-history":[{"count":1,"href":"https:\/\/hiref.com.mx\/index.php\/wp-json\/wp\/v2\/product\/969\/revisions"}],"predecessor-version":[{"id":1731,"href":"https:\/\/hiref.com.mx\/index.php\/wp-json\/wp\/v2\/product\/969\/revisions\/1731"}],"wp:featuredmedia":[{"embeddable":true,"href":"https:\/\/hiref.com.mx\/index.php\/wp-json\/wp\/v2\/media\/1745"}],"wp:attachment":[{"href":"https:\/\/hiref.com.mx\/index.php\/wp-json\/wp\/v2\/media?parent=969"}],"wp:term":[{"taxonomy":"product_brand","embeddable":true,"href":"https:\/\/hiref.com.mx\/index.php\/wp-json\/wp\/v2\/product_brand?post=969"},{"taxonomy":"product_cat","embeddable":true,"href":"https:\/\/hiref.com.mx\/index.php\/wp-json\/wp\/v2\/product_cat?post=969"},{"taxonomy":"product_tag","embeddable":true,"href":"https:\/\/hiref.com.mx\/index.php\/wp-json\/wp\/v2\/product_tag?post=969"}],"curies":[{"name":"wp","href":"https:\/\/api.w.org\/{rel}","templated":true}]}}