{"id":963,"date":"2022-11-07T16:51:06","date_gmt":"2022-11-07T16:51:06","guid":{"rendered":"http:\/\/hiref.com.mx\/?post_type=product&#038;p=963"},"modified":"2023-06-19T21:43:20","modified_gmt":"2023-06-19T21:43:20","slug":"nrcd","status":"publish","type":"product","link":"https:\/\/hiref.com.mx\/index.php\/producto\/nrcd\/","title":{"rendered":"NRCD"},"content":{"rendered":"<p>Rango: 12.4-50.1 kW<\/p>\n<p>Equipo de aire acondicionado de precisi\u00f3n 600mm de largo y 200 mm de altura disponible en capacidades de 3 hasta 12TR de refrigeraci\u00f3n en expansi\u00f3n directa (DX), cuenta con compresor Inverter, refrigerante R410-A, humidificador, ventiladores EC, sensores de temperatura, resistencias para deshumidificar, display touch screen y control interno.<\/p>\n<p>Los enfriadores de rack de la gama NRCD son la soluci\u00f3n ideal para la refrigeraci\u00f3n de armarios rack en data centers de peque\u00f1o y mediano tama\u00f1o, donde se requiere un control preciso de los par\u00e1metros de temperatura y humedad ambiente las 24 horas del d\u00eda y cuando el agua no est\u00e1 permitida en el centro de datos. El dise\u00f1o interno y la elecci\u00f3n de los componentes est\u00e1n orientados a obtener altos niveles de eficiencia energ\u00e9tica, para minimizar los costos de gesti\u00f3n de todo el sistema, adem\u00e1s las unidades NRCD disponen de un condensador remoto externo que garantiza eficiencia y fiabilidad. La gama NRCD se presenta en dos configuraciones diferentes seg\u00fan el modo de refrigeraci\u00f3n de los armarios rack, lo que se puede conseguir creando pasillos fr\u00edos y calientes en el data center mediante compartimentaci\u00f3n y refrigeraci\u00f3n localizada.<\/p>\n<p>Configuraci\u00f3n In-Rack o In-Row.<\/p>\n<p>IN RACK: Configuraci\u00f3n que genera un circuito cerrado entre el rack cooler y el armario rack. El aire se puede aspirar y enviar desde la derecha, la izquierda o en ambas direcciones.<\/p>\n<p>IN ROW: Configuraci\u00f3n en la que el aire fr\u00edo se expulsa por el &#8220;pasillo fr\u00edo&#8221; hacia cada armario rack y el aire caliente del entorno circundante es aspirado por el rack cooler. El aire se puede enviar desde el frente, desde la derecha y desde la izquierda.<\/p>\n","protected":false},"excerpt":{"rendered":"<p>Disponible en capacidades de 3 hasta 12TR de refrigeraci\u00f3n en expansi\u00f3n directa (DX), cuenta con compresor Inverter, refrigerante R410-A<\/p>\n","protected":false},"featured_media":1756,"template":"","meta":[],"product_brand":[],"product_cat":[44,41,43,22,34,24],"product_tag":[],"class_list":{"0":"post-963","1":"product","2":"type-product","3":"status-publish","4":"has-post-thumbnail","6":"product_cat-10tr","7":"product_cat-3tr","8":"product_cat-5tr","9":"product_cat-hvac-para-data-center","10":"product_cat-en-fila-in-row","11":"product_cat-expansion-directa","13":"first","14":"instock","15":"shipping-taxable","16":"product-type-simple"},"acf":[],"yoast_head":"<!-- This site is optimized with the Yoast SEO plugin v25.8 - https:\/\/yoast.com\/wordpress\/plugins\/seo\/ -->\n<title>NRCD - HiRef<\/title>\n<meta name=\"description\" content=\"Enfriadores NRCD, la soluci\u00f3n en refrigeraci\u00f3n de armarios rack en data centers de peque\u00f1o y mediano tama\u00f1o, con control de temperatura y humedad 24 horas\" \/>\n<meta name=\"robots\" content=\"index, follow, max-snippet:-1, max-image-preview:large, max-video-preview:-1\" \/>\n<link rel=\"canonical\" href=\"https:\/\/hiref.com.mx\/index.php\/producto\/nrcd\/\" \/>\n<meta property=\"og:locale\" content=\"es_MX\" \/>\n<meta property=\"og:type\" content=\"article\" \/>\n<meta property=\"og:title\" content=\"NRCD - HiRef\" \/>\n<meta property=\"og:description\" content=\"Enfriadores NRCD, la soluci\u00f3n en refrigeraci\u00f3n de armarios rack en data centers de peque\u00f1o y mediano tama\u00f1o, con control de temperatura y humedad 24 horas\" \/>\n<meta property=\"og:url\" content=\"https:\/\/hiref.com.mx\/index.php\/producto\/nrcd\/\" \/>\n<meta property=\"og:site_name\" content=\"HiRef\" \/>\n<meta property=\"article:publisher\" content=\"https:\/\/www.facebook.com\/hirefmexico\" \/>\n<meta property=\"article:modified_time\" content=\"2023-06-19T21:43:20+00:00\" \/>\n<meta property=\"og:image\" content=\"https:\/\/hiref.com.mx\/wp-content\/uploads\/2022\/11\/HIREFNRCD0400-0001.png\" \/>\n\t<meta property=\"og:image:width\" content=\"800\" \/>\n\t<meta property=\"og:image:height\" content=\"800\" \/>\n\t<meta property=\"og:image:type\" content=\"image\/png\" \/>\n<meta name=\"twitter:card\" content=\"summary_large_image\" \/>\n<meta name=\"twitter:label1\" content=\"Tiempo de lectura\" \/>\n\t<meta name=\"twitter:data1\" content=\"2 minutos\" \/>\n<script type=\"application\/ld+json\" class=\"yoast-schema-graph\">{\"@context\":\"https:\/\/schema.org\",\"@graph\":[{\"@type\":\"WebPage\",\"@id\":\"https:\/\/hiref.com.mx\/index.php\/producto\/nrcd\/\",\"url\":\"https:\/\/hiref.com.mx\/index.php\/producto\/nrcd\/\",\"name\":\"NRCD - HiRef\",\"isPartOf\":{\"@id\":\"https:\/\/hiref.com.mx\/#website\"},\"primaryImageOfPage\":{\"@id\":\"https:\/\/hiref.com.mx\/index.php\/producto\/nrcd\/#primaryimage\"},\"image\":{\"@id\":\"https:\/\/hiref.com.mx\/index.php\/producto\/nrcd\/#primaryimage\"},\"thumbnailUrl\":\"https:\/\/hiref.com.mx\/wp-content\/uploads\/2022\/11\/HIREFNRCD0400-0001.png\",\"datePublished\":\"2022-11-07T16:51:06+00:00\",\"dateModified\":\"2023-06-19T21:43:20+00:00\",\"description\":\"Enfriadores NRCD, la soluci\u00f3n en refrigeraci\u00f3n de armarios rack en data centers de peque\u00f1o y mediano tama\u00f1o, con control de temperatura y humedad 24 horas\",\"breadcrumb\":{\"@id\":\"https:\/\/hiref.com.mx\/index.php\/producto\/nrcd\/#breadcrumb\"},\"inLanguage\":\"es\",\"potentialAction\":[{\"@type\":\"ReadAction\",\"target\":[\"https:\/\/hiref.com.mx\/index.php\/producto\/nrcd\/\"]}]},{\"@type\":\"ImageObject\",\"inLanguage\":\"es\",\"@id\":\"https:\/\/hiref.com.mx\/index.php\/producto\/nrcd\/#primaryimage\",\"url\":\"https:\/\/hiref.com.mx\/wp-content\/uploads\/2022\/11\/HIREFNRCD0400-0001.png\",\"contentUrl\":\"https:\/\/hiref.com.mx\/wp-content\/uploads\/2022\/11\/HIREFNRCD0400-0001.png\",\"width\":800,\"height\":800},{\"@type\":\"BreadcrumbList\",\"@id\":\"https:\/\/hiref.com.mx\/index.php\/producto\/nrcd\/#breadcrumb\",\"itemListElement\":[{\"@type\":\"ListItem\",\"position\":1,\"name\":\"Inicio\",\"item\":\"https:\/\/hiref.com.mx\/\"},{\"@type\":\"ListItem\",\"position\":2,\"name\":\"Tienda\",\"item\":\"https:\/\/hiref.com.mx\/?page_id=240\"},{\"@type\":\"ListItem\",\"position\":3,\"name\":\"NRCD\"}]},{\"@type\":\"WebSite\",\"@id\":\"https:\/\/hiref.com.mx\/#website\",\"url\":\"https:\/\/hiref.com.mx\/\",\"name\":\"HiRef\",\"description\":\"Aire acondicionado de precisi\u00f3n para Data Center y Telecom\",\"potentialAction\":[{\"@type\":\"SearchAction\",\"target\":{\"@type\":\"EntryPoint\",\"urlTemplate\":\"https:\/\/hiref.com.mx\/?s={search_term_string}\"},\"query-input\":{\"@type\":\"PropertyValueSpecification\",\"valueRequired\":true,\"valueName\":\"search_term_string\"}}],\"inLanguage\":\"es\"}]}<\/script>\n<!-- \/ Yoast SEO plugin. -->","yoast_head_json":{"title":"NRCD - HiRef","description":"Enfriadores NRCD, la soluci\u00f3n en refrigeraci\u00f3n de armarios rack en data centers de peque\u00f1o y mediano tama\u00f1o, con control de temperatura y humedad 24 horas","robots":{"index":"index","follow":"follow","max-snippet":"max-snippet:-1","max-image-preview":"max-image-preview:large","max-video-preview":"max-video-preview:-1"},"canonical":"https:\/\/hiref.com.mx\/index.php\/producto\/nrcd\/","og_locale":"es_MX","og_type":"article","og_title":"NRCD - HiRef","og_description":"Enfriadores NRCD, la soluci\u00f3n en refrigeraci\u00f3n de armarios rack en data centers de peque\u00f1o y mediano tama\u00f1o, con control de temperatura y humedad 24 horas","og_url":"https:\/\/hiref.com.mx\/index.php\/producto\/nrcd\/","og_site_name":"HiRef","article_publisher":"https:\/\/www.facebook.com\/hirefmexico","article_modified_time":"2023-06-19T21:43:20+00:00","og_image":[{"width":800,"height":800,"url":"https:\/\/hiref.com.mx\/wp-content\/uploads\/2022\/11\/HIREFNRCD0400-0001.png","type":"image\/png"}],"twitter_card":"summary_large_image","twitter_misc":{"Tiempo de lectura":"2 minutos"},"schema":{"@context":"https:\/\/schema.org","@graph":[{"@type":"WebPage","@id":"https:\/\/hiref.com.mx\/index.php\/producto\/nrcd\/","url":"https:\/\/hiref.com.mx\/index.php\/producto\/nrcd\/","name":"NRCD - HiRef","isPartOf":{"@id":"https:\/\/hiref.com.mx\/#website"},"primaryImageOfPage":{"@id":"https:\/\/hiref.com.mx\/index.php\/producto\/nrcd\/#primaryimage"},"image":{"@id":"https:\/\/hiref.com.mx\/index.php\/producto\/nrcd\/#primaryimage"},"thumbnailUrl":"https:\/\/hiref.com.mx\/wp-content\/uploads\/2022\/11\/HIREFNRCD0400-0001.png","datePublished":"2022-11-07T16:51:06+00:00","dateModified":"2023-06-19T21:43:20+00:00","description":"Enfriadores NRCD, la soluci\u00f3n en refrigeraci\u00f3n de armarios rack en data centers de peque\u00f1o y mediano tama\u00f1o, con control de temperatura y humedad 24 horas","breadcrumb":{"@id":"https:\/\/hiref.com.mx\/index.php\/producto\/nrcd\/#breadcrumb"},"inLanguage":"es","potentialAction":[{"@type":"ReadAction","target":["https:\/\/hiref.com.mx\/index.php\/producto\/nrcd\/"]}]},{"@type":"ImageObject","inLanguage":"es","@id":"https:\/\/hiref.com.mx\/index.php\/producto\/nrcd\/#primaryimage","url":"https:\/\/hiref.com.mx\/wp-content\/uploads\/2022\/11\/HIREFNRCD0400-0001.png","contentUrl":"https:\/\/hiref.com.mx\/wp-content\/uploads\/2022\/11\/HIREFNRCD0400-0001.png","width":800,"height":800},{"@type":"BreadcrumbList","@id":"https:\/\/hiref.com.mx\/index.php\/producto\/nrcd\/#breadcrumb","itemListElement":[{"@type":"ListItem","position":1,"name":"Inicio","item":"https:\/\/hiref.com.mx\/"},{"@type":"ListItem","position":2,"name":"Tienda","item":"https:\/\/hiref.com.mx\/?page_id=240"},{"@type":"ListItem","position":3,"name":"NRCD"}]},{"@type":"WebSite","@id":"https:\/\/hiref.com.mx\/#website","url":"https:\/\/hiref.com.mx\/","name":"HiRef","description":"Aire acondicionado de precisi\u00f3n para Data Center y Telecom","potentialAction":[{"@type":"SearchAction","target":{"@type":"EntryPoint","urlTemplate":"https:\/\/hiref.com.mx\/?s={search_term_string}"},"query-input":{"@type":"PropertyValueSpecification","valueRequired":true,"valueName":"search_term_string"}}],"inLanguage":"es"}]}},"_links":{"self":[{"href":"https:\/\/hiref.com.mx\/index.php\/wp-json\/wp\/v2\/product\/963","targetHints":{"allow":["GET"]}}],"collection":[{"href":"https:\/\/hiref.com.mx\/index.php\/wp-json\/wp\/v2\/product"}],"about":[{"href":"https:\/\/hiref.com.mx\/index.php\/wp-json\/wp\/v2\/types\/product"}],"version-history":[{"count":1,"href":"https:\/\/hiref.com.mx\/index.php\/wp-json\/wp\/v2\/product\/963\/revisions"}],"predecessor-version":[{"id":1775,"href":"https:\/\/hiref.com.mx\/index.php\/wp-json\/wp\/v2\/product\/963\/revisions\/1775"}],"wp:featuredmedia":[{"embeddable":true,"href":"https:\/\/hiref.com.mx\/index.php\/wp-json\/wp\/v2\/media\/1756"}],"wp:attachment":[{"href":"https:\/\/hiref.com.mx\/index.php\/wp-json\/wp\/v2\/media?parent=963"}],"wp:term":[{"taxonomy":"product_brand","embeddable":true,"href":"https:\/\/hiref.com.mx\/index.php\/wp-json\/wp\/v2\/product_brand?post=963"},{"taxonomy":"product_cat","embeddable":true,"href":"https:\/\/hiref.com.mx\/index.php\/wp-json\/wp\/v2\/product_cat?post=963"},{"taxonomy":"product_tag","embeddable":true,"href":"https:\/\/hiref.com.mx\/index.php\/wp-json\/wp\/v2\/product_tag?post=963"}],"curies":[{"name":"wp","href":"https:\/\/api.w.org\/{rel}","templated":true}]}}