{"id":893,"date":"2022-10-17T02:25:51","date_gmt":"2022-10-17T02:25:51","guid":{"rendered":"http:\/\/hiref.com.mx\/?post_type=product&#038;p=893"},"modified":"2025-02-19T00:30:32","modified_gmt":"2025-02-19T00:30:32","slug":"nrg","status":"publish","type":"product","link":"https:\/\/hiref.com.mx\/index.php\/producto\/nrg\/","title":{"rendered":"NRG"},"content":{"rendered":"<p>Rango: 9.3-147.2 kW<\/p>\n<p>Aire acondicionado de precisi\u00f3n, disponible en capacidades de 5 hasta 31 TR de refrigeraci\u00f3n en expansi\u00f3n directa (DX). Cuenta con compresor invertir, humidificador, refrigerante R410-A, ventiladores EC, display touch screen y control interno, con opciones para descarga por piso falso (downflow), descarga por arriba con o sin plenum superior (upflow) e inyecci\u00f3n directa (displacement). A partir de 20TR cuenta con doble circuito de refrigeraci\u00f3n y se ofrece la opci\u00f3n de dual cooling y free cooling.<\/p>\n<p>Los acondicionadores de aire perimetrales de la serie NRG est\u00e1n dise\u00f1ados para la climatizaci\u00f3n de ambientes tecnol\u00f3gicos de alta densidad t\u00e9rmica que requieren un control preciso de los par\u00e1metros termo-higrom\u00e9tricos y un funcionamiento continuo.<\/p>\n<p>El uso de compresores inverter capaces de seguir la carga t\u00e9rmica con extrema precisi\u00f3n, ventiladores EC de serie y v\u00e1lvulas de expansi\u00f3n controladas electr\u00f3nicamente est\u00e1ndar permiten lograr un alto rendimiento, al mismo tiempo que contiene el consumo de energ\u00eda, en beneficio del PUE del centro de datos. El punto fuerte de la nueva gama NRG es el alto rendimiento espec\u00edfico (kW\/m2), obtenido gracias al cuidado dise\u00f1o interno, un marco de solo 890 mm de profundidad y la particular elecci\u00f3n de los componentes.<\/p>\n<p>Es posible elegir entre diferentes configuraciones de refrigeraci\u00f3n, como condensaci\u00f3n por aire con condensador remoto; condensaci\u00f3n por agua o dry cooler; condensaci\u00f3n agua de red (15\u00b0C); agua de condensaci\u00f3n y free-cooling indirecto de agua; refrigeraci\u00f3n por aire con condensador remoto y dual cooling; condensaci\u00f3n por agua o dry-cooler y dual cooling; o condensaci\u00f3n con agua de red (15\u00b0C) y dual cooling.<\/p>\n<p>Los NRG son las unidades perimetrales refrigeradas por aire y son muy utilizadas en el campo de la refrigeraci\u00f3n de data centers. La soluci\u00f3n refrigerada por aire ofrece sencillez de sistema, dada la ausencia de otros circuitos y bombas auxiliares, sencillez de gesti\u00f3n ya que la gesti\u00f3n del circuito frigor\u00edfico se controla desde el armario y facilidad de instalaci\u00f3n tanto de la unidad interior como del condensador remoto.<\/p>\n","protected":false},"excerpt":{"rendered":"<p>Disponible en capacidades de 5 hasta 31 TR de refrigeraci\u00f3n en expansi\u00f3n directa (DX).<\/p>\n<p>Cuenta con compresor inverter.<\/p>\n","protected":false},"featured_media":1781,"template":"","meta":[],"product_brand":[],"product_cat":[22,53,27,24,26,32,33,31],"product_tag":[],"class_list":{"0":"post-893","1":"product","2":"type-product","3":"status-publish","4":"has-post-thumbnail","6":"product_cat-hvac-para-data-center","7":"product_cat-dry-cooler","8":"product_cat-dual-cooling","9":"product_cat-expansion-directa","10":"product_cat-free-cooling","11":"product_cat-hiper-escala","12":"product_cat-perimetrales","13":"product_cat-salas-pequenas","15":"first","16":"instock","17":"shipping-taxable","18":"product-type-simple"},"acf":[],"yoast_head":"<!-- This site is optimized with the Yoast SEO plugin v25.8 - https:\/\/yoast.com\/wordpress\/plugins\/seo\/ -->\n<title>NRG - HiRef<\/title>\n<meta name=\"description\" content=\"Los NRG son las unidades perimetrales refrigeradas por aire y son muy utilizadas en el campo de la refrigeraci\u00f3n de data centers.\" \/>\n<meta name=\"robots\" content=\"index, follow, max-snippet:-1, max-image-preview:large, max-video-preview:-1\" \/>\n<link rel=\"canonical\" href=\"https:\/\/hiref.com.mx\/index.php\/producto\/nrg\/\" \/>\n<meta property=\"og:locale\" content=\"es_MX\" \/>\n<meta property=\"og:type\" content=\"article\" \/>\n<meta property=\"og:title\" content=\"NRG - HiRef\" \/>\n<meta property=\"og:description\" content=\"Los NRG son las unidades perimetrales refrigeradas por aire y son muy utilizadas en el campo de la refrigeraci\u00f3n de data centers.\" \/>\n<meta property=\"og:url\" content=\"https:\/\/hiref.com.mx\/index.php\/producto\/nrg\/\" \/>\n<meta property=\"og:site_name\" content=\"HiRef\" \/>\n<meta property=\"article:publisher\" content=\"https:\/\/www.facebook.com\/hirefmexico\" \/>\n<meta property=\"article:modified_time\" content=\"2025-02-19T00:30:32+00:00\" \/>\n<meta property=\"og:image\" content=\"https:\/\/hiref.com.mx\/wp-content\/uploads\/2022\/10\/HIREFNAUR0441-0004.png\" \/>\n\t<meta property=\"og:image:width\" content=\"800\" \/>\n\t<meta property=\"og:image:height\" content=\"800\" \/>\n\t<meta property=\"og:image:type\" content=\"image\/png\" \/>\n<meta name=\"twitter:card\" content=\"summary_large_image\" \/>\n<meta name=\"twitter:label1\" content=\"Tiempo de lectura\" \/>\n\t<meta name=\"twitter:data1\" content=\"2 minutos\" \/>\n<script type=\"application\/ld+json\" class=\"yoast-schema-graph\">{\"@context\":\"https:\/\/schema.org\",\"@graph\":[{\"@type\":\"WebPage\",\"@id\":\"https:\/\/hiref.com.mx\/index.php\/producto\/nrg\/\",\"url\":\"https:\/\/hiref.com.mx\/index.php\/producto\/nrg\/\",\"name\":\"NRG - HiRef\",\"isPartOf\":{\"@id\":\"https:\/\/hiref.com.mx\/#website\"},\"primaryImageOfPage\":{\"@id\":\"https:\/\/hiref.com.mx\/index.php\/producto\/nrg\/#primaryimage\"},\"image\":{\"@id\":\"https:\/\/hiref.com.mx\/index.php\/producto\/nrg\/#primaryimage\"},\"thumbnailUrl\":\"https:\/\/hiref.com.mx\/wp-content\/uploads\/2022\/10\/HIREFNAUR0441-0004.png\",\"datePublished\":\"2022-10-17T02:25:51+00:00\",\"dateModified\":\"2025-02-19T00:30:32+00:00\",\"description\":\"Los NRG son las unidades perimetrales refrigeradas por aire y son muy utilizadas en el campo de la refrigeraci\u00f3n de data centers.\",\"breadcrumb\":{\"@id\":\"https:\/\/hiref.com.mx\/index.php\/producto\/nrg\/#breadcrumb\"},\"inLanguage\":\"es\",\"potentialAction\":[{\"@type\":\"ReadAction\",\"target\":[\"https:\/\/hiref.com.mx\/index.php\/producto\/nrg\/\"]}]},{\"@type\":\"ImageObject\",\"inLanguage\":\"es\",\"@id\":\"https:\/\/hiref.com.mx\/index.php\/producto\/nrg\/#primaryimage\",\"url\":\"https:\/\/hiref.com.mx\/wp-content\/uploads\/2022\/10\/HIREFNAUR0441-0004.png\",\"contentUrl\":\"https:\/\/hiref.com.mx\/wp-content\/uploads\/2022\/10\/HIREFNAUR0441-0004.png\",\"width\":800,\"height\":800},{\"@type\":\"BreadcrumbList\",\"@id\":\"https:\/\/hiref.com.mx\/index.php\/producto\/nrg\/#breadcrumb\",\"itemListElement\":[{\"@type\":\"ListItem\",\"position\":1,\"name\":\"Inicio\",\"item\":\"https:\/\/hiref.com.mx\/\"},{\"@type\":\"ListItem\",\"position\":2,\"name\":\"Tienda\",\"item\":\"https:\/\/hiref.com.mx\/?page_id=240\"},{\"@type\":\"ListItem\",\"position\":3,\"name\":\"NRG\"}]},{\"@type\":\"WebSite\",\"@id\":\"https:\/\/hiref.com.mx\/#website\",\"url\":\"https:\/\/hiref.com.mx\/\",\"name\":\"HiRef\",\"description\":\"Aire acondicionado de precisi\u00f3n para Data Center y Telecom\",\"potentialAction\":[{\"@type\":\"SearchAction\",\"target\":{\"@type\":\"EntryPoint\",\"urlTemplate\":\"https:\/\/hiref.com.mx\/?s={search_term_string}\"},\"query-input\":{\"@type\":\"PropertyValueSpecification\",\"valueRequired\":true,\"valueName\":\"search_term_string\"}}],\"inLanguage\":\"es\"}]}<\/script>\n<!-- \/ Yoast SEO plugin. -->","yoast_head_json":{"title":"NRG - HiRef","description":"Los NRG son las unidades perimetrales refrigeradas por aire y son muy utilizadas en el campo de la refrigeraci\u00f3n de data centers.","robots":{"index":"index","follow":"follow","max-snippet":"max-snippet:-1","max-image-preview":"max-image-preview:large","max-video-preview":"max-video-preview:-1"},"canonical":"https:\/\/hiref.com.mx\/index.php\/producto\/nrg\/","og_locale":"es_MX","og_type":"article","og_title":"NRG - HiRef","og_description":"Los NRG son las unidades perimetrales refrigeradas por aire y son muy utilizadas en el campo de la refrigeraci\u00f3n de data centers.","og_url":"https:\/\/hiref.com.mx\/index.php\/producto\/nrg\/","og_site_name":"HiRef","article_publisher":"https:\/\/www.facebook.com\/hirefmexico","article_modified_time":"2025-02-19T00:30:32+00:00","og_image":[{"width":800,"height":800,"url":"https:\/\/hiref.com.mx\/wp-content\/uploads\/2022\/10\/HIREFNAUR0441-0004.png","type":"image\/png"}],"twitter_card":"summary_large_image","twitter_misc":{"Tiempo de lectura":"2 minutos"},"schema":{"@context":"https:\/\/schema.org","@graph":[{"@type":"WebPage","@id":"https:\/\/hiref.com.mx\/index.php\/producto\/nrg\/","url":"https:\/\/hiref.com.mx\/index.php\/producto\/nrg\/","name":"NRG - HiRef","isPartOf":{"@id":"https:\/\/hiref.com.mx\/#website"},"primaryImageOfPage":{"@id":"https:\/\/hiref.com.mx\/index.php\/producto\/nrg\/#primaryimage"},"image":{"@id":"https:\/\/hiref.com.mx\/index.php\/producto\/nrg\/#primaryimage"},"thumbnailUrl":"https:\/\/hiref.com.mx\/wp-content\/uploads\/2022\/10\/HIREFNAUR0441-0004.png","datePublished":"2022-10-17T02:25:51+00:00","dateModified":"2025-02-19T00:30:32+00:00","description":"Los NRG son las unidades perimetrales refrigeradas por aire y son muy utilizadas en el campo de la refrigeraci\u00f3n de data centers.","breadcrumb":{"@id":"https:\/\/hiref.com.mx\/index.php\/producto\/nrg\/#breadcrumb"},"inLanguage":"es","potentialAction":[{"@type":"ReadAction","target":["https:\/\/hiref.com.mx\/index.php\/producto\/nrg\/"]}]},{"@type":"ImageObject","inLanguage":"es","@id":"https:\/\/hiref.com.mx\/index.php\/producto\/nrg\/#primaryimage","url":"https:\/\/hiref.com.mx\/wp-content\/uploads\/2022\/10\/HIREFNAUR0441-0004.png","contentUrl":"https:\/\/hiref.com.mx\/wp-content\/uploads\/2022\/10\/HIREFNAUR0441-0004.png","width":800,"height":800},{"@type":"BreadcrumbList","@id":"https:\/\/hiref.com.mx\/index.php\/producto\/nrg\/#breadcrumb","itemListElement":[{"@type":"ListItem","position":1,"name":"Inicio","item":"https:\/\/hiref.com.mx\/"},{"@type":"ListItem","position":2,"name":"Tienda","item":"https:\/\/hiref.com.mx\/?page_id=240"},{"@type":"ListItem","position":3,"name":"NRG"}]},{"@type":"WebSite","@id":"https:\/\/hiref.com.mx\/#website","url":"https:\/\/hiref.com.mx\/","name":"HiRef","description":"Aire acondicionado de precisi\u00f3n para Data Center y Telecom","potentialAction":[{"@type":"SearchAction","target":{"@type":"EntryPoint","urlTemplate":"https:\/\/hiref.com.mx\/?s={search_term_string}"},"query-input":{"@type":"PropertyValueSpecification","valueRequired":true,"valueName":"search_term_string"}}],"inLanguage":"es"}]}},"_links":{"self":[{"href":"https:\/\/hiref.com.mx\/index.php\/wp-json\/wp\/v2\/product\/893","targetHints":{"allow":["GET"]}}],"collection":[{"href":"https:\/\/hiref.com.mx\/index.php\/wp-json\/wp\/v2\/product"}],"about":[{"href":"https:\/\/hiref.com.mx\/index.php\/wp-json\/wp\/v2\/types\/product"}],"version-history":[{"count":0,"href":"https:\/\/hiref.com.mx\/index.php\/wp-json\/wp\/v2\/product\/893\/revisions"}],"wp:featuredmedia":[{"embeddable":true,"href":"https:\/\/hiref.com.mx\/index.php\/wp-json\/wp\/v2\/media\/1781"}],"wp:attachment":[{"href":"https:\/\/hiref.com.mx\/index.php\/wp-json\/wp\/v2\/media?parent=893"}],"wp:term":[{"taxonomy":"product_brand","embeddable":true,"href":"https:\/\/hiref.com.mx\/index.php\/wp-json\/wp\/v2\/product_brand?post=893"},{"taxonomy":"product_cat","embeddable":true,"href":"https:\/\/hiref.com.mx\/index.php\/wp-json\/wp\/v2\/product_cat?post=893"},{"taxonomy":"product_tag","embeddable":true,"href":"https:\/\/hiref.com.mx\/index.php\/wp-json\/wp\/v2\/product_tag?post=893"}],"curies":[{"name":"wp","href":"https:\/\/api.w.org\/{rel}","templated":true}]}}