{"id":874,"date":"2022-10-17T01:28:02","date_gmt":"2022-10-17T01:28:02","guid":{"rendered":"http:\/\/hiref.com.mx\/?post_type=product&#038;p=874"},"modified":"2026-01-27T16:53:04","modified_gmt":"2026-01-27T16:53:04","slug":"tref","status":"publish","type":"product","link":"https:\/\/hiref.com.mx\/index.php\/producto\/tref\/","title":{"rendered":"TRF"},"content":{"rendered":"<p>Rango: 22.8-134.7 kW<\/p>\n<p>Aire acondicionado de precisi\u00f3n disponible en capacidades desde 7 hasta 38 TR de refrigeraci\u00f3n en expansi\u00f3n directa (DX). Cuenta con compresor scroll, refrigerante R410-A, humidificador, ventiladores EC, sensores de temperatura, display touch screen y control interno, con opciones para descarga por piso falso (downflow), descarga por arriba con o sin plenum superior (upflow) e inyecci\u00f3n directa (displacement). A partir de 10TR puede tener la opci\u00f3n de doble circuito de refrigeraci\u00f3n. Cuentan con la opci\u00f3n dual cooling y free cooling.<\/p>\n<p>Los TRF DX son acondicionadores de aire perimetrales de expansi\u00f3n directa con compresores scroll \u201con\/off\u201d, dise\u00f1ados para ser instalados en entornos tecnol\u00f3gicos de mediano o gran tama\u00f1o como salas de servidores, laboratorios o aplicaciones donde se requiera un control preciso de los par\u00e1metros termo-higrom\u00e9tricos y un funcionamiento continuo las 24 horas. El dise\u00f1o interno y la elecci\u00f3n de los componentes en estos AAP tienen como objetivo principal la eficiencia energ\u00e9tica, para optimizar el consumo el\u00e9ctrico general del sistema, en beneficio de la Efectividad del Uso de Energ\u00eda (PUE) del data center.<\/p>\n<p>Gracias a las diferentes configuraciones frigor\u00edficas disponibles, la gama TRF DX es adecuada para numerosas aplicaciones en el campo del acondicionamiento de centros de datos como aire condensaci\u00f3n con condensador remoto; condensaci\u00f3n de agua del dry cooler; condensaci\u00f3n agua de red (15\u00b0C); agua de condensaci\u00f3n y free-cooling indirecto de agua; condensaci\u00f3n por aire con condensador remoto y dual cooling; torre de refrigeraci\u00f3n agua de condensaci\u00f3n o dry cooler y dual cooling; o condensaci\u00f3n con agua de red (15\u00b0C) y dual cooling.<\/p>\n<p>Las unidades perimetrales refrigeradas por aire de la gama TRF son muy utilizadas en el campo de la refrigeraci\u00f3n de centros de datos. La soluci\u00f3n refrigerada por aire ofrece sencillez de sistema, dada la ausencia de otros circuitos y bombas auxiliares, sencillez de gesti\u00f3n ya que la gesti\u00f3n del circuito frigor\u00edfico se controla desde el armario y facilidad de instalaci\u00f3n tanto de la unidad interior como del condensador remoto.<\/p>\n","protected":false},"excerpt":{"rendered":"<p>Disponible en capacidades de 7 hasta 38 TR de refrigeraci\u00f3n en expansi\u00f3n directa (DX) y de 8 a 62 TR en agua helada (CW).<\/p>\n","protected":false},"featured_media":2005,"template":"","meta":[],"product_brand":[],"product_cat":[21,22,53,27,24,26,32,33],"product_tag":[],"class_list":{"0":"post-874","1":"product","2":"type-product","3":"status-publish","4":"has-post-thumbnail","6":"product_cat-sin-categorizar","7":"product_cat-hvac-para-data-center","8":"product_cat-dry-cooler","9":"product_cat-dual-cooling","10":"product_cat-expansion-directa","11":"product_cat-free-cooling","12":"product_cat-hiper-escala","13":"product_cat-perimetrales","15":"first","16":"instock","17":"shipping-taxable","18":"product-type-simple"},"acf":[],"yoast_head":"<!-- This site is optimized with the Yoast SEO plugin v25.8 - https:\/\/yoast.com\/wordpress\/plugins\/seo\/ -->\n<title>TRF - HiRef<\/title>\n<meta name=\"description\" content=\"Acondicionador de aire perimetral, para proyectos medianos o grandes, control de par\u00e1metros termo-higrom\u00e9tricos, funcionamiento 24 horas.\" \/>\n<meta name=\"robots\" content=\"index, follow, max-snippet:-1, max-image-preview:large, max-video-preview:-1\" \/>\n<link rel=\"canonical\" href=\"https:\/\/hiref.com.mx\/index.php\/producto\/tref\/\" \/>\n<meta property=\"og:locale\" content=\"es_MX\" \/>\n<meta property=\"og:type\" content=\"article\" \/>\n<meta property=\"og:title\" content=\"TRF - HiRef\" \/>\n<meta property=\"og:description\" content=\"Acondicionador de aire perimetral, para proyectos medianos o grandes, control de par\u00e1metros termo-higrom\u00e9tricos, funcionamiento 24 horas.\" \/>\n<meta property=\"og:url\" content=\"https:\/\/hiref.com.mx\/index.php\/producto\/tref\/\" \/>\n<meta property=\"og:site_name\" content=\"HiRef\" \/>\n<meta property=\"article:publisher\" content=\"https:\/\/www.facebook.com\/hirefmexico\" \/>\n<meta property=\"article:modified_time\" content=\"2026-01-27T16:53:04+00:00\" \/>\n<meta property=\"og:image\" content=\"https:\/\/hiref.com.mx\/wp-content\/uploads\/2022\/10\/TREF-1.png\" \/>\n\t<meta property=\"og:image:width\" content=\"800\" \/>\n\t<meta property=\"og:image:height\" content=\"800\" \/>\n\t<meta property=\"og:image:type\" content=\"image\/png\" \/>\n<meta name=\"twitter:card\" content=\"summary_large_image\" \/>\n<meta name=\"twitter:label1\" content=\"Tiempo de lectura\" \/>\n\t<meta name=\"twitter:data1\" content=\"2 minutos\" \/>\n<script type=\"application\/ld+json\" class=\"yoast-schema-graph\">{\"@context\":\"https:\/\/schema.org\",\"@graph\":[{\"@type\":\"WebPage\",\"@id\":\"https:\/\/hiref.com.mx\/index.php\/producto\/tref\/\",\"url\":\"https:\/\/hiref.com.mx\/index.php\/producto\/tref\/\",\"name\":\"TRF - HiRef\",\"isPartOf\":{\"@id\":\"https:\/\/hiref.com.mx\/#website\"},\"primaryImageOfPage\":{\"@id\":\"https:\/\/hiref.com.mx\/index.php\/producto\/tref\/#primaryimage\"},\"image\":{\"@id\":\"https:\/\/hiref.com.mx\/index.php\/producto\/tref\/#primaryimage\"},\"thumbnailUrl\":\"https:\/\/hiref.com.mx\/wp-content\/uploads\/2022\/10\/TREF-1.png\",\"datePublished\":\"2022-10-17T01:28:02+00:00\",\"dateModified\":\"2026-01-27T16:53:04+00:00\",\"description\":\"Acondicionador de aire perimetral, para proyectos medianos o grandes, control de par\u00e1metros termo-higrom\u00e9tricos, funcionamiento 24 horas.\",\"breadcrumb\":{\"@id\":\"https:\/\/hiref.com.mx\/index.php\/producto\/tref\/#breadcrumb\"},\"inLanguage\":\"es\",\"potentialAction\":[{\"@type\":\"ReadAction\",\"target\":[\"https:\/\/hiref.com.mx\/index.php\/producto\/tref\/\"]}]},{\"@type\":\"ImageObject\",\"inLanguage\":\"es\",\"@id\":\"https:\/\/hiref.com.mx\/index.php\/producto\/tref\/#primaryimage\",\"url\":\"https:\/\/hiref.com.mx\/wp-content\/uploads\/2022\/10\/TREF-1.png\",\"contentUrl\":\"https:\/\/hiref.com.mx\/wp-content\/uploads\/2022\/10\/TREF-1.png\",\"width\":800,\"height\":800},{\"@type\":\"BreadcrumbList\",\"@id\":\"https:\/\/hiref.com.mx\/index.php\/producto\/tref\/#breadcrumb\",\"itemListElement\":[{\"@type\":\"ListItem\",\"position\":1,\"name\":\"Inicio\",\"item\":\"https:\/\/hiref.com.mx\/\"},{\"@type\":\"ListItem\",\"position\":2,\"name\":\"Tienda\",\"item\":\"https:\/\/hiref.com.mx\/?page_id=240\"},{\"@type\":\"ListItem\",\"position\":3,\"name\":\"TRF\"}]},{\"@type\":\"WebSite\",\"@id\":\"https:\/\/hiref.com.mx\/#website\",\"url\":\"https:\/\/hiref.com.mx\/\",\"name\":\"HiRef\",\"description\":\"Aire acondicionado de precisi\u00f3n para Data Center y Telecom\",\"potentialAction\":[{\"@type\":\"SearchAction\",\"target\":{\"@type\":\"EntryPoint\",\"urlTemplate\":\"https:\/\/hiref.com.mx\/?s={search_term_string}\"},\"query-input\":{\"@type\":\"PropertyValueSpecification\",\"valueRequired\":true,\"valueName\":\"search_term_string\"}}],\"inLanguage\":\"es\"}]}<\/script>\n<!-- \/ Yoast SEO plugin. -->","yoast_head_json":{"title":"TRF - HiRef","description":"Acondicionador de aire perimetral, para proyectos medianos o grandes, control de par\u00e1metros termo-higrom\u00e9tricos, funcionamiento 24 horas.","robots":{"index":"index","follow":"follow","max-snippet":"max-snippet:-1","max-image-preview":"max-image-preview:large","max-video-preview":"max-video-preview:-1"},"canonical":"https:\/\/hiref.com.mx\/index.php\/producto\/tref\/","og_locale":"es_MX","og_type":"article","og_title":"TRF - HiRef","og_description":"Acondicionador de aire perimetral, para proyectos medianos o grandes, control de par\u00e1metros termo-higrom\u00e9tricos, funcionamiento 24 horas.","og_url":"https:\/\/hiref.com.mx\/index.php\/producto\/tref\/","og_site_name":"HiRef","article_publisher":"https:\/\/www.facebook.com\/hirefmexico","article_modified_time":"2026-01-27T16:53:04+00:00","og_image":[{"width":800,"height":800,"url":"https:\/\/hiref.com.mx\/wp-content\/uploads\/2022\/10\/TREF-1.png","type":"image\/png"}],"twitter_card":"summary_large_image","twitter_misc":{"Tiempo de lectura":"2 minutos"},"schema":{"@context":"https:\/\/schema.org","@graph":[{"@type":"WebPage","@id":"https:\/\/hiref.com.mx\/index.php\/producto\/tref\/","url":"https:\/\/hiref.com.mx\/index.php\/producto\/tref\/","name":"TRF - HiRef","isPartOf":{"@id":"https:\/\/hiref.com.mx\/#website"},"primaryImageOfPage":{"@id":"https:\/\/hiref.com.mx\/index.php\/producto\/tref\/#primaryimage"},"image":{"@id":"https:\/\/hiref.com.mx\/index.php\/producto\/tref\/#primaryimage"},"thumbnailUrl":"https:\/\/hiref.com.mx\/wp-content\/uploads\/2022\/10\/TREF-1.png","datePublished":"2022-10-17T01:28:02+00:00","dateModified":"2026-01-27T16:53:04+00:00","description":"Acondicionador de aire perimetral, para proyectos medianos o grandes, control de par\u00e1metros termo-higrom\u00e9tricos, funcionamiento 24 horas.","breadcrumb":{"@id":"https:\/\/hiref.com.mx\/index.php\/producto\/tref\/#breadcrumb"},"inLanguage":"es","potentialAction":[{"@type":"ReadAction","target":["https:\/\/hiref.com.mx\/index.php\/producto\/tref\/"]}]},{"@type":"ImageObject","inLanguage":"es","@id":"https:\/\/hiref.com.mx\/index.php\/producto\/tref\/#primaryimage","url":"https:\/\/hiref.com.mx\/wp-content\/uploads\/2022\/10\/TREF-1.png","contentUrl":"https:\/\/hiref.com.mx\/wp-content\/uploads\/2022\/10\/TREF-1.png","width":800,"height":800},{"@type":"BreadcrumbList","@id":"https:\/\/hiref.com.mx\/index.php\/producto\/tref\/#breadcrumb","itemListElement":[{"@type":"ListItem","position":1,"name":"Inicio","item":"https:\/\/hiref.com.mx\/"},{"@type":"ListItem","position":2,"name":"Tienda","item":"https:\/\/hiref.com.mx\/?page_id=240"},{"@type":"ListItem","position":3,"name":"TRF"}]},{"@type":"WebSite","@id":"https:\/\/hiref.com.mx\/#website","url":"https:\/\/hiref.com.mx\/","name":"HiRef","description":"Aire acondicionado de precisi\u00f3n para Data Center y Telecom","potentialAction":[{"@type":"SearchAction","target":{"@type":"EntryPoint","urlTemplate":"https:\/\/hiref.com.mx\/?s={search_term_string}"},"query-input":{"@type":"PropertyValueSpecification","valueRequired":true,"valueName":"search_term_string"}}],"inLanguage":"es"}]}},"_links":{"self":[{"href":"https:\/\/hiref.com.mx\/index.php\/wp-json\/wp\/v2\/product\/874","targetHints":{"allow":["GET"]}}],"collection":[{"href":"https:\/\/hiref.com.mx\/index.php\/wp-json\/wp\/v2\/product"}],"about":[{"href":"https:\/\/hiref.com.mx\/index.php\/wp-json\/wp\/v2\/types\/product"}],"version-history":[{"count":2,"href":"https:\/\/hiref.com.mx\/index.php\/wp-json\/wp\/v2\/product\/874\/revisions"}],"predecessor-version":[{"id":3579,"href":"https:\/\/hiref.com.mx\/index.php\/wp-json\/wp\/v2\/product\/874\/revisions\/3579"}],"wp:featuredmedia":[{"embeddable":true,"href":"https:\/\/hiref.com.mx\/index.php\/wp-json\/wp\/v2\/media\/2005"}],"wp:attachment":[{"href":"https:\/\/hiref.com.mx\/index.php\/wp-json\/wp\/v2\/media?parent=874"}],"wp:term":[{"taxonomy":"product_brand","embeddable":true,"href":"https:\/\/hiref.com.mx\/index.php\/wp-json\/wp\/v2\/product_brand?post=874"},{"taxonomy":"product_cat","embeddable":true,"href":"https:\/\/hiref.com.mx\/index.php\/wp-json\/wp\/v2\/product_cat?post=874"},{"taxonomy":"product_tag","embeddable":true,"href":"https:\/\/hiref.com.mx\/index.php\/wp-json\/wp\/v2\/product_tag?post=874"}],"curies":[{"name":"wp","href":"https:\/\/api.w.org\/{rel}","templated":true}]}}