{"id":851,"date":"2022-10-17T00:03:33","date_gmt":"2022-10-17T00:03:33","guid":{"rendered":"http:\/\/hiref.com.mx\/?post_type=product&#038;p=851"},"modified":"2023-07-04T00:29:43","modified_gmt":"2023-07-04T00:29:43","slug":"jref","status":"publish","type":"product","link":"https:\/\/hiref.com.mx\/index.php\/producto\/jref\/","title":{"rendered":"JREF"},"content":{"rendered":"<p>Rango: 6.5-24.4 kW<\/p>\n<p>Aire acondicionado de precisi\u00f3n, disponible en capacidades de 2 hasta 6 TR de refrigeraci\u00f3n en expansi\u00f3n directa (DX) y de 3 a 8 TR en agua helada (CW). Cuenta con compresor scroll. Utiliza refrigerante R410-A, con humidificador, ventiladores EC, display touch screen y control interno. Con opciones para descarga por piso falso (downflow), descarga por arriba con o sin plenum superior (upflow) e inyecci\u00f3n directa (displacement).<\/p>\n<p>Los equipos JREF DX A son unidades de expansi\u00f3n directa con ventiladores centr\u00edfugos AC dise\u00f1ados para ser instalados en peque\u00f1os entornos tecnol\u00f3gicos como salas de servidores, laboratorios o aplicaciones donde se requiera un control preciso de los par\u00e1metros termo-higrom\u00e9tricos y un funcionamiento continuo las 24 horas. La elecci\u00f3n de los componentes est\u00e1 dirigida ante todo a la compatibilidad para que la instalaci\u00f3n de la unidad sea lo m\u00e1s sencilla posible.<\/p>\n<p>La gama JREF DX est\u00e1 disponible con diferentes configuraciones de refrigeraci\u00f3n como refrigerado por aire con condensador remoto; condensaci\u00f3n de agua de torre de enfriamiento o dry cooler; condensaci\u00f3n agua de red (15\u00b0C)<\/p>\n<p>Estos AAP son muy utilizados en el campo de la refrigeraci\u00f3n de data centers. La soluci\u00f3n refrigerada por aire permite la sencillez del sistema, dada la ausencia de otros circuitos y bombas auxiliares, la gesti\u00f3n ya que la gesti\u00f3n del circuito frigor\u00edfico se controla desde el armario y la facilidad de instalaci\u00f3n tanto de la unidad interior como del condensador remoto.<\/p>\n","protected":false},"excerpt":{"rendered":"<p>Disponible en capacidades de 2 hasta 6 TR de refrigeraci\u00f3n en expansi\u00f3n directa (DX) y de 3 a 8 TR en agua helada.<\/p>\n","protected":false},"featured_media":1987,"template":"","meta":[],"product_brand":[],"product_cat":[40,25,22,53,24,26,33,31],"product_tag":[],"class_list":{"0":"post-851","1":"product","2":"type-product","3":"status-publish","4":"has-post-thumbnail","6":"product_cat-2tr","7":"product_cat-agua-helada","8":"product_cat-hvac-para-data-center","9":"product_cat-dry-cooler","10":"product_cat-expansion-directa","11":"product_cat-free-cooling","12":"product_cat-perimetrales","13":"product_cat-salas-pequenas","15":"first","16":"instock","17":"shipping-taxable","18":"product-type-simple"},"acf":[],"yoast_head":"<!-- This site is optimized with the Yoast SEO plugin v25.8 - https:\/\/yoast.com\/wordpress\/plugins\/seo\/ -->\n<title>JREF - HiRef<\/title>\n<meta name=\"robots\" content=\"index, follow, max-snippet:-1, max-image-preview:large, max-video-preview:-1\" \/>\n<link rel=\"canonical\" href=\"https:\/\/hiref.com.mx\/index.php\/producto\/jref\/\" \/>\n<meta property=\"og:locale\" content=\"es_MX\" \/>\n<meta property=\"og:type\" content=\"article\" \/>\n<meta property=\"og:title\" content=\"JREF - HiRef\" \/>\n<meta property=\"og:description\" content=\"Disponible en capacidades de 2 hasta 6 TR de refrigeraci\u00f3n en expansi\u00f3n directa (DX) y de 3 a 8 TR en agua helada.\" \/>\n<meta property=\"og:url\" content=\"https:\/\/hiref.com.mx\/index.php\/producto\/jref\/\" \/>\n<meta property=\"og:site_name\" content=\"HiRef\" \/>\n<meta property=\"article:publisher\" content=\"https:\/\/www.facebook.com\/hirefmexico\" \/>\n<meta property=\"article:modified_time\" content=\"2023-07-04T00:29:43+00:00\" \/>\n<meta property=\"og:image\" content=\"https:\/\/hiref.com.mx\/wp-content\/uploads\/2022\/10\/JREF-1.png\" \/>\n\t<meta property=\"og:image:width\" content=\"800\" \/>\n\t<meta property=\"og:image:height\" content=\"800\" \/>\n\t<meta property=\"og:image:type\" content=\"image\/png\" \/>\n<meta name=\"twitter:card\" content=\"summary_large_image\" \/>\n<meta name=\"twitter:label1\" content=\"Tiempo de lectura\" \/>\n\t<meta name=\"twitter:data1\" content=\"2 minutos\" \/>\n<script type=\"application\/ld+json\" class=\"yoast-schema-graph\">{\"@context\":\"https:\/\/schema.org\",\"@graph\":[{\"@type\":\"WebPage\",\"@id\":\"https:\/\/hiref.com.mx\/index.php\/producto\/jref\/\",\"url\":\"https:\/\/hiref.com.mx\/index.php\/producto\/jref\/\",\"name\":\"JREF - HiRef\",\"isPartOf\":{\"@id\":\"https:\/\/hiref.com.mx\/#website\"},\"primaryImageOfPage\":{\"@id\":\"https:\/\/hiref.com.mx\/index.php\/producto\/jref\/#primaryimage\"},\"image\":{\"@id\":\"https:\/\/hiref.com.mx\/index.php\/producto\/jref\/#primaryimage\"},\"thumbnailUrl\":\"https:\/\/hiref.com.mx\/wp-content\/uploads\/2022\/10\/JREF-1.png\",\"datePublished\":\"2022-10-17T00:03:33+00:00\",\"dateModified\":\"2023-07-04T00:29:43+00:00\",\"breadcrumb\":{\"@id\":\"https:\/\/hiref.com.mx\/index.php\/producto\/jref\/#breadcrumb\"},\"inLanguage\":\"es\",\"potentialAction\":[{\"@type\":\"ReadAction\",\"target\":[\"https:\/\/hiref.com.mx\/index.php\/producto\/jref\/\"]}]},{\"@type\":\"ImageObject\",\"inLanguage\":\"es\",\"@id\":\"https:\/\/hiref.com.mx\/index.php\/producto\/jref\/#primaryimage\",\"url\":\"https:\/\/hiref.com.mx\/wp-content\/uploads\/2022\/10\/JREF-1.png\",\"contentUrl\":\"https:\/\/hiref.com.mx\/wp-content\/uploads\/2022\/10\/JREF-1.png\",\"width\":800,\"height\":800},{\"@type\":\"BreadcrumbList\",\"@id\":\"https:\/\/hiref.com.mx\/index.php\/producto\/jref\/#breadcrumb\",\"itemListElement\":[{\"@type\":\"ListItem\",\"position\":1,\"name\":\"Inicio\",\"item\":\"https:\/\/hiref.com.mx\/\"},{\"@type\":\"ListItem\",\"position\":2,\"name\":\"Tienda\",\"item\":\"https:\/\/hiref.com.mx\/?page_id=240\"},{\"@type\":\"ListItem\",\"position\":3,\"name\":\"JREF\"}]},{\"@type\":\"WebSite\",\"@id\":\"https:\/\/hiref.com.mx\/#website\",\"url\":\"https:\/\/hiref.com.mx\/\",\"name\":\"HiRef\",\"description\":\"Aire acondicionado de precisi\u00f3n para Data Center y Telecom\",\"potentialAction\":[{\"@type\":\"SearchAction\",\"target\":{\"@type\":\"EntryPoint\",\"urlTemplate\":\"https:\/\/hiref.com.mx\/?s={search_term_string}\"},\"query-input\":{\"@type\":\"PropertyValueSpecification\",\"valueRequired\":true,\"valueName\":\"search_term_string\"}}],\"inLanguage\":\"es\"}]}<\/script>\n<!-- \/ Yoast SEO plugin. -->","yoast_head_json":{"title":"JREF - HiRef","robots":{"index":"index","follow":"follow","max-snippet":"max-snippet:-1","max-image-preview":"max-image-preview:large","max-video-preview":"max-video-preview:-1"},"canonical":"https:\/\/hiref.com.mx\/index.php\/producto\/jref\/","og_locale":"es_MX","og_type":"article","og_title":"JREF - HiRef","og_description":"Disponible en capacidades de 2 hasta 6 TR de refrigeraci\u00f3n en expansi\u00f3n directa (DX) y de 3 a 8 TR en agua helada.","og_url":"https:\/\/hiref.com.mx\/index.php\/producto\/jref\/","og_site_name":"HiRef","article_publisher":"https:\/\/www.facebook.com\/hirefmexico","article_modified_time":"2023-07-04T00:29:43+00:00","og_image":[{"width":800,"height":800,"url":"https:\/\/hiref.com.mx\/wp-content\/uploads\/2022\/10\/JREF-1.png","type":"image\/png"}],"twitter_card":"summary_large_image","twitter_misc":{"Tiempo de lectura":"2 minutos"},"schema":{"@context":"https:\/\/schema.org","@graph":[{"@type":"WebPage","@id":"https:\/\/hiref.com.mx\/index.php\/producto\/jref\/","url":"https:\/\/hiref.com.mx\/index.php\/producto\/jref\/","name":"JREF - HiRef","isPartOf":{"@id":"https:\/\/hiref.com.mx\/#website"},"primaryImageOfPage":{"@id":"https:\/\/hiref.com.mx\/index.php\/producto\/jref\/#primaryimage"},"image":{"@id":"https:\/\/hiref.com.mx\/index.php\/producto\/jref\/#primaryimage"},"thumbnailUrl":"https:\/\/hiref.com.mx\/wp-content\/uploads\/2022\/10\/JREF-1.png","datePublished":"2022-10-17T00:03:33+00:00","dateModified":"2023-07-04T00:29:43+00:00","breadcrumb":{"@id":"https:\/\/hiref.com.mx\/index.php\/producto\/jref\/#breadcrumb"},"inLanguage":"es","potentialAction":[{"@type":"ReadAction","target":["https:\/\/hiref.com.mx\/index.php\/producto\/jref\/"]}]},{"@type":"ImageObject","inLanguage":"es","@id":"https:\/\/hiref.com.mx\/index.php\/producto\/jref\/#primaryimage","url":"https:\/\/hiref.com.mx\/wp-content\/uploads\/2022\/10\/JREF-1.png","contentUrl":"https:\/\/hiref.com.mx\/wp-content\/uploads\/2022\/10\/JREF-1.png","width":800,"height":800},{"@type":"BreadcrumbList","@id":"https:\/\/hiref.com.mx\/index.php\/producto\/jref\/#breadcrumb","itemListElement":[{"@type":"ListItem","position":1,"name":"Inicio","item":"https:\/\/hiref.com.mx\/"},{"@type":"ListItem","position":2,"name":"Tienda","item":"https:\/\/hiref.com.mx\/?page_id=240"},{"@type":"ListItem","position":3,"name":"JREF"}]},{"@type":"WebSite","@id":"https:\/\/hiref.com.mx\/#website","url":"https:\/\/hiref.com.mx\/","name":"HiRef","description":"Aire acondicionado de precisi\u00f3n para Data Center y Telecom","potentialAction":[{"@type":"SearchAction","target":{"@type":"EntryPoint","urlTemplate":"https:\/\/hiref.com.mx\/?s={search_term_string}"},"query-input":{"@type":"PropertyValueSpecification","valueRequired":true,"valueName":"search_term_string"}}],"inLanguage":"es"}]}},"_links":{"self":[{"href":"https:\/\/hiref.com.mx\/index.php\/wp-json\/wp\/v2\/product\/851","targetHints":{"allow":["GET"]}}],"collection":[{"href":"https:\/\/hiref.com.mx\/index.php\/wp-json\/wp\/v2\/product"}],"about":[{"href":"https:\/\/hiref.com.mx\/index.php\/wp-json\/wp\/v2\/types\/product"}],"version-history":[{"count":0,"href":"https:\/\/hiref.com.mx\/index.php\/wp-json\/wp\/v2\/product\/851\/revisions"}],"wp:featuredmedia":[{"embeddable":true,"href":"https:\/\/hiref.com.mx\/index.php\/wp-json\/wp\/v2\/media\/1987"}],"wp:attachment":[{"href":"https:\/\/hiref.com.mx\/index.php\/wp-json\/wp\/v2\/media?parent=851"}],"wp:term":[{"taxonomy":"product_brand","embeddable":true,"href":"https:\/\/hiref.com.mx\/index.php\/wp-json\/wp\/v2\/product_brand?post=851"},{"taxonomy":"product_cat","embeddable":true,"href":"https:\/\/hiref.com.mx\/index.php\/wp-json\/wp\/v2\/product_cat?post=851"},{"taxonomy":"product_tag","embeddable":true,"href":"https:\/\/hiref.com.mx\/index.php\/wp-json\/wp\/v2\/product_tag?post=851"}],"curies":[{"name":"wp","href":"https:\/\/api.w.org\/{rel}","templated":true}]}}