{"id":494,"date":"2022-09-20T03:46:45","date_gmt":"2022-09-20T03:46:45","guid":{"rendered":"http:\/\/hiref.com.mx\/?post_type=product&#038;p=494"},"modified":"2023-07-04T00:29:04","modified_gmt":"2023-07-04T00:29:04","slug":"hts","status":"publish","type":"product","link":"https:\/\/hiref.com.mx\/index.php\/producto\/hts\/","title":{"rendered":"HTS"},"content":{"rendered":"<p>Rango: 2.9-40.7 kW<\/p>\n<p>Los aires acondicionados de precisi\u00f3n de la serie HTS son equipos espec\u00edficos para centrales telef\u00f3nicas y shelters. Dise\u00f1ados para instalaci\u00f3n en techo o pared, son aptos para la climatizaci\u00f3n en plantas donde el espacio interno es reducido o totalmente dedicado a equipos tecnol\u00f3gicos. La disposici\u00f3n racional de los componentes internos facilita la instalaci\u00f3n de estas unidades de AAP, tambi\u00e9n gracias a los numerosos accesorios disponibles, lo que hace que el HTS sea adecuado para diferentes configuraciones de data centers. Las unidades han sido cuidadosamente dise\u00f1adas desde el punto de vista termodin\u00e1mico y aer\u00e1ulico para garantizar la m\u00e1xima eficiencia energ\u00e9tica.<\/p>\n<p>&nbsp;<\/p>\n","protected":false},"excerpt":{"rendered":"<p>HTS (DX-CW): disponible en expansi\u00f3n directa (DX) y agua helada (CW)<\/p>\n<p>Capacidades de 2 hasta 10 TR de refrigeraci\u00f3n<\/p>\n","protected":false},"featured_media":1811,"template":"","meta":[],"product_brand":[],"product_cat":[44,40,41,43,24,26,35,31,23],"product_tag":[],"class_list":{"0":"post-494","1":"product","2":"type-product","3":"status-publish","4":"has-post-thumbnail","6":"product_cat-10tr","7":"product_cat-2tr","8":"product_cat-3tr","9":"product_cat-5tr","10":"product_cat-expansion-directa","11":"product_cat-free-cooling","12":"product_cat-indoor","13":"product_cat-salas-pequenas","14":"product_cat-telecom","16":"first","17":"instock","18":"shipping-taxable","19":"product-type-simple"},"acf":[],"yoast_head":"<!-- This site is optimized with the Yoast SEO plugin v25.8 - https:\/\/yoast.com\/wordpress\/plugins\/seo\/ -->\n<title>HTS - HiRef<\/title>\n<meta name=\"robots\" content=\"index, follow, max-snippet:-1, max-image-preview:large, max-video-preview:-1\" \/>\n<link rel=\"canonical\" href=\"https:\/\/hiref.com.mx\/index.php\/producto\/hts\/\" \/>\n<meta property=\"og:locale\" content=\"es_MX\" \/>\n<meta property=\"og:type\" content=\"article\" \/>\n<meta property=\"og:title\" content=\"HTS - HiRef\" \/>\n<meta property=\"og:description\" content=\"HTS (DX-CW): disponible en expansi\u00f3n directa (DX) y agua helada (CW)  Capacidades de 2 hasta 10 TR de refrigeraci\u00f3n\" \/>\n<meta property=\"og:url\" content=\"https:\/\/hiref.com.mx\/index.php\/producto\/hts\/\" \/>\n<meta property=\"og:site_name\" content=\"HiRef\" \/>\n<meta property=\"article:publisher\" content=\"https:\/\/www.facebook.com\/hirefmexico\" \/>\n<meta property=\"article:modified_time\" content=\"2023-07-04T00:29:04+00:00\" \/>\n<meta property=\"og:image\" content=\"https:\/\/hiref.com.mx\/wp-content\/uploads\/2022\/09\/HIREFHTI0073WM-CM28FC29-0002.png\" \/>\n\t<meta property=\"og:image:width\" content=\"800\" \/>\n\t<meta property=\"og:image:height\" content=\"800\" \/>\n\t<meta property=\"og:image:type\" content=\"image\/png\" \/>\n<meta name=\"twitter:card\" content=\"summary_large_image\" \/>\n<meta name=\"twitter:label1\" content=\"Tiempo de lectura\" \/>\n\t<meta name=\"twitter:data1\" content=\"1 minuto\" \/>\n<script type=\"application\/ld+json\" class=\"yoast-schema-graph\">{\"@context\":\"https:\/\/schema.org\",\"@graph\":[{\"@type\":\"WebPage\",\"@id\":\"https:\/\/hiref.com.mx\/index.php\/producto\/hts\/\",\"url\":\"https:\/\/hiref.com.mx\/index.php\/producto\/hts\/\",\"name\":\"HTS - HiRef\",\"isPartOf\":{\"@id\":\"https:\/\/hiref.com.mx\/#website\"},\"primaryImageOfPage\":{\"@id\":\"https:\/\/hiref.com.mx\/index.php\/producto\/hts\/#primaryimage\"},\"image\":{\"@id\":\"https:\/\/hiref.com.mx\/index.php\/producto\/hts\/#primaryimage\"},\"thumbnailUrl\":\"https:\/\/hiref.com.mx\/wp-content\/uploads\/2022\/09\/HIREFHTI0073WM-CM28FC29-0002.png\",\"datePublished\":\"2022-09-20T03:46:45+00:00\",\"dateModified\":\"2023-07-04T00:29:04+00:00\",\"breadcrumb\":{\"@id\":\"https:\/\/hiref.com.mx\/index.php\/producto\/hts\/#breadcrumb\"},\"inLanguage\":\"es\",\"potentialAction\":[{\"@type\":\"ReadAction\",\"target\":[\"https:\/\/hiref.com.mx\/index.php\/producto\/hts\/\"]}]},{\"@type\":\"ImageObject\",\"inLanguage\":\"es\",\"@id\":\"https:\/\/hiref.com.mx\/index.php\/producto\/hts\/#primaryimage\",\"url\":\"https:\/\/hiref.com.mx\/wp-content\/uploads\/2022\/09\/HIREFHTI0073WM-CM28FC29-0002.png\",\"contentUrl\":\"https:\/\/hiref.com.mx\/wp-content\/uploads\/2022\/09\/HIREFHTI0073WM-CM28FC29-0002.png\",\"width\":800,\"height\":800},{\"@type\":\"BreadcrumbList\",\"@id\":\"https:\/\/hiref.com.mx\/index.php\/producto\/hts\/#breadcrumb\",\"itemListElement\":[{\"@type\":\"ListItem\",\"position\":1,\"name\":\"Inicio\",\"item\":\"https:\/\/hiref.com.mx\/\"},{\"@type\":\"ListItem\",\"position\":2,\"name\":\"Tienda\",\"item\":\"https:\/\/hiref.com.mx\/?page_id=240\"},{\"@type\":\"ListItem\",\"position\":3,\"name\":\"HTS\"}]},{\"@type\":\"WebSite\",\"@id\":\"https:\/\/hiref.com.mx\/#website\",\"url\":\"https:\/\/hiref.com.mx\/\",\"name\":\"HiRef\",\"description\":\"Aire acondicionado de precisi\u00f3n para Data Center y Telecom\",\"potentialAction\":[{\"@type\":\"SearchAction\",\"target\":{\"@type\":\"EntryPoint\",\"urlTemplate\":\"https:\/\/hiref.com.mx\/?s={search_term_string}\"},\"query-input\":{\"@type\":\"PropertyValueSpecification\",\"valueRequired\":true,\"valueName\":\"search_term_string\"}}],\"inLanguage\":\"es\"}]}<\/script>\n<!-- \/ Yoast SEO plugin. -->","yoast_head_json":{"title":"HTS - HiRef","robots":{"index":"index","follow":"follow","max-snippet":"max-snippet:-1","max-image-preview":"max-image-preview:large","max-video-preview":"max-video-preview:-1"},"canonical":"https:\/\/hiref.com.mx\/index.php\/producto\/hts\/","og_locale":"es_MX","og_type":"article","og_title":"HTS - HiRef","og_description":"HTS (DX-CW): disponible en expansi\u00f3n directa (DX) y agua helada (CW)  Capacidades de 2 hasta 10 TR de refrigeraci\u00f3n","og_url":"https:\/\/hiref.com.mx\/index.php\/producto\/hts\/","og_site_name":"HiRef","article_publisher":"https:\/\/www.facebook.com\/hirefmexico","article_modified_time":"2023-07-04T00:29:04+00:00","og_image":[{"width":800,"height":800,"url":"https:\/\/hiref.com.mx\/wp-content\/uploads\/2022\/09\/HIREFHTI0073WM-CM28FC29-0002.png","type":"image\/png"}],"twitter_card":"summary_large_image","twitter_misc":{"Tiempo de lectura":"1 minuto"},"schema":{"@context":"https:\/\/schema.org","@graph":[{"@type":"WebPage","@id":"https:\/\/hiref.com.mx\/index.php\/producto\/hts\/","url":"https:\/\/hiref.com.mx\/index.php\/producto\/hts\/","name":"HTS - HiRef","isPartOf":{"@id":"https:\/\/hiref.com.mx\/#website"},"primaryImageOfPage":{"@id":"https:\/\/hiref.com.mx\/index.php\/producto\/hts\/#primaryimage"},"image":{"@id":"https:\/\/hiref.com.mx\/index.php\/producto\/hts\/#primaryimage"},"thumbnailUrl":"https:\/\/hiref.com.mx\/wp-content\/uploads\/2022\/09\/HIREFHTI0073WM-CM28FC29-0002.png","datePublished":"2022-09-20T03:46:45+00:00","dateModified":"2023-07-04T00:29:04+00:00","breadcrumb":{"@id":"https:\/\/hiref.com.mx\/index.php\/producto\/hts\/#breadcrumb"},"inLanguage":"es","potentialAction":[{"@type":"ReadAction","target":["https:\/\/hiref.com.mx\/index.php\/producto\/hts\/"]}]},{"@type":"ImageObject","inLanguage":"es","@id":"https:\/\/hiref.com.mx\/index.php\/producto\/hts\/#primaryimage","url":"https:\/\/hiref.com.mx\/wp-content\/uploads\/2022\/09\/HIREFHTI0073WM-CM28FC29-0002.png","contentUrl":"https:\/\/hiref.com.mx\/wp-content\/uploads\/2022\/09\/HIREFHTI0073WM-CM28FC29-0002.png","width":800,"height":800},{"@type":"BreadcrumbList","@id":"https:\/\/hiref.com.mx\/index.php\/producto\/hts\/#breadcrumb","itemListElement":[{"@type":"ListItem","position":1,"name":"Inicio","item":"https:\/\/hiref.com.mx\/"},{"@type":"ListItem","position":2,"name":"Tienda","item":"https:\/\/hiref.com.mx\/?page_id=240"},{"@type":"ListItem","position":3,"name":"HTS"}]},{"@type":"WebSite","@id":"https:\/\/hiref.com.mx\/#website","url":"https:\/\/hiref.com.mx\/","name":"HiRef","description":"Aire acondicionado de precisi\u00f3n para Data Center y Telecom","potentialAction":[{"@type":"SearchAction","target":{"@type":"EntryPoint","urlTemplate":"https:\/\/hiref.com.mx\/?s={search_term_string}"},"query-input":{"@type":"PropertyValueSpecification","valueRequired":true,"valueName":"search_term_string"}}],"inLanguage":"es"}]}},"_links":{"self":[{"href":"https:\/\/hiref.com.mx\/index.php\/wp-json\/wp\/v2\/product\/494","targetHints":{"allow":["GET"]}}],"collection":[{"href":"https:\/\/hiref.com.mx\/index.php\/wp-json\/wp\/v2\/product"}],"about":[{"href":"https:\/\/hiref.com.mx\/index.php\/wp-json\/wp\/v2\/types\/product"}],"version-history":[{"count":0,"href":"https:\/\/hiref.com.mx\/index.php\/wp-json\/wp\/v2\/product\/494\/revisions"}],"wp:featuredmedia":[{"embeddable":true,"href":"https:\/\/hiref.com.mx\/index.php\/wp-json\/wp\/v2\/media\/1811"}],"wp:attachment":[{"href":"https:\/\/hiref.com.mx\/index.php\/wp-json\/wp\/v2\/media?parent=494"}],"wp:term":[{"taxonomy":"product_brand","embeddable":true,"href":"https:\/\/hiref.com.mx\/index.php\/wp-json\/wp\/v2\/product_brand?post=494"},{"taxonomy":"product_cat","embeddable":true,"href":"https:\/\/hiref.com.mx\/index.php\/wp-json\/wp\/v2\/product_cat?post=494"},{"taxonomy":"product_tag","embeddable":true,"href":"https:\/\/hiref.com.mx\/index.php\/wp-json\/wp\/v2\/product_tag?post=494"}],"curies":[{"name":"wp","href":"https:\/\/api.w.org\/{rel}","templated":true}]}}