{"id":3671,"date":"2026-03-03T23:19:25","date_gmt":"2026-03-03T23:19:25","guid":{"rendered":"https:\/\/hiref.com.mx\/?post_type=product&#038;p=3671"},"modified":"2026-03-03T23:19:25","modified_gmt":"2026-03-03T23:19:25","slug":"nts","status":"publish","type":"product","link":"https:\/\/hiref.com.mx\/index.php\/producto\/nts\/","title":{"rendered":"NTS"},"content":{"rendered":"<p>Los acondicionadores de aire de la serie NTS son unidades espec\u00edficas para centrales telef\u00f3nicas y shelters. Dise\u00f1adas\u00a0<strong>para la instalaci\u00f3n en techos o paredes,<\/strong>\u00a0son aptas para el acondicionamiento del aire en centrales con poco espacio interior o totalmente dedicado a los equipos tecnol\u00f3gicos. La disposici\u00f3n racional de los componentes internos<strong>\u00a0facilita la instalaci\u00f3n d<\/strong>e las unidades, incluso gracias a los numerosos accesorios disponibles,<strong>\u00a0<\/strong>haciendo que las NTS\u00a0<strong>sean aptas para diferentes configuraciones de shelters.<\/strong>\u00a0Las unidades han sido dise\u00f1adas cuidadosamente desde el punto de vista\u00a0<strong>termodin\u00e1mico y aer\u00e1ulico\u00a0<\/strong>para garantizar\u00a0<strong>la m\u00e1xima eficiencia energ\u00e9tica.<\/strong><\/p>\n","protected":false},"excerpt":{"rendered":"<p>Los acondicionadores de aire de la serie NTS son unidades espec\u00edficas para centrales telef\u00f3nicas y shelters para instalaci\u00f3n en techos o paredes,<\/p>\n","protected":false},"featured_media":3684,"template":"","meta":[],"product_brand":[],"product_cat":[30,26,23],"product_tag":[],"class_list":{"0":"post-3671","1":"product","2":"type-product","3":"status-publish","4":"has-post-thumbnail","6":"product_cat-chillers-y-minichillers","7":"product_cat-free-cooling","8":"product_cat-telecom","10":"first","11":"instock","12":"shipping-taxable","13":"product-type-simple"},"acf":[],"yoast_head":"<!-- This site is optimized with the Yoast SEO plugin v25.8 - https:\/\/yoast.com\/wordpress\/plugins\/seo\/ -->\n<title>NTS - HiRef<\/title>\n<meta name=\"description\" content=\"Los acondicionadores de aire de la serie NTS son unidades espec\u00edficas para centrales telef\u00f3nicas y shelters para instalaci\u00f3n en techos o paredes,\" \/>\n<meta name=\"robots\" content=\"index, follow, max-snippet:-1, max-image-preview:large, max-video-preview:-1\" \/>\n<link rel=\"canonical\" href=\"https:\/\/hiref.com.mx\/index.php\/producto\/nts\/\" \/>\n<meta property=\"og:locale\" content=\"es_MX\" \/>\n<meta property=\"og:type\" content=\"article\" \/>\n<meta property=\"og:title\" content=\"NTS - HiRef\" \/>\n<meta property=\"og:description\" content=\"Los acondicionadores de aire de la serie NTS son unidades espec\u00edficas para centrales telef\u00f3nicas y shelters para instalaci\u00f3n en techos o paredes,\" \/>\n<meta property=\"og:url\" content=\"https:\/\/hiref.com.mx\/index.php\/producto\/nts\/\" \/>\n<meta property=\"og:site_name\" content=\"HiRef\" \/>\n<meta property=\"article:publisher\" content=\"https:\/\/www.facebook.com\/hirefmexico\" \/>\n<meta property=\"og:image\" content=\"https:\/\/hiref.com.mx\/wp-content\/uploads\/2026\/03\/NTS_1.png\" \/>\n\t<meta property=\"og:image:width\" content=\"889\" \/>\n\t<meta property=\"og:image:height\" content=\"800\" \/>\n\t<meta property=\"og:image:type\" content=\"image\/png\" \/>\n<meta name=\"twitter:card\" content=\"summary_large_image\" \/>\n<meta name=\"twitter:label1\" content=\"Tiempo de lectura\" \/>\n\t<meta name=\"twitter:data1\" content=\"1 minuto\" \/>\n<script type=\"application\/ld+json\" class=\"yoast-schema-graph\">{\"@context\":\"https:\/\/schema.org\",\"@graph\":[{\"@type\":\"WebPage\",\"@id\":\"https:\/\/hiref.com.mx\/index.php\/producto\/nts\/\",\"url\":\"https:\/\/hiref.com.mx\/index.php\/producto\/nts\/\",\"name\":\"NTS - HiRef\",\"isPartOf\":{\"@id\":\"https:\/\/hiref.com.mx\/#website\"},\"primaryImageOfPage\":{\"@id\":\"https:\/\/hiref.com.mx\/index.php\/producto\/nts\/#primaryimage\"},\"image\":{\"@id\":\"https:\/\/hiref.com.mx\/index.php\/producto\/nts\/#primaryimage\"},\"thumbnailUrl\":\"https:\/\/hiref.com.mx\/wp-content\/uploads\/2026\/03\/NTS_1.png\",\"datePublished\":\"2026-03-03T23:19:25+00:00\",\"description\":\"Los acondicionadores de aire de la serie NTS son unidades espec\u00edficas para centrales telef\u00f3nicas y shelters para instalaci\u00f3n en techos o paredes,\",\"breadcrumb\":{\"@id\":\"https:\/\/hiref.com.mx\/index.php\/producto\/nts\/#breadcrumb\"},\"inLanguage\":\"es\",\"potentialAction\":[{\"@type\":\"ReadAction\",\"target\":[\"https:\/\/hiref.com.mx\/index.php\/producto\/nts\/\"]}]},{\"@type\":\"ImageObject\",\"inLanguage\":\"es\",\"@id\":\"https:\/\/hiref.com.mx\/index.php\/producto\/nts\/#primaryimage\",\"url\":\"https:\/\/hiref.com.mx\/wp-content\/uploads\/2026\/03\/NTS_1.png\",\"contentUrl\":\"https:\/\/hiref.com.mx\/wp-content\/uploads\/2026\/03\/NTS_1.png\",\"width\":889,\"height\":800},{\"@type\":\"BreadcrumbList\",\"@id\":\"https:\/\/hiref.com.mx\/index.php\/producto\/nts\/#breadcrumb\",\"itemListElement\":[{\"@type\":\"ListItem\",\"position\":1,\"name\":\"Inicio\",\"item\":\"https:\/\/hiref.com.mx\/\"},{\"@type\":\"ListItem\",\"position\":2,\"name\":\"Tienda\",\"item\":\"https:\/\/hiref.com.mx\/?page_id=240\"},{\"@type\":\"ListItem\",\"position\":3,\"name\":\"NTS\"}]},{\"@type\":\"WebSite\",\"@id\":\"https:\/\/hiref.com.mx\/#website\",\"url\":\"https:\/\/hiref.com.mx\/\",\"name\":\"HiRef\",\"description\":\"Aire acondicionado de precisi\u00f3n para Data Center y Telecom\",\"potentialAction\":[{\"@type\":\"SearchAction\",\"target\":{\"@type\":\"EntryPoint\",\"urlTemplate\":\"https:\/\/hiref.com.mx\/?s={search_term_string}\"},\"query-input\":{\"@type\":\"PropertyValueSpecification\",\"valueRequired\":true,\"valueName\":\"search_term_string\"}}],\"inLanguage\":\"es\"}]}<\/script>\n<!-- \/ Yoast SEO plugin. -->","yoast_head_json":{"title":"NTS - HiRef","description":"Los acondicionadores de aire de la serie NTS son unidades espec\u00edficas para centrales telef\u00f3nicas y shelters para instalaci\u00f3n en techos o paredes,","robots":{"index":"index","follow":"follow","max-snippet":"max-snippet:-1","max-image-preview":"max-image-preview:large","max-video-preview":"max-video-preview:-1"},"canonical":"https:\/\/hiref.com.mx\/index.php\/producto\/nts\/","og_locale":"es_MX","og_type":"article","og_title":"NTS - HiRef","og_description":"Los acondicionadores de aire de la serie NTS son unidades espec\u00edficas para centrales telef\u00f3nicas y shelters para instalaci\u00f3n en techos o paredes,","og_url":"https:\/\/hiref.com.mx\/index.php\/producto\/nts\/","og_site_name":"HiRef","article_publisher":"https:\/\/www.facebook.com\/hirefmexico","og_image":[{"width":889,"height":800,"url":"https:\/\/hiref.com.mx\/wp-content\/uploads\/2026\/03\/NTS_1.png","type":"image\/png"}],"twitter_card":"summary_large_image","twitter_misc":{"Tiempo de lectura":"1 minuto"},"schema":{"@context":"https:\/\/schema.org","@graph":[{"@type":"WebPage","@id":"https:\/\/hiref.com.mx\/index.php\/producto\/nts\/","url":"https:\/\/hiref.com.mx\/index.php\/producto\/nts\/","name":"NTS - HiRef","isPartOf":{"@id":"https:\/\/hiref.com.mx\/#website"},"primaryImageOfPage":{"@id":"https:\/\/hiref.com.mx\/index.php\/producto\/nts\/#primaryimage"},"image":{"@id":"https:\/\/hiref.com.mx\/index.php\/producto\/nts\/#primaryimage"},"thumbnailUrl":"https:\/\/hiref.com.mx\/wp-content\/uploads\/2026\/03\/NTS_1.png","datePublished":"2026-03-03T23:19:25+00:00","description":"Los acondicionadores de aire de la serie NTS son unidades espec\u00edficas para centrales telef\u00f3nicas y shelters para instalaci\u00f3n en techos o paredes,","breadcrumb":{"@id":"https:\/\/hiref.com.mx\/index.php\/producto\/nts\/#breadcrumb"},"inLanguage":"es","potentialAction":[{"@type":"ReadAction","target":["https:\/\/hiref.com.mx\/index.php\/producto\/nts\/"]}]},{"@type":"ImageObject","inLanguage":"es","@id":"https:\/\/hiref.com.mx\/index.php\/producto\/nts\/#primaryimage","url":"https:\/\/hiref.com.mx\/wp-content\/uploads\/2026\/03\/NTS_1.png","contentUrl":"https:\/\/hiref.com.mx\/wp-content\/uploads\/2026\/03\/NTS_1.png","width":889,"height":800},{"@type":"BreadcrumbList","@id":"https:\/\/hiref.com.mx\/index.php\/producto\/nts\/#breadcrumb","itemListElement":[{"@type":"ListItem","position":1,"name":"Inicio","item":"https:\/\/hiref.com.mx\/"},{"@type":"ListItem","position":2,"name":"Tienda","item":"https:\/\/hiref.com.mx\/?page_id=240"},{"@type":"ListItem","position":3,"name":"NTS"}]},{"@type":"WebSite","@id":"https:\/\/hiref.com.mx\/#website","url":"https:\/\/hiref.com.mx\/","name":"HiRef","description":"Aire acondicionado de precisi\u00f3n para Data Center y Telecom","potentialAction":[{"@type":"SearchAction","target":{"@type":"EntryPoint","urlTemplate":"https:\/\/hiref.com.mx\/?s={search_term_string}"},"query-input":{"@type":"PropertyValueSpecification","valueRequired":true,"valueName":"search_term_string"}}],"inLanguage":"es"}]}},"_links":{"self":[{"href":"https:\/\/hiref.com.mx\/index.php\/wp-json\/wp\/v2\/product\/3671","targetHints":{"allow":["GET"]}}],"collection":[{"href":"https:\/\/hiref.com.mx\/index.php\/wp-json\/wp\/v2\/product"}],"about":[{"href":"https:\/\/hiref.com.mx\/index.php\/wp-json\/wp\/v2\/types\/product"}],"version-history":[{"count":1,"href":"https:\/\/hiref.com.mx\/index.php\/wp-json\/wp\/v2\/product\/3671\/revisions"}],"predecessor-version":[{"id":3686,"href":"https:\/\/hiref.com.mx\/index.php\/wp-json\/wp\/v2\/product\/3671\/revisions\/3686"}],"wp:featuredmedia":[{"embeddable":true,"href":"https:\/\/hiref.com.mx\/index.php\/wp-json\/wp\/v2\/media\/3684"}],"wp:attachment":[{"href":"https:\/\/hiref.com.mx\/index.php\/wp-json\/wp\/v2\/media?parent=3671"}],"wp:term":[{"taxonomy":"product_brand","embeddable":true,"href":"https:\/\/hiref.com.mx\/index.php\/wp-json\/wp\/v2\/product_brand?post=3671"},{"taxonomy":"product_cat","embeddable":true,"href":"https:\/\/hiref.com.mx\/index.php\/wp-json\/wp\/v2\/product_cat?post=3671"},{"taxonomy":"product_tag","embeddable":true,"href":"https:\/\/hiref.com.mx\/index.php\/wp-json\/wp\/v2\/product_tag?post=3671"}],"curies":[{"name":"wp","href":"https:\/\/api.w.org\/{rel}","templated":true}]}}