{"id":3664,"date":"2026-03-03T22:57:32","date_gmt":"2026-03-03T22:57:32","guid":{"rendered":"https:\/\/hiref.com.mx\/?post_type=product&#038;p=3664"},"modified":"2026-03-03T23:05:05","modified_gmt":"2026-03-03T23:05:05","slug":"tas","status":"publish","type":"product","link":"https:\/\/hiref.com.mx\/index.php\/producto\/tas\/","title":{"rendered":"TAS"},"content":{"rendered":"<p>TAS es la gama de enfriadoras de l\u00edquido y bombas de calor condensadas por aire con compresores Scroll. Disponible en tres versiones diferentes, enfriadoras, enfriadoras Free-Cooling y bomba de calor reversible y en numerosos tama\u00f1os de potencia que\u00a0<strong>hacen que estas unidades sean muy vers\u00e1tiles en los diferentes contextos de instalaci\u00f3n<\/strong>. El tama\u00f1o y la selecci\u00f3n de cada componente est\u00e1n destinados a reducir el consumo de energ\u00eda con una perspectiva de ahorro energ\u00e9tico no solo de una sola m\u00e1quina frigor\u00edfica sino de todo el sistema. La unidad es adecuada para ser instalada en los entornos donde\u00a0<strong>es fundamental minimizar las emisiones ac\u00fasticas<\/strong>; de hecho,\u00a0<strong>hay disponibles tres equipamientos de insonorizaci\u00f3n<\/strong>. Las configuraciones disponibles para el circuito frigor\u00edfico son:<\/p>\n<p><strong>EFFICIENCY PACK 1:\u00a0<\/strong>Unidad con dos compresores y dos circuitos, para un sistema con mayor redundancia.<\/p>\n<p><strong>EFFICIENCY PACK 2:\u00a0<\/strong>dos compresores (t\u00e1ndem) en un circuito, para una mayor eficiencia con cargas parciales.<\/p>\n<p><strong>EFFICIENCY PACK 4:\u00a0<\/strong>Cuatro compresores (doble t\u00e1ndem) en dos circuitos, para un sistema redundante y eficiente con carga reducida.<\/p>\n","protected":false},"excerpt":{"rendered":"<p>TAS es la gama de enfriadoras de l\u00edquido y bombas de calor condensadas por aire con compresores Scroll. Disponible en tres versiones diferentes, enfriadoras, enfriadoras Free-Cooling y bomba de calor reversible y en numerosos tama\u00f1os de potencia<\/p>\n","protected":false},"featured_media":3669,"template":"","meta":[],"product_brand":[],"product_cat":[25,30,36],"product_tag":[],"class_list":{"0":"post-3664","1":"product","2":"type-product","3":"status-publish","4":"has-post-thumbnail","6":"product_cat-agua-helada","7":"product_cat-chillers-y-minichillers","8":"product_cat-outdoor","10":"first","11":"instock","12":"shipping-taxable","13":"product-type-simple"},"acf":[],"yoast_head":"<!-- This site is optimized with the Yoast SEO plugin v25.8 - https:\/\/yoast.com\/wordpress\/plugins\/seo\/ -->\n<title>TAS - HiRef<\/title>\n<meta name=\"description\" content=\"tres versiones diferentes, enfriadoras, enfriadoras Free-Cooling y bomba de calor reversible y en numerosos tama\u00f1os de potencia\" \/>\n<meta name=\"robots\" content=\"index, follow, max-snippet:-1, max-image-preview:large, max-video-preview:-1\" \/>\n<link rel=\"canonical\" href=\"https:\/\/hiref.com.mx\/index.php\/producto\/tas\/\" \/>\n<meta property=\"og:locale\" content=\"es_MX\" \/>\n<meta property=\"og:type\" content=\"article\" \/>\n<meta property=\"og:title\" content=\"TAS - HiRef\" \/>\n<meta property=\"og:description\" content=\"tres versiones diferentes, enfriadoras, enfriadoras Free-Cooling y bomba de calor reversible y en numerosos tama\u00f1os de potencia\" \/>\n<meta property=\"og:url\" content=\"https:\/\/hiref.com.mx\/index.php\/producto\/tas\/\" \/>\n<meta property=\"og:site_name\" content=\"HiRef\" \/>\n<meta property=\"article:publisher\" content=\"https:\/\/www.facebook.com\/hirefmexico\" \/>\n<meta property=\"article:modified_time\" content=\"2026-03-03T23:05:05+00:00\" \/>\n<meta property=\"og:image\" content=\"https:\/\/hiref.com.mx\/wp-content\/uploads\/2026\/03\/TAS_1.png\" \/>\n\t<meta property=\"og:image:width\" content=\"754\" \/>\n\t<meta property=\"og:image:height\" content=\"800\" \/>\n\t<meta property=\"og:image:type\" content=\"image\/png\" \/>\n<meta name=\"twitter:card\" content=\"summary_large_image\" \/>\n<meta name=\"twitter:label1\" content=\"Tiempo de lectura\" \/>\n\t<meta name=\"twitter:data1\" content=\"1 minuto\" \/>\n<script type=\"application\/ld+json\" class=\"yoast-schema-graph\">{\"@context\":\"https:\/\/schema.org\",\"@graph\":[{\"@type\":\"WebPage\",\"@id\":\"https:\/\/hiref.com.mx\/index.php\/producto\/tas\/\",\"url\":\"https:\/\/hiref.com.mx\/index.php\/producto\/tas\/\",\"name\":\"TAS - HiRef\",\"isPartOf\":{\"@id\":\"https:\/\/hiref.com.mx\/#website\"},\"primaryImageOfPage\":{\"@id\":\"https:\/\/hiref.com.mx\/index.php\/producto\/tas\/#primaryimage\"},\"image\":{\"@id\":\"https:\/\/hiref.com.mx\/index.php\/producto\/tas\/#primaryimage\"},\"thumbnailUrl\":\"https:\/\/hiref.com.mx\/wp-content\/uploads\/2026\/03\/TAS_1.png\",\"datePublished\":\"2026-03-03T22:57:32+00:00\",\"dateModified\":\"2026-03-03T23:05:05+00:00\",\"description\":\"tres versiones diferentes, enfriadoras, enfriadoras Free-Cooling y bomba de calor reversible y en numerosos tama\u00f1os de potencia\",\"breadcrumb\":{\"@id\":\"https:\/\/hiref.com.mx\/index.php\/producto\/tas\/#breadcrumb\"},\"inLanguage\":\"es\",\"potentialAction\":[{\"@type\":\"ReadAction\",\"target\":[\"https:\/\/hiref.com.mx\/index.php\/producto\/tas\/\"]}]},{\"@type\":\"ImageObject\",\"inLanguage\":\"es\",\"@id\":\"https:\/\/hiref.com.mx\/index.php\/producto\/tas\/#primaryimage\",\"url\":\"https:\/\/hiref.com.mx\/wp-content\/uploads\/2026\/03\/TAS_1.png\",\"contentUrl\":\"https:\/\/hiref.com.mx\/wp-content\/uploads\/2026\/03\/TAS_1.png\",\"width\":754,\"height\":800},{\"@type\":\"BreadcrumbList\",\"@id\":\"https:\/\/hiref.com.mx\/index.php\/producto\/tas\/#breadcrumb\",\"itemListElement\":[{\"@type\":\"ListItem\",\"position\":1,\"name\":\"Inicio\",\"item\":\"https:\/\/hiref.com.mx\/\"},{\"@type\":\"ListItem\",\"position\":2,\"name\":\"Tienda\",\"item\":\"https:\/\/hiref.com.mx\/?page_id=240\"},{\"@type\":\"ListItem\",\"position\":3,\"name\":\"TAS\"}]},{\"@type\":\"WebSite\",\"@id\":\"https:\/\/hiref.com.mx\/#website\",\"url\":\"https:\/\/hiref.com.mx\/\",\"name\":\"HiRef\",\"description\":\"Aire acondicionado de precisi\u00f3n para Data Center y Telecom\",\"potentialAction\":[{\"@type\":\"SearchAction\",\"target\":{\"@type\":\"EntryPoint\",\"urlTemplate\":\"https:\/\/hiref.com.mx\/?s={search_term_string}\"},\"query-input\":{\"@type\":\"PropertyValueSpecification\",\"valueRequired\":true,\"valueName\":\"search_term_string\"}}],\"inLanguage\":\"es\"}]}<\/script>\n<!-- \/ Yoast SEO plugin. -->","yoast_head_json":{"title":"TAS - HiRef","description":"tres versiones diferentes, enfriadoras, enfriadoras Free-Cooling y bomba de calor reversible y en numerosos tama\u00f1os de potencia","robots":{"index":"index","follow":"follow","max-snippet":"max-snippet:-1","max-image-preview":"max-image-preview:large","max-video-preview":"max-video-preview:-1"},"canonical":"https:\/\/hiref.com.mx\/index.php\/producto\/tas\/","og_locale":"es_MX","og_type":"article","og_title":"TAS - HiRef","og_description":"tres versiones diferentes, enfriadoras, enfriadoras Free-Cooling y bomba de calor reversible y en numerosos tama\u00f1os de potencia","og_url":"https:\/\/hiref.com.mx\/index.php\/producto\/tas\/","og_site_name":"HiRef","article_publisher":"https:\/\/www.facebook.com\/hirefmexico","article_modified_time":"2026-03-03T23:05:05+00:00","og_image":[{"width":754,"height":800,"url":"https:\/\/hiref.com.mx\/wp-content\/uploads\/2026\/03\/TAS_1.png","type":"image\/png"}],"twitter_card":"summary_large_image","twitter_misc":{"Tiempo de lectura":"1 minuto"},"schema":{"@context":"https:\/\/schema.org","@graph":[{"@type":"WebPage","@id":"https:\/\/hiref.com.mx\/index.php\/producto\/tas\/","url":"https:\/\/hiref.com.mx\/index.php\/producto\/tas\/","name":"TAS - HiRef","isPartOf":{"@id":"https:\/\/hiref.com.mx\/#website"},"primaryImageOfPage":{"@id":"https:\/\/hiref.com.mx\/index.php\/producto\/tas\/#primaryimage"},"image":{"@id":"https:\/\/hiref.com.mx\/index.php\/producto\/tas\/#primaryimage"},"thumbnailUrl":"https:\/\/hiref.com.mx\/wp-content\/uploads\/2026\/03\/TAS_1.png","datePublished":"2026-03-03T22:57:32+00:00","dateModified":"2026-03-03T23:05:05+00:00","description":"tres versiones diferentes, enfriadoras, enfriadoras Free-Cooling y bomba de calor reversible y en numerosos tama\u00f1os de potencia","breadcrumb":{"@id":"https:\/\/hiref.com.mx\/index.php\/producto\/tas\/#breadcrumb"},"inLanguage":"es","potentialAction":[{"@type":"ReadAction","target":["https:\/\/hiref.com.mx\/index.php\/producto\/tas\/"]}]},{"@type":"ImageObject","inLanguage":"es","@id":"https:\/\/hiref.com.mx\/index.php\/producto\/tas\/#primaryimage","url":"https:\/\/hiref.com.mx\/wp-content\/uploads\/2026\/03\/TAS_1.png","contentUrl":"https:\/\/hiref.com.mx\/wp-content\/uploads\/2026\/03\/TAS_1.png","width":754,"height":800},{"@type":"BreadcrumbList","@id":"https:\/\/hiref.com.mx\/index.php\/producto\/tas\/#breadcrumb","itemListElement":[{"@type":"ListItem","position":1,"name":"Inicio","item":"https:\/\/hiref.com.mx\/"},{"@type":"ListItem","position":2,"name":"Tienda","item":"https:\/\/hiref.com.mx\/?page_id=240"},{"@type":"ListItem","position":3,"name":"TAS"}]},{"@type":"WebSite","@id":"https:\/\/hiref.com.mx\/#website","url":"https:\/\/hiref.com.mx\/","name":"HiRef","description":"Aire acondicionado de precisi\u00f3n para Data Center y Telecom","potentialAction":[{"@type":"SearchAction","target":{"@type":"EntryPoint","urlTemplate":"https:\/\/hiref.com.mx\/?s={search_term_string}"},"query-input":{"@type":"PropertyValueSpecification","valueRequired":true,"valueName":"search_term_string"}}],"inLanguage":"es"}]}},"_links":{"self":[{"href":"https:\/\/hiref.com.mx\/index.php\/wp-json\/wp\/v2\/product\/3664","targetHints":{"allow":["GET"]}}],"collection":[{"href":"https:\/\/hiref.com.mx\/index.php\/wp-json\/wp\/v2\/product"}],"about":[{"href":"https:\/\/hiref.com.mx\/index.php\/wp-json\/wp\/v2\/types\/product"}],"version-history":[{"count":1,"href":"https:\/\/hiref.com.mx\/index.php\/wp-json\/wp\/v2\/product\/3664\/revisions"}],"predecessor-version":[{"id":3670,"href":"https:\/\/hiref.com.mx\/index.php\/wp-json\/wp\/v2\/product\/3664\/revisions\/3670"}],"wp:featuredmedia":[{"embeddable":true,"href":"https:\/\/hiref.com.mx\/index.php\/wp-json\/wp\/v2\/media\/3669"}],"wp:attachment":[{"href":"https:\/\/hiref.com.mx\/index.php\/wp-json\/wp\/v2\/media?parent=3664"}],"wp:term":[{"taxonomy":"product_brand","embeddable":true,"href":"https:\/\/hiref.com.mx\/index.php\/wp-json\/wp\/v2\/product_brand?post=3664"},{"taxonomy":"product_cat","embeddable":true,"href":"https:\/\/hiref.com.mx\/index.php\/wp-json\/wp\/v2\/product_cat?post=3664"},{"taxonomy":"product_tag","embeddable":true,"href":"https:\/\/hiref.com.mx\/index.php\/wp-json\/wp\/v2\/product_tag?post=3664"}],"curies":[{"name":"wp","href":"https:\/\/api.w.org\/{rel}","templated":true}]}}