{"id":3617,"date":"2026-02-04T15:23:06","date_gmt":"2026-02-04T15:23:06","guid":{"rendered":"https:\/\/hiref.com.mx\/?post_type=product&#038;p=3617"},"modified":"2026-02-04T15:32:39","modified_gmt":"2026-02-04T15:32:39","slug":"tsl","status":"publish","type":"product","link":"https:\/\/hiref.com.mx\/index.php\/producto\/tsl\/","title":{"rendered":"TSL"},"content":{"rendered":"<p>Las enfriadoras y bombas de calor de la gama TSL son unidades de aire\/agua de clase energ\u00e9tica A, tanto en acondicionamiento como en calefacci\u00f3n, disponibles para un uso con refrigerante R410A o, en la versi\u00f3n \u00abA2L\u00bb, con refrigerante R454B<strong>\u00a0<\/strong>de bajo impacto ambiental. La gama TSL est\u00e1 dise\u00f1ada para gestionar el acondicionamiento de sistemas industriales y cargas t\u00e9rmicas en aplicaciones tecnol\u00f3gicas,\u00a0<strong>donde la fiabilidad 24\/7 y en todas las condiciones de trabajo, una caracter\u00edstica peculiar de dichas unidades, es un requisito fundamental.<\/strong>\u00a0La gama TSL utiliza compresores scroll de \u00faltima generaci\u00f3n, intercambiadores de agua multitubulares de calandria mejorados para el uso con refrigerantes de alta presi\u00f3n (R410A\/R454B) y ventiladores axiales aptos para la instalaci\u00f3n en exteriores.<\/p>\n","protected":false},"excerpt":{"rendered":"<p>La gama TSL est\u00e1 dise\u00f1ada para gestionar el acondicionamiento de sistemas industriales y cargas t\u00e9rmicas en aplicaciones tecnol\u00f3gicas<\/p>\n","protected":false},"featured_media":3623,"template":"","meta":[],"product_brand":[],"product_cat":[22,24,36,63,23],"product_tag":[],"class_list":{"0":"post-3617","1":"product","2":"type-product","3":"status-publish","4":"has-post-thumbnail","6":"product_cat-hvac-para-data-center","7":"product_cat-expansion-directa","8":"product_cat-outdoor","9":"product_cat-rooftop","10":"product_cat-telecom","12":"first","13":"instock","14":"shipping-taxable","15":"product-type-simple"},"acf":[],"yoast_head":"<!-- This site is optimized with the Yoast SEO plugin v25.8 - https:\/\/yoast.com\/wordpress\/plugins\/seo\/ -->\n<title>TSL - HiRef<\/title>\n<meta name=\"description\" content=\"La gama TSL est\u00e1 dise\u00f1ada para gestionar el acondicionamiento de sistemas industriales y cargas t\u00e9rmicas en aplicaciones tecnol\u00f3gicas\" \/>\n<meta name=\"robots\" content=\"index, follow, max-snippet:-1, max-image-preview:large, max-video-preview:-1\" \/>\n<link rel=\"canonical\" href=\"https:\/\/hiref.com.mx\/index.php\/producto\/tsl\/\" \/>\n<meta property=\"og:locale\" content=\"es_MX\" \/>\n<meta property=\"og:type\" content=\"article\" \/>\n<meta property=\"og:title\" content=\"TSL - HiRef\" \/>\n<meta property=\"og:description\" content=\"La gama TSL est\u00e1 dise\u00f1ada para gestionar el acondicionamiento de sistemas industriales y cargas t\u00e9rmicas en aplicaciones tecnol\u00f3gicas\" \/>\n<meta property=\"og:url\" content=\"https:\/\/hiref.com.mx\/index.php\/producto\/tsl\/\" \/>\n<meta property=\"og:site_name\" content=\"HiRef\" \/>\n<meta property=\"article:publisher\" content=\"https:\/\/www.facebook.com\/hirefmexico\" \/>\n<meta property=\"article:modified_time\" content=\"2026-02-04T15:32:39+00:00\" \/>\n<meta property=\"og:image\" content=\"https:\/\/hiref.com.mx\/wp-content\/uploads\/2026\/02\/TSL_1.png\" \/>\n\t<meta property=\"og:image:width\" content=\"686\" \/>\n\t<meta property=\"og:image:height\" content=\"800\" \/>\n\t<meta property=\"og:image:type\" content=\"image\/png\" \/>\n<meta name=\"twitter:card\" content=\"summary_large_image\" \/>\n<meta name=\"twitter:label1\" content=\"Tiempo de lectura\" \/>\n\t<meta name=\"twitter:data1\" content=\"1 minuto\" \/>\n<script type=\"application\/ld+json\" class=\"yoast-schema-graph\">{\"@context\":\"https:\/\/schema.org\",\"@graph\":[{\"@type\":\"WebPage\",\"@id\":\"https:\/\/hiref.com.mx\/index.php\/producto\/tsl\/\",\"url\":\"https:\/\/hiref.com.mx\/index.php\/producto\/tsl\/\",\"name\":\"TSL - HiRef\",\"isPartOf\":{\"@id\":\"https:\/\/hiref.com.mx\/#website\"},\"primaryImageOfPage\":{\"@id\":\"https:\/\/hiref.com.mx\/index.php\/producto\/tsl\/#primaryimage\"},\"image\":{\"@id\":\"https:\/\/hiref.com.mx\/index.php\/producto\/tsl\/#primaryimage\"},\"thumbnailUrl\":\"https:\/\/hiref.com.mx\/wp-content\/uploads\/2026\/02\/TSL_1.png\",\"datePublished\":\"2026-02-04T15:23:06+00:00\",\"dateModified\":\"2026-02-04T15:32:39+00:00\",\"description\":\"La gama TSL est\u00e1 dise\u00f1ada para gestionar el acondicionamiento de sistemas industriales y cargas t\u00e9rmicas en aplicaciones tecnol\u00f3gicas\",\"breadcrumb\":{\"@id\":\"https:\/\/hiref.com.mx\/index.php\/producto\/tsl\/#breadcrumb\"},\"inLanguage\":\"es\",\"potentialAction\":[{\"@type\":\"ReadAction\",\"target\":[\"https:\/\/hiref.com.mx\/index.php\/producto\/tsl\/\"]}]},{\"@type\":\"ImageObject\",\"inLanguage\":\"es\",\"@id\":\"https:\/\/hiref.com.mx\/index.php\/producto\/tsl\/#primaryimage\",\"url\":\"https:\/\/hiref.com.mx\/wp-content\/uploads\/2026\/02\/TSL_1.png\",\"contentUrl\":\"https:\/\/hiref.com.mx\/wp-content\/uploads\/2026\/02\/TSL_1.png\",\"width\":686,\"height\":800},{\"@type\":\"BreadcrumbList\",\"@id\":\"https:\/\/hiref.com.mx\/index.php\/producto\/tsl\/#breadcrumb\",\"itemListElement\":[{\"@type\":\"ListItem\",\"position\":1,\"name\":\"Inicio\",\"item\":\"https:\/\/hiref.com.mx\/\"},{\"@type\":\"ListItem\",\"position\":2,\"name\":\"Tienda\",\"item\":\"https:\/\/hiref.com.mx\/?page_id=240\"},{\"@type\":\"ListItem\",\"position\":3,\"name\":\"TSL\"}]},{\"@type\":\"WebSite\",\"@id\":\"https:\/\/hiref.com.mx\/#website\",\"url\":\"https:\/\/hiref.com.mx\/\",\"name\":\"HiRef\",\"description\":\"Aire acondicionado de precisi\u00f3n para Data Center y Telecom\",\"potentialAction\":[{\"@type\":\"SearchAction\",\"target\":{\"@type\":\"EntryPoint\",\"urlTemplate\":\"https:\/\/hiref.com.mx\/?s={search_term_string}\"},\"query-input\":{\"@type\":\"PropertyValueSpecification\",\"valueRequired\":true,\"valueName\":\"search_term_string\"}}],\"inLanguage\":\"es\"}]}<\/script>\n<!-- \/ Yoast SEO plugin. -->","yoast_head_json":{"title":"TSL - HiRef","description":"La gama TSL est\u00e1 dise\u00f1ada para gestionar el acondicionamiento de sistemas industriales y cargas t\u00e9rmicas en aplicaciones tecnol\u00f3gicas","robots":{"index":"index","follow":"follow","max-snippet":"max-snippet:-1","max-image-preview":"max-image-preview:large","max-video-preview":"max-video-preview:-1"},"canonical":"https:\/\/hiref.com.mx\/index.php\/producto\/tsl\/","og_locale":"es_MX","og_type":"article","og_title":"TSL - HiRef","og_description":"La gama TSL est\u00e1 dise\u00f1ada para gestionar el acondicionamiento de sistemas industriales y cargas t\u00e9rmicas en aplicaciones tecnol\u00f3gicas","og_url":"https:\/\/hiref.com.mx\/index.php\/producto\/tsl\/","og_site_name":"HiRef","article_publisher":"https:\/\/www.facebook.com\/hirefmexico","article_modified_time":"2026-02-04T15:32:39+00:00","og_image":[{"width":686,"height":800,"url":"https:\/\/hiref.com.mx\/wp-content\/uploads\/2026\/02\/TSL_1.png","type":"image\/png"}],"twitter_card":"summary_large_image","twitter_misc":{"Tiempo de lectura":"1 minuto"},"schema":{"@context":"https:\/\/schema.org","@graph":[{"@type":"WebPage","@id":"https:\/\/hiref.com.mx\/index.php\/producto\/tsl\/","url":"https:\/\/hiref.com.mx\/index.php\/producto\/tsl\/","name":"TSL - HiRef","isPartOf":{"@id":"https:\/\/hiref.com.mx\/#website"},"primaryImageOfPage":{"@id":"https:\/\/hiref.com.mx\/index.php\/producto\/tsl\/#primaryimage"},"image":{"@id":"https:\/\/hiref.com.mx\/index.php\/producto\/tsl\/#primaryimage"},"thumbnailUrl":"https:\/\/hiref.com.mx\/wp-content\/uploads\/2026\/02\/TSL_1.png","datePublished":"2026-02-04T15:23:06+00:00","dateModified":"2026-02-04T15:32:39+00:00","description":"La gama TSL est\u00e1 dise\u00f1ada para gestionar el acondicionamiento de sistemas industriales y cargas t\u00e9rmicas en aplicaciones tecnol\u00f3gicas","breadcrumb":{"@id":"https:\/\/hiref.com.mx\/index.php\/producto\/tsl\/#breadcrumb"},"inLanguage":"es","potentialAction":[{"@type":"ReadAction","target":["https:\/\/hiref.com.mx\/index.php\/producto\/tsl\/"]}]},{"@type":"ImageObject","inLanguage":"es","@id":"https:\/\/hiref.com.mx\/index.php\/producto\/tsl\/#primaryimage","url":"https:\/\/hiref.com.mx\/wp-content\/uploads\/2026\/02\/TSL_1.png","contentUrl":"https:\/\/hiref.com.mx\/wp-content\/uploads\/2026\/02\/TSL_1.png","width":686,"height":800},{"@type":"BreadcrumbList","@id":"https:\/\/hiref.com.mx\/index.php\/producto\/tsl\/#breadcrumb","itemListElement":[{"@type":"ListItem","position":1,"name":"Inicio","item":"https:\/\/hiref.com.mx\/"},{"@type":"ListItem","position":2,"name":"Tienda","item":"https:\/\/hiref.com.mx\/?page_id=240"},{"@type":"ListItem","position":3,"name":"TSL"}]},{"@type":"WebSite","@id":"https:\/\/hiref.com.mx\/#website","url":"https:\/\/hiref.com.mx\/","name":"HiRef","description":"Aire acondicionado de precisi\u00f3n para Data Center y Telecom","potentialAction":[{"@type":"SearchAction","target":{"@type":"EntryPoint","urlTemplate":"https:\/\/hiref.com.mx\/?s={search_term_string}"},"query-input":{"@type":"PropertyValueSpecification","valueRequired":true,"valueName":"search_term_string"}}],"inLanguage":"es"}]}},"_links":{"self":[{"href":"https:\/\/hiref.com.mx\/index.php\/wp-json\/wp\/v2\/product\/3617","targetHints":{"allow":["GET"]}}],"collection":[{"href":"https:\/\/hiref.com.mx\/index.php\/wp-json\/wp\/v2\/product"}],"about":[{"href":"https:\/\/hiref.com.mx\/index.php\/wp-json\/wp\/v2\/types\/product"}],"version-history":[{"count":2,"href":"https:\/\/hiref.com.mx\/index.php\/wp-json\/wp\/v2\/product\/3617\/revisions"}],"predecessor-version":[{"id":3624,"href":"https:\/\/hiref.com.mx\/index.php\/wp-json\/wp\/v2\/product\/3617\/revisions\/3624"}],"wp:featuredmedia":[{"embeddable":true,"href":"https:\/\/hiref.com.mx\/index.php\/wp-json\/wp\/v2\/media\/3623"}],"wp:attachment":[{"href":"https:\/\/hiref.com.mx\/index.php\/wp-json\/wp\/v2\/media?parent=3617"}],"wp:term":[{"taxonomy":"product_brand","embeddable":true,"href":"https:\/\/hiref.com.mx\/index.php\/wp-json\/wp\/v2\/product_brand?post=3617"},{"taxonomy":"product_cat","embeddable":true,"href":"https:\/\/hiref.com.mx\/index.php\/wp-json\/wp\/v2\/product_cat?post=3617"},{"taxonomy":"product_tag","embeddable":true,"href":"https:\/\/hiref.com.mx\/index.php\/wp-json\/wp\/v2\/product_tag?post=3617"}],"curies":[{"name":"wp","href":"https:\/\/api.w.org\/{rel}","templated":true}]}}