{"id":3603,"date":"2026-02-04T14:44:54","date_gmt":"2026-02-04T14:44:54","guid":{"rendered":"https:\/\/hiref.com.mx\/?post_type=product&#038;p=3603"},"modified":"2026-02-04T15:22:54","modified_gmt":"2026-02-04T15:22:54","slug":"ntw","status":"publish","type":"product","link":"https:\/\/hiref.com.mx\/index.php\/producto\/ntw\/","title":{"rendered":"NTW-NTWD"},"content":{"rendered":"<p>Los acondicionadores de las series NTW-NTWD son unidades monobloc destinadas a la climatizaci\u00f3n de centrales telef\u00f3nicas de peque\u00f1a y mediana potencia. Dise\u00f1adas para la instalaci\u00f3n en paredes externas, son aptas para el acondicionamiento de centrales con poco espacio interior o totalmente dedicado a los equipos tecnol\u00f3gicos. La disposici\u00f3n racional de los componentes, junto con la amplia gama de accesorios disponibles, facilita la instalaci\u00f3n de las unidades que se adaptan a diferentes configuraciones de shelters. Las unidades han sido dise\u00f1adas cuidadosamente desde el punto de vista termodin\u00e1mico y aer\u00e1ulico para garantizar la m\u00e1xima eficiencia energ\u00e9tica.<\/p>\n","protected":false},"excerpt":{"rendered":"<p>Los acondicionadores de las series NTW-NTWD son unidades monobloc destinadas a la climatizaci\u00f3n de centrales telef\u00f3nicas de peque\u00f1a y mediana potencia. Dise\u00f1adas para la instalaci\u00f3n en paredes externas.<\/p>\n","protected":false},"featured_media":3609,"template":"","meta":[],"product_brand":[],"product_cat":[22,24,36,63,23],"product_tag":[],"class_list":{"0":"post-3603","1":"product","2":"type-product","3":"status-publish","4":"has-post-thumbnail","6":"product_cat-hvac-para-data-center","7":"product_cat-expansion-directa","8":"product_cat-outdoor","9":"product_cat-rooftop","10":"product_cat-telecom","12":"first","13":"instock","14":"shipping-taxable","15":"product-type-simple"},"acf":[],"yoast_head":"<!-- This site is optimized with the Yoast SEO plugin v25.8 - https:\/\/yoast.com\/wordpress\/plugins\/seo\/ -->\n<title>NTW-NTWD - HiRef<\/title>\n<meta name=\"description\" content=\"instalaci\u00f3n en paredes externas, aptas para el acondicionamiento de centrales con poco espacio interior o totalmente dedicado a los equipos tecnol\u00f3gicos.\" \/>\n<meta name=\"robots\" content=\"index, follow, max-snippet:-1, max-image-preview:large, max-video-preview:-1\" \/>\n<link rel=\"canonical\" href=\"https:\/\/hiref.com.mx\/index.php\/producto\/ntw\/\" \/>\n<meta property=\"og:locale\" content=\"es_MX\" \/>\n<meta property=\"og:type\" content=\"article\" \/>\n<meta property=\"og:title\" content=\"NTW-NTWD - HiRef\" \/>\n<meta property=\"og:description\" content=\"instalaci\u00f3n en paredes externas, aptas para el acondicionamiento de centrales con poco espacio interior o totalmente dedicado a los equipos tecnol\u00f3gicos.\" \/>\n<meta property=\"og:url\" content=\"https:\/\/hiref.com.mx\/index.php\/producto\/ntw\/\" \/>\n<meta property=\"og:site_name\" content=\"HiRef\" \/>\n<meta property=\"article:publisher\" content=\"https:\/\/www.facebook.com\/hirefmexico\" \/>\n<meta property=\"article:modified_time\" content=\"2026-02-04T15:22:54+00:00\" \/>\n<meta property=\"og:image\" content=\"https:\/\/hiref.com.mx\/wp-content\/uploads\/2026\/02\/NTW-NTWD_11.png\" \/>\n\t<meta property=\"og:image:width\" content=\"467\" \/>\n\t<meta property=\"og:image:height\" content=\"800\" \/>\n\t<meta property=\"og:image:type\" content=\"image\/png\" \/>\n<meta name=\"twitter:card\" content=\"summary_large_image\" \/>\n<meta name=\"twitter:label1\" content=\"Tiempo de lectura\" \/>\n\t<meta name=\"twitter:data1\" content=\"1 minuto\" \/>\n<script type=\"application\/ld+json\" class=\"yoast-schema-graph\">{\"@context\":\"https:\/\/schema.org\",\"@graph\":[{\"@type\":\"WebPage\",\"@id\":\"https:\/\/hiref.com.mx\/index.php\/producto\/ntw\/\",\"url\":\"https:\/\/hiref.com.mx\/index.php\/producto\/ntw\/\",\"name\":\"NTW-NTWD - HiRef\",\"isPartOf\":{\"@id\":\"https:\/\/hiref.com.mx\/#website\"},\"primaryImageOfPage\":{\"@id\":\"https:\/\/hiref.com.mx\/index.php\/producto\/ntw\/#primaryimage\"},\"image\":{\"@id\":\"https:\/\/hiref.com.mx\/index.php\/producto\/ntw\/#primaryimage\"},\"thumbnailUrl\":\"https:\/\/hiref.com.mx\/wp-content\/uploads\/2026\/02\/NTW-NTWD_11.png\",\"datePublished\":\"2026-02-04T14:44:54+00:00\",\"dateModified\":\"2026-02-04T15:22:54+00:00\",\"description\":\"instalaci\u00f3n en paredes externas, aptas para el acondicionamiento de centrales con poco espacio interior o totalmente dedicado a los equipos tecnol\u00f3gicos.\",\"breadcrumb\":{\"@id\":\"https:\/\/hiref.com.mx\/index.php\/producto\/ntw\/#breadcrumb\"},\"inLanguage\":\"es\",\"potentialAction\":[{\"@type\":\"ReadAction\",\"target\":[\"https:\/\/hiref.com.mx\/index.php\/producto\/ntw\/\"]}]},{\"@type\":\"ImageObject\",\"inLanguage\":\"es\",\"@id\":\"https:\/\/hiref.com.mx\/index.php\/producto\/ntw\/#primaryimage\",\"url\":\"https:\/\/hiref.com.mx\/wp-content\/uploads\/2026\/02\/NTW-NTWD_11.png\",\"contentUrl\":\"https:\/\/hiref.com.mx\/wp-content\/uploads\/2026\/02\/NTW-NTWD_11.png\",\"width\":467,\"height\":800},{\"@type\":\"BreadcrumbList\",\"@id\":\"https:\/\/hiref.com.mx\/index.php\/producto\/ntw\/#breadcrumb\",\"itemListElement\":[{\"@type\":\"ListItem\",\"position\":1,\"name\":\"Inicio\",\"item\":\"https:\/\/hiref.com.mx\/\"},{\"@type\":\"ListItem\",\"position\":2,\"name\":\"Tienda\",\"item\":\"https:\/\/hiref.com.mx\/?page_id=240\"},{\"@type\":\"ListItem\",\"position\":3,\"name\":\"NTW-NTWD\"}]},{\"@type\":\"WebSite\",\"@id\":\"https:\/\/hiref.com.mx\/#website\",\"url\":\"https:\/\/hiref.com.mx\/\",\"name\":\"HiRef\",\"description\":\"Aire acondicionado de precisi\u00f3n para Data Center y Telecom\",\"potentialAction\":[{\"@type\":\"SearchAction\",\"target\":{\"@type\":\"EntryPoint\",\"urlTemplate\":\"https:\/\/hiref.com.mx\/?s={search_term_string}\"},\"query-input\":{\"@type\":\"PropertyValueSpecification\",\"valueRequired\":true,\"valueName\":\"search_term_string\"}}],\"inLanguage\":\"es\"}]}<\/script>\n<!-- \/ Yoast SEO plugin. -->","yoast_head_json":{"title":"NTW-NTWD - HiRef","description":"instalaci\u00f3n en paredes externas, aptas para el acondicionamiento de centrales con poco espacio interior o totalmente dedicado a los equipos tecnol\u00f3gicos.","robots":{"index":"index","follow":"follow","max-snippet":"max-snippet:-1","max-image-preview":"max-image-preview:large","max-video-preview":"max-video-preview:-1"},"canonical":"https:\/\/hiref.com.mx\/index.php\/producto\/ntw\/","og_locale":"es_MX","og_type":"article","og_title":"NTW-NTWD - HiRef","og_description":"instalaci\u00f3n en paredes externas, aptas para el acondicionamiento de centrales con poco espacio interior o totalmente dedicado a los equipos tecnol\u00f3gicos.","og_url":"https:\/\/hiref.com.mx\/index.php\/producto\/ntw\/","og_site_name":"HiRef","article_publisher":"https:\/\/www.facebook.com\/hirefmexico","article_modified_time":"2026-02-04T15:22:54+00:00","og_image":[{"width":467,"height":800,"url":"https:\/\/hiref.com.mx\/wp-content\/uploads\/2026\/02\/NTW-NTWD_11.png","type":"image\/png"}],"twitter_card":"summary_large_image","twitter_misc":{"Tiempo de lectura":"1 minuto"},"schema":{"@context":"https:\/\/schema.org","@graph":[{"@type":"WebPage","@id":"https:\/\/hiref.com.mx\/index.php\/producto\/ntw\/","url":"https:\/\/hiref.com.mx\/index.php\/producto\/ntw\/","name":"NTW-NTWD - HiRef","isPartOf":{"@id":"https:\/\/hiref.com.mx\/#website"},"primaryImageOfPage":{"@id":"https:\/\/hiref.com.mx\/index.php\/producto\/ntw\/#primaryimage"},"image":{"@id":"https:\/\/hiref.com.mx\/index.php\/producto\/ntw\/#primaryimage"},"thumbnailUrl":"https:\/\/hiref.com.mx\/wp-content\/uploads\/2026\/02\/NTW-NTWD_11.png","datePublished":"2026-02-04T14:44:54+00:00","dateModified":"2026-02-04T15:22:54+00:00","description":"instalaci\u00f3n en paredes externas, aptas para el acondicionamiento de centrales con poco espacio interior o totalmente dedicado a los equipos tecnol\u00f3gicos.","breadcrumb":{"@id":"https:\/\/hiref.com.mx\/index.php\/producto\/ntw\/#breadcrumb"},"inLanguage":"es","potentialAction":[{"@type":"ReadAction","target":["https:\/\/hiref.com.mx\/index.php\/producto\/ntw\/"]}]},{"@type":"ImageObject","inLanguage":"es","@id":"https:\/\/hiref.com.mx\/index.php\/producto\/ntw\/#primaryimage","url":"https:\/\/hiref.com.mx\/wp-content\/uploads\/2026\/02\/NTW-NTWD_11.png","contentUrl":"https:\/\/hiref.com.mx\/wp-content\/uploads\/2026\/02\/NTW-NTWD_11.png","width":467,"height":800},{"@type":"BreadcrumbList","@id":"https:\/\/hiref.com.mx\/index.php\/producto\/ntw\/#breadcrumb","itemListElement":[{"@type":"ListItem","position":1,"name":"Inicio","item":"https:\/\/hiref.com.mx\/"},{"@type":"ListItem","position":2,"name":"Tienda","item":"https:\/\/hiref.com.mx\/?page_id=240"},{"@type":"ListItem","position":3,"name":"NTW-NTWD"}]},{"@type":"WebSite","@id":"https:\/\/hiref.com.mx\/#website","url":"https:\/\/hiref.com.mx\/","name":"HiRef","description":"Aire acondicionado de precisi\u00f3n para Data Center y Telecom","potentialAction":[{"@type":"SearchAction","target":{"@type":"EntryPoint","urlTemplate":"https:\/\/hiref.com.mx\/?s={search_term_string}"},"query-input":{"@type":"PropertyValueSpecification","valueRequired":true,"valueName":"search_term_string"}}],"inLanguage":"es"}]}},"_links":{"self":[{"href":"https:\/\/hiref.com.mx\/index.php\/wp-json\/wp\/v2\/product\/3603","targetHints":{"allow":["GET"]}}],"collection":[{"href":"https:\/\/hiref.com.mx\/index.php\/wp-json\/wp\/v2\/product"}],"about":[{"href":"https:\/\/hiref.com.mx\/index.php\/wp-json\/wp\/v2\/types\/product"}],"version-history":[{"count":1,"href":"https:\/\/hiref.com.mx\/index.php\/wp-json\/wp\/v2\/product\/3603\/revisions"}],"predecessor-version":[{"id":3616,"href":"https:\/\/hiref.com.mx\/index.php\/wp-json\/wp\/v2\/product\/3603\/revisions\/3616"}],"wp:featuredmedia":[{"embeddable":true,"href":"https:\/\/hiref.com.mx\/index.php\/wp-json\/wp\/v2\/media\/3609"}],"wp:attachment":[{"href":"https:\/\/hiref.com.mx\/index.php\/wp-json\/wp\/v2\/media?parent=3603"}],"wp:term":[{"taxonomy":"product_brand","embeddable":true,"href":"https:\/\/hiref.com.mx\/index.php\/wp-json\/wp\/v2\/product_brand?post=3603"},{"taxonomy":"product_cat","embeddable":true,"href":"https:\/\/hiref.com.mx\/index.php\/wp-json\/wp\/v2\/product_cat?post=3603"},{"taxonomy":"product_tag","embeddable":true,"href":"https:\/\/hiref.com.mx\/index.php\/wp-json\/wp\/v2\/product_tag?post=3603"}],"curies":[{"name":"wp","href":"https:\/\/api.w.org\/{rel}","templated":true}]}}