{"id":3580,"date":"2026-01-27T18:04:36","date_gmt":"2026-01-27T18:04:36","guid":{"rendered":"https:\/\/hiref.com.mx\/?post_type=product&#038;p=3580"},"modified":"2026-02-07T16:06:05","modified_gmt":"2026-02-07T16:06:05","slug":"hra","status":"publish","type":"product","link":"https:\/\/hiref.com.mx\/index.php\/producto\/hra\/","title":{"rendered":"HRA"},"content":{"rendered":"<p>HRA es la gama de unidades de aire totalmente exterior con recuperador rotativo. La selecci\u00f3n de los componentes y su disposici\u00f3n interna est\u00e1n orientadas ante todo a la eficiencia energ\u00e9tica: los compresores modulantes BLDC, el recuperador rotativo higrosc\u00f3pico y el sistema de compuertas modulantes permiten alcanzar los m\u00e1s altos coeficientes de rendimiento (COP) y eficiencia el\u00e9ctrica (EER) en todos los reg\u00edmenes de funcionamiento. Por \u00faltimo, un software de gesti\u00f3n avanzado dise\u00f1ado y desarrollado por HiRef garantiza el mantenimiento de las condiciones termo-higrom\u00e9tricas requeridas en los espacios controlados.<\/p>\n","protected":false},"excerpt":{"rendered":"<p>Unidades de aire exterior. Alta eficiencia energ\u00e9tica. Software de gesti\u00f3n avanzado desarrollado por HiRef garantiza las condiciones termo-higrom\u00e9tricas.<\/p>\n","protected":false},"featured_media":3588,"template":"","meta":[],"product_brand":[],"product_cat":[22,24,36,63,23],"product_tag":[],"class_list":{"0":"post-3580","1":"product","2":"type-product","3":"status-publish","4":"has-post-thumbnail","6":"product_cat-hvac-para-data-center","7":"product_cat-expansion-directa","8":"product_cat-outdoor","9":"product_cat-rooftop","10":"product_cat-telecom","12":"first","13":"instock","14":"shipping-taxable","15":"product-type-simple"},"acf":[],"yoast_head":"<!-- This site is optimized with the Yoast SEO plugin v25.8 - https:\/\/yoast.com\/wordpress\/plugins\/seo\/ -->\n<title>HRA - HiRef<\/title>\n<meta name=\"description\" content=\"Unidades de aire exterior. Alta eficiencia energ\u00e9tica. Software de gesti\u00f3n avanzado desarrollado por HiRef garantiza las condiciones termo-higrom\u00e9tricas.\" \/>\n<meta name=\"robots\" content=\"index, follow, max-snippet:-1, max-image-preview:large, max-video-preview:-1\" \/>\n<link rel=\"canonical\" href=\"https:\/\/hiref.com.mx\/index.php\/producto\/hra\/\" \/>\n<meta property=\"og:locale\" content=\"es_MX\" \/>\n<meta property=\"og:type\" content=\"article\" \/>\n<meta property=\"og:title\" content=\"HRA - HiRef\" \/>\n<meta property=\"og:description\" content=\"Unidades de aire exterior. Alta eficiencia energ\u00e9tica. Software de gesti\u00f3n avanzado desarrollado por HiRef garantiza las condiciones termo-higrom\u00e9tricas.\" \/>\n<meta property=\"og:url\" content=\"https:\/\/hiref.com.mx\/index.php\/producto\/hra\/\" \/>\n<meta property=\"og:site_name\" content=\"HiRef\" \/>\n<meta property=\"article:publisher\" content=\"https:\/\/www.facebook.com\/hirefmexico\" \/>\n<meta property=\"article:modified_time\" content=\"2026-02-07T16:06:05+00:00\" \/>\n<meta property=\"og:image\" content=\"https:\/\/hiref.com.mx\/wp-content\/uploads\/2026\/01\/HRA_1.png\" \/>\n\t<meta property=\"og:image:width\" content=\"705\" \/>\n\t<meta property=\"og:image:height\" content=\"800\" \/>\n\t<meta property=\"og:image:type\" content=\"image\/png\" \/>\n<meta name=\"twitter:card\" content=\"summary_large_image\" \/>\n<meta name=\"twitter:label1\" content=\"Tiempo de lectura\" \/>\n\t<meta name=\"twitter:data1\" content=\"1 minuto\" \/>\n<script type=\"application\/ld+json\" class=\"yoast-schema-graph\">{\"@context\":\"https:\/\/schema.org\",\"@graph\":[{\"@type\":\"WebPage\",\"@id\":\"https:\/\/hiref.com.mx\/index.php\/producto\/hra\/\",\"url\":\"https:\/\/hiref.com.mx\/index.php\/producto\/hra\/\",\"name\":\"HRA - HiRef\",\"isPartOf\":{\"@id\":\"https:\/\/hiref.com.mx\/#website\"},\"primaryImageOfPage\":{\"@id\":\"https:\/\/hiref.com.mx\/index.php\/producto\/hra\/#primaryimage\"},\"image\":{\"@id\":\"https:\/\/hiref.com.mx\/index.php\/producto\/hra\/#primaryimage\"},\"thumbnailUrl\":\"https:\/\/hiref.com.mx\/wp-content\/uploads\/2026\/01\/HRA_1.png\",\"datePublished\":\"2026-01-27T18:04:36+00:00\",\"dateModified\":\"2026-02-07T16:06:05+00:00\",\"description\":\"Unidades de aire exterior. Alta eficiencia energ\u00e9tica. Software de gesti\u00f3n avanzado desarrollado por HiRef garantiza las condiciones termo-higrom\u00e9tricas.\",\"breadcrumb\":{\"@id\":\"https:\/\/hiref.com.mx\/index.php\/producto\/hra\/#breadcrumb\"},\"inLanguage\":\"es\",\"potentialAction\":[{\"@type\":\"ReadAction\",\"target\":[\"https:\/\/hiref.com.mx\/index.php\/producto\/hra\/\"]}]},{\"@type\":\"ImageObject\",\"inLanguage\":\"es\",\"@id\":\"https:\/\/hiref.com.mx\/index.php\/producto\/hra\/#primaryimage\",\"url\":\"https:\/\/hiref.com.mx\/wp-content\/uploads\/2026\/01\/HRA_1.png\",\"contentUrl\":\"https:\/\/hiref.com.mx\/wp-content\/uploads\/2026\/01\/HRA_1.png\",\"width\":705,\"height\":800},{\"@type\":\"BreadcrumbList\",\"@id\":\"https:\/\/hiref.com.mx\/index.php\/producto\/hra\/#breadcrumb\",\"itemListElement\":[{\"@type\":\"ListItem\",\"position\":1,\"name\":\"Inicio\",\"item\":\"https:\/\/hiref.com.mx\/\"},{\"@type\":\"ListItem\",\"position\":2,\"name\":\"Tienda\",\"item\":\"https:\/\/hiref.com.mx\/?page_id=240\"},{\"@type\":\"ListItem\",\"position\":3,\"name\":\"HRA\"}]},{\"@type\":\"WebSite\",\"@id\":\"https:\/\/hiref.com.mx\/#website\",\"url\":\"https:\/\/hiref.com.mx\/\",\"name\":\"HiRef\",\"description\":\"Aire acondicionado de precisi\u00f3n para Data Center y Telecom\",\"potentialAction\":[{\"@type\":\"SearchAction\",\"target\":{\"@type\":\"EntryPoint\",\"urlTemplate\":\"https:\/\/hiref.com.mx\/?s={search_term_string}\"},\"query-input\":{\"@type\":\"PropertyValueSpecification\",\"valueRequired\":true,\"valueName\":\"search_term_string\"}}],\"inLanguage\":\"es\"}]}<\/script>\n<!-- \/ Yoast SEO plugin. -->","yoast_head_json":{"title":"HRA - HiRef","description":"Unidades de aire exterior. Alta eficiencia energ\u00e9tica. Software de gesti\u00f3n avanzado desarrollado por HiRef garantiza las condiciones termo-higrom\u00e9tricas.","robots":{"index":"index","follow":"follow","max-snippet":"max-snippet:-1","max-image-preview":"max-image-preview:large","max-video-preview":"max-video-preview:-1"},"canonical":"https:\/\/hiref.com.mx\/index.php\/producto\/hra\/","og_locale":"es_MX","og_type":"article","og_title":"HRA - HiRef","og_description":"Unidades de aire exterior. Alta eficiencia energ\u00e9tica. Software de gesti\u00f3n avanzado desarrollado por HiRef garantiza las condiciones termo-higrom\u00e9tricas.","og_url":"https:\/\/hiref.com.mx\/index.php\/producto\/hra\/","og_site_name":"HiRef","article_publisher":"https:\/\/www.facebook.com\/hirefmexico","article_modified_time":"2026-02-07T16:06:05+00:00","og_image":[{"width":705,"height":800,"url":"https:\/\/hiref.com.mx\/wp-content\/uploads\/2026\/01\/HRA_1.png","type":"image\/png"}],"twitter_card":"summary_large_image","twitter_misc":{"Tiempo de lectura":"1 minuto"},"schema":{"@context":"https:\/\/schema.org","@graph":[{"@type":"WebPage","@id":"https:\/\/hiref.com.mx\/index.php\/producto\/hra\/","url":"https:\/\/hiref.com.mx\/index.php\/producto\/hra\/","name":"HRA - HiRef","isPartOf":{"@id":"https:\/\/hiref.com.mx\/#website"},"primaryImageOfPage":{"@id":"https:\/\/hiref.com.mx\/index.php\/producto\/hra\/#primaryimage"},"image":{"@id":"https:\/\/hiref.com.mx\/index.php\/producto\/hra\/#primaryimage"},"thumbnailUrl":"https:\/\/hiref.com.mx\/wp-content\/uploads\/2026\/01\/HRA_1.png","datePublished":"2026-01-27T18:04:36+00:00","dateModified":"2026-02-07T16:06:05+00:00","description":"Unidades de aire exterior. Alta eficiencia energ\u00e9tica. Software de gesti\u00f3n avanzado desarrollado por HiRef garantiza las condiciones termo-higrom\u00e9tricas.","breadcrumb":{"@id":"https:\/\/hiref.com.mx\/index.php\/producto\/hra\/#breadcrumb"},"inLanguage":"es","potentialAction":[{"@type":"ReadAction","target":["https:\/\/hiref.com.mx\/index.php\/producto\/hra\/"]}]},{"@type":"ImageObject","inLanguage":"es","@id":"https:\/\/hiref.com.mx\/index.php\/producto\/hra\/#primaryimage","url":"https:\/\/hiref.com.mx\/wp-content\/uploads\/2026\/01\/HRA_1.png","contentUrl":"https:\/\/hiref.com.mx\/wp-content\/uploads\/2026\/01\/HRA_1.png","width":705,"height":800},{"@type":"BreadcrumbList","@id":"https:\/\/hiref.com.mx\/index.php\/producto\/hra\/#breadcrumb","itemListElement":[{"@type":"ListItem","position":1,"name":"Inicio","item":"https:\/\/hiref.com.mx\/"},{"@type":"ListItem","position":2,"name":"Tienda","item":"https:\/\/hiref.com.mx\/?page_id=240"},{"@type":"ListItem","position":3,"name":"HRA"}]},{"@type":"WebSite","@id":"https:\/\/hiref.com.mx\/#website","url":"https:\/\/hiref.com.mx\/","name":"HiRef","description":"Aire acondicionado de precisi\u00f3n para Data Center y Telecom","potentialAction":[{"@type":"SearchAction","target":{"@type":"EntryPoint","urlTemplate":"https:\/\/hiref.com.mx\/?s={search_term_string}"},"query-input":{"@type":"PropertyValueSpecification","valueRequired":true,"valueName":"search_term_string"}}],"inLanguage":"es"}]}},"_links":{"self":[{"href":"https:\/\/hiref.com.mx\/index.php\/wp-json\/wp\/v2\/product\/3580","targetHints":{"allow":["GET"]}}],"collection":[{"href":"https:\/\/hiref.com.mx\/index.php\/wp-json\/wp\/v2\/product"}],"about":[{"href":"https:\/\/hiref.com.mx\/index.php\/wp-json\/wp\/v2\/types\/product"}],"version-history":[{"count":8,"href":"https:\/\/hiref.com.mx\/index.php\/wp-json\/wp\/v2\/product\/3580\/revisions"}],"predecessor-version":[{"id":3647,"href":"https:\/\/hiref.com.mx\/index.php\/wp-json\/wp\/v2\/product\/3580\/revisions\/3647"}],"wp:featuredmedia":[{"embeddable":true,"href":"https:\/\/hiref.com.mx\/index.php\/wp-json\/wp\/v2\/media\/3588"}],"wp:attachment":[{"href":"https:\/\/hiref.com.mx\/index.php\/wp-json\/wp\/v2\/media?parent=3580"}],"wp:term":[{"taxonomy":"product_brand","embeddable":true,"href":"https:\/\/hiref.com.mx\/index.php\/wp-json\/wp\/v2\/product_brand?post=3580"},{"taxonomy":"product_cat","embeddable":true,"href":"https:\/\/hiref.com.mx\/index.php\/wp-json\/wp\/v2\/product_cat?post=3580"},{"taxonomy":"product_tag","embeddable":true,"href":"https:\/\/hiref.com.mx\/index.php\/wp-json\/wp\/v2\/product_tag?post=3580"}],"curies":[{"name":"wp","href":"https:\/\/api.w.org\/{rel}","templated":true}]}}