{"id":2925,"date":"2025-03-11T19:24:58","date_gmt":"2025-03-11T19:24:58","guid":{"rendered":"https:\/\/hiref.com.mx\/?post_type=product&#038;p=2925"},"modified":"2025-03-11T19:48:25","modified_gmt":"2025-03-11T19:48:25","slug":"trf-dx-a","status":"publish","type":"product","link":"https:\/\/hiref.com.mx\/index.php\/producto\/trf-dx-a\/","title":{"rendered":"TRF DX A"},"content":{"rendered":"<p>Rango: 23.9-160.1 kW<\/p>\n<p>Los TRF DX son aires acondicionados de precisi\u00f3n perimetrales, de expansi\u00f3n directa, con compresores Scroll on\/off dise\u00f1ados para entornos tecnol\u00f3gicos de dimensiones medianas a grandes, tales como salas de servidores, laboratorios o aplicaciones que requieren un control preciso de los par\u00e1metros termohigrom\u00e9tricos y un funcionamiento continuo las 24 horas del d\u00eda.<\/p>\n<p>El dise\u00f1o interior y la selecci\u00f3n de los componentes est\u00e1n destinados en primer lugar a la eficiencia energ\u00e9tica, para optimizar el consumo el\u00e9ctrico general del sistema, favoreciendo el PUE (Power Usage Effectiveness) del data center. Gracias a las diferentes configuraciones disponibles, la gama TRF DX se adapta a numerosas aplicaciones en el sector del acondicionamiento para centros de datos.<\/p>\n<p>Espec\u00edficamente, los TRF DX A son unidades perimetrales condensadas por aire de la gama TRF y se utilizan ampliamente en la refrigeraci\u00f3n de data centers. La soluci\u00f3n condensada por aire ofrece un\u00a0sistema sencillo, por la ausencia de otros circuitos auxiliares y bombas, una\u00a0gesti\u00f3n f\u00e1cil,\u00a0ya que el circuito frigor\u00edfico se controla desde el armario, y una\u00a0instalaci\u00f3n sin complicaciones\u00a0tanto de la unidad interna como del condensador remoto.<\/p>\n","protected":false},"excerpt":{"rendered":"<p>Los TRF DX son aires acondicionados de precisi\u00f3n para entornos tecnol\u00f3gicos de dimensiones medianas a grandes que requieren un control preciso de los par\u00e1metros termohigrom\u00e9tricos y un funcionamiento continuo las 24 horas del d\u00eda.<\/p>\n","protected":false},"featured_media":2929,"template":"","meta":[],"product_brand":[],"product_cat":[22,24,32,29,33],"product_tag":[],"class_list":{"0":"post-2925","1":"product","2":"type-product","3":"status-publish","4":"has-post-thumbnail","6":"product_cat-hvac-para-data-center","7":"product_cat-expansion-directa","8":"product_cat-hiper-escala","9":"product_cat-nuevos-refrigerantes","10":"product_cat-perimetrales","12":"first","13":"instock","14":"shipping-taxable","15":"product-type-simple"},"acf":[],"yoast_head":"<!-- This site is optimized with the Yoast SEO plugin v25.8 - https:\/\/yoast.com\/wordpress\/plugins\/seo\/ -->\n<title>TRF DX A - HiRef<\/title>\n<meta name=\"robots\" content=\"index, follow, max-snippet:-1, max-image-preview:large, max-video-preview:-1\" \/>\n<link rel=\"canonical\" href=\"https:\/\/hiref.com.mx\/index.php\/producto\/trf-dx-a\/\" \/>\n<meta property=\"og:locale\" content=\"es_MX\" \/>\n<meta property=\"og:type\" content=\"article\" \/>\n<meta property=\"og:title\" content=\"TRF DX A - HiRef\" \/>\n<meta property=\"og:description\" content=\"Los TRF DX son aires acondicionados de precisi\u00f3n para entornos tecnol\u00f3gicos de dimensiones medianas a grandes que requieren un control preciso de los par\u00e1metros termohigrom\u00e9tricos y un funcionamiento continuo las 24 horas del d\u00eda.\" \/>\n<meta property=\"og:url\" content=\"https:\/\/hiref.com.mx\/index.php\/producto\/trf-dx-a\/\" \/>\n<meta property=\"og:site_name\" content=\"HiRef\" \/>\n<meta property=\"article:publisher\" content=\"https:\/\/www.facebook.com\/hirefmexico\" \/>\n<meta property=\"article:modified_time\" content=\"2025-03-11T19:48:25+00:00\" \/>\n<meta property=\"og:image\" content=\"https:\/\/hiref.com.mx\/wp-content\/uploads\/2025\/03\/TRF_DX_A_1.png\" \/>\n\t<meta property=\"og:image:width\" content=\"600\" \/>\n\t<meta property=\"og:image:height\" content=\"800\" \/>\n\t<meta property=\"og:image:type\" content=\"image\/png\" \/>\n<meta name=\"twitter:card\" content=\"summary_large_image\" \/>\n<meta name=\"twitter:label1\" content=\"Tiempo de lectura\" \/>\n\t<meta name=\"twitter:data1\" content=\"2 minutos\" \/>\n<script type=\"application\/ld+json\" class=\"yoast-schema-graph\">{\"@context\":\"https:\/\/schema.org\",\"@graph\":[{\"@type\":\"WebPage\",\"@id\":\"https:\/\/hiref.com.mx\/index.php\/producto\/trf-dx-a\/\",\"url\":\"https:\/\/hiref.com.mx\/index.php\/producto\/trf-dx-a\/\",\"name\":\"TRF DX A - HiRef\",\"isPartOf\":{\"@id\":\"https:\/\/hiref.com.mx\/#website\"},\"primaryImageOfPage\":{\"@id\":\"https:\/\/hiref.com.mx\/index.php\/producto\/trf-dx-a\/#primaryimage\"},\"image\":{\"@id\":\"https:\/\/hiref.com.mx\/index.php\/producto\/trf-dx-a\/#primaryimage\"},\"thumbnailUrl\":\"https:\/\/hiref.com.mx\/wp-content\/uploads\/2025\/03\/TRF_DX_A_1.png\",\"datePublished\":\"2025-03-11T19:24:58+00:00\",\"dateModified\":\"2025-03-11T19:48:25+00:00\",\"breadcrumb\":{\"@id\":\"https:\/\/hiref.com.mx\/index.php\/producto\/trf-dx-a\/#breadcrumb\"},\"inLanguage\":\"es\",\"potentialAction\":[{\"@type\":\"ReadAction\",\"target\":[\"https:\/\/hiref.com.mx\/index.php\/producto\/trf-dx-a\/\"]}]},{\"@type\":\"ImageObject\",\"inLanguage\":\"es\",\"@id\":\"https:\/\/hiref.com.mx\/index.php\/producto\/trf-dx-a\/#primaryimage\",\"url\":\"https:\/\/hiref.com.mx\/wp-content\/uploads\/2025\/03\/TRF_DX_A_1.png\",\"contentUrl\":\"https:\/\/hiref.com.mx\/wp-content\/uploads\/2025\/03\/TRF_DX_A_1.png\",\"width\":600,\"height\":800},{\"@type\":\"BreadcrumbList\",\"@id\":\"https:\/\/hiref.com.mx\/index.php\/producto\/trf-dx-a\/#breadcrumb\",\"itemListElement\":[{\"@type\":\"ListItem\",\"position\":1,\"name\":\"Inicio\",\"item\":\"https:\/\/hiref.com.mx\/\"},{\"@type\":\"ListItem\",\"position\":2,\"name\":\"Tienda\",\"item\":\"https:\/\/hiref.com.mx\/?page_id=240\"},{\"@type\":\"ListItem\",\"position\":3,\"name\":\"TRF DX A\"}]},{\"@type\":\"WebSite\",\"@id\":\"https:\/\/hiref.com.mx\/#website\",\"url\":\"https:\/\/hiref.com.mx\/\",\"name\":\"HiRef\",\"description\":\"Aire acondicionado de precisi\u00f3n para Data Center y Telecom\",\"potentialAction\":[{\"@type\":\"SearchAction\",\"target\":{\"@type\":\"EntryPoint\",\"urlTemplate\":\"https:\/\/hiref.com.mx\/?s={search_term_string}\"},\"query-input\":{\"@type\":\"PropertyValueSpecification\",\"valueRequired\":true,\"valueName\":\"search_term_string\"}}],\"inLanguage\":\"es\"}]}<\/script>\n<!-- \/ Yoast SEO plugin. -->","yoast_head_json":{"title":"TRF DX A - HiRef","robots":{"index":"index","follow":"follow","max-snippet":"max-snippet:-1","max-image-preview":"max-image-preview:large","max-video-preview":"max-video-preview:-1"},"canonical":"https:\/\/hiref.com.mx\/index.php\/producto\/trf-dx-a\/","og_locale":"es_MX","og_type":"article","og_title":"TRF DX A - HiRef","og_description":"Los TRF DX son aires acondicionados de precisi\u00f3n para entornos tecnol\u00f3gicos de dimensiones medianas a grandes que requieren un control preciso de los par\u00e1metros termohigrom\u00e9tricos y un funcionamiento continuo las 24 horas del d\u00eda.","og_url":"https:\/\/hiref.com.mx\/index.php\/producto\/trf-dx-a\/","og_site_name":"HiRef","article_publisher":"https:\/\/www.facebook.com\/hirefmexico","article_modified_time":"2025-03-11T19:48:25+00:00","og_image":[{"width":600,"height":800,"url":"https:\/\/hiref.com.mx\/wp-content\/uploads\/2025\/03\/TRF_DX_A_1.png","type":"image\/png"}],"twitter_card":"summary_large_image","twitter_misc":{"Tiempo de lectura":"2 minutos"},"schema":{"@context":"https:\/\/schema.org","@graph":[{"@type":"WebPage","@id":"https:\/\/hiref.com.mx\/index.php\/producto\/trf-dx-a\/","url":"https:\/\/hiref.com.mx\/index.php\/producto\/trf-dx-a\/","name":"TRF DX A - HiRef","isPartOf":{"@id":"https:\/\/hiref.com.mx\/#website"},"primaryImageOfPage":{"@id":"https:\/\/hiref.com.mx\/index.php\/producto\/trf-dx-a\/#primaryimage"},"image":{"@id":"https:\/\/hiref.com.mx\/index.php\/producto\/trf-dx-a\/#primaryimage"},"thumbnailUrl":"https:\/\/hiref.com.mx\/wp-content\/uploads\/2025\/03\/TRF_DX_A_1.png","datePublished":"2025-03-11T19:24:58+00:00","dateModified":"2025-03-11T19:48:25+00:00","breadcrumb":{"@id":"https:\/\/hiref.com.mx\/index.php\/producto\/trf-dx-a\/#breadcrumb"},"inLanguage":"es","potentialAction":[{"@type":"ReadAction","target":["https:\/\/hiref.com.mx\/index.php\/producto\/trf-dx-a\/"]}]},{"@type":"ImageObject","inLanguage":"es","@id":"https:\/\/hiref.com.mx\/index.php\/producto\/trf-dx-a\/#primaryimage","url":"https:\/\/hiref.com.mx\/wp-content\/uploads\/2025\/03\/TRF_DX_A_1.png","contentUrl":"https:\/\/hiref.com.mx\/wp-content\/uploads\/2025\/03\/TRF_DX_A_1.png","width":600,"height":800},{"@type":"BreadcrumbList","@id":"https:\/\/hiref.com.mx\/index.php\/producto\/trf-dx-a\/#breadcrumb","itemListElement":[{"@type":"ListItem","position":1,"name":"Inicio","item":"https:\/\/hiref.com.mx\/"},{"@type":"ListItem","position":2,"name":"Tienda","item":"https:\/\/hiref.com.mx\/?page_id=240"},{"@type":"ListItem","position":3,"name":"TRF DX A"}]},{"@type":"WebSite","@id":"https:\/\/hiref.com.mx\/#website","url":"https:\/\/hiref.com.mx\/","name":"HiRef","description":"Aire acondicionado de precisi\u00f3n para Data Center y Telecom","potentialAction":[{"@type":"SearchAction","target":{"@type":"EntryPoint","urlTemplate":"https:\/\/hiref.com.mx\/?s={search_term_string}"},"query-input":{"@type":"PropertyValueSpecification","valueRequired":true,"valueName":"search_term_string"}}],"inLanguage":"es"}]}},"_links":{"self":[{"href":"https:\/\/hiref.com.mx\/index.php\/wp-json\/wp\/v2\/product\/2925","targetHints":{"allow":["GET"]}}],"collection":[{"href":"https:\/\/hiref.com.mx\/index.php\/wp-json\/wp\/v2\/product"}],"about":[{"href":"https:\/\/hiref.com.mx\/index.php\/wp-json\/wp\/v2\/types\/product"}],"version-history":[{"count":0,"href":"https:\/\/hiref.com.mx\/index.php\/wp-json\/wp\/v2\/product\/2925\/revisions"}],"wp:featuredmedia":[{"embeddable":true,"href":"https:\/\/hiref.com.mx\/index.php\/wp-json\/wp\/v2\/media\/2929"}],"wp:attachment":[{"href":"https:\/\/hiref.com.mx\/index.php\/wp-json\/wp\/v2\/media?parent=2925"}],"wp:term":[{"taxonomy":"product_brand","embeddable":true,"href":"https:\/\/hiref.com.mx\/index.php\/wp-json\/wp\/v2\/product_brand?post=2925"},{"taxonomy":"product_cat","embeddable":true,"href":"https:\/\/hiref.com.mx\/index.php\/wp-json\/wp\/v2\/product_cat?post=2925"},{"taxonomy":"product_tag","embeddable":true,"href":"https:\/\/hiref.com.mx\/index.php\/wp-json\/wp\/v2\/product_tag?post=2925"}],"curies":[{"name":"wp","href":"https:\/\/api.w.org\/{rel}","templated":true}]}}