{"id":2812,"date":"2024-08-05T19:22:11","date_gmt":"2024-08-05T19:22:11","guid":{"rendered":"https:\/\/hiref.com.mx\/?post_type=product&#038;p=2812"},"modified":"2025-09-10T17:02:58","modified_gmt":"2025-09-10T17:02:58","slug":"tva","status":"publish","type":"product","link":"https:\/\/hiref.com.mx\/index.php\/producto\/tva\/","title":{"rendered":"TVA"},"content":{"rendered":"<p>Rango: 296 -1367 kW<\/p>\n<p>TVA es la gama de chillers enfriados por aire, dise\u00f1ados para procesos energ\u00e9ticamente eficientes y sostenibles. Con este equipo se obtiene un bajo impacto ambiental, gracias al uso de nuevos refrigerantes HFO con bajo Potencial de Calentamiento Global (GWP), mientras que se consiguen mayores rangos de eficiencia\/huella, gracias a la particular configuraci\u00f3n en &#8220;V&#8221; de los serpentines de intercambio de calor y a su tama\u00f1o, siendo la enfriadora m\u00e1s grande del mercado.<\/p>\n<p>Las superficies de intercambio de calor, para la versi\u00f3n Free-Cooling, se duplican respecto a la media ofrecida en el mercado y alcanzan un alto rendimiento operativo. Adem\u00e1s de la alta eficiencia termodin\u00e1mica con un bajo Impacto de Calentamiento Equivalente Total (TEWI), tambi\u00e9n se presta especial atenci\u00f3n al mantenimiento y a la f\u00e1cil accesibilidad de los compresores contenidos en el m\u00f3dulo extra\u00edble HiRail que reduce el ruido emitido.<\/p>\n","protected":false},"excerpt":{"rendered":"<p>Rango: 296 -1367 kW TVA es la gama de chillers enfriados por aire, dise\u00f1ados para procesos energ\u00e9ticamente eficientes y sostenibles. Con este equipo se obtiene un bajo impacto ambiental, gracias al uso de nuevos refrigerantes HFO con bajo Potencial de Calentamiento Global (GWP), mientras que se consiguen mayores rangos de eficiencia\/huella, gracias a la particular [&hellip;]<\/p>\n","protected":false},"featured_media":2813,"template":"","meta":[],"product_brand":[],"product_cat":[30,22,26],"product_tag":[],"class_list":{"0":"post-2812","1":"product","2":"type-product","3":"status-publish","4":"has-post-thumbnail","6":"product_cat-chillers-y-minichillers","7":"product_cat-hvac-para-data-center","8":"product_cat-free-cooling","10":"first","11":"instock","12":"shipping-taxable","13":"product-type-simple"},"acf":[],"yoast_head":"<!-- This site is optimized with the Yoast SEO plugin v25.8 - https:\/\/yoast.com\/wordpress\/plugins\/seo\/ -->\n<title>TVA - HiRef<\/title>\n<meta name=\"robots\" content=\"index, follow, max-snippet:-1, max-image-preview:large, max-video-preview:-1\" \/>\n<link rel=\"canonical\" href=\"https:\/\/hiref.com.mx\/index.php\/producto\/tva\/\" \/>\n<meta property=\"og:locale\" content=\"es_MX\" \/>\n<meta property=\"og:type\" content=\"article\" \/>\n<meta property=\"og:title\" content=\"TVA - HiRef\" \/>\n<meta property=\"og:description\" content=\"Rango: 296 -1367 kW TVA es la gama de chillers enfriados por aire, dise\u00f1ados para procesos energ\u00e9ticamente eficientes y sostenibles. Con este equipo se obtiene un bajo impacto ambiental, gracias al uso de nuevos refrigerantes HFO con bajo Potencial de Calentamiento Global (GWP), mientras que se consiguen mayores rangos de eficiencia\/huella, gracias a la particular [&hellip;]\" \/>\n<meta property=\"og:url\" content=\"https:\/\/hiref.com.mx\/index.php\/producto\/tva\/\" \/>\n<meta property=\"og:site_name\" content=\"HiRef\" \/>\n<meta property=\"article:publisher\" content=\"https:\/\/www.facebook.com\/hirefmexico\" \/>\n<meta property=\"article:modified_time\" content=\"2025-09-10T17:02:58+00:00\" \/>\n<meta property=\"og:image\" content=\"https:\/\/hiref.com.mx\/wp-content\/uploads\/2024\/08\/TVA_1.png\" \/>\n\t<meta property=\"og:image:width\" content=\"1097\" \/>\n\t<meta property=\"og:image:height\" content=\"800\" \/>\n\t<meta property=\"og:image:type\" content=\"image\/png\" \/>\n<meta name=\"twitter:card\" content=\"summary_large_image\" \/>\n<meta name=\"twitter:label1\" content=\"Tiempo de lectura\" \/>\n\t<meta name=\"twitter:data1\" content=\"1 minuto\" \/>\n<script type=\"application\/ld+json\" class=\"yoast-schema-graph\">{\"@context\":\"https:\/\/schema.org\",\"@graph\":[{\"@type\":\"WebPage\",\"@id\":\"https:\/\/hiref.com.mx\/index.php\/producto\/tva\/\",\"url\":\"https:\/\/hiref.com.mx\/index.php\/producto\/tva\/\",\"name\":\"TVA - HiRef\",\"isPartOf\":{\"@id\":\"https:\/\/hiref.com.mx\/#website\"},\"primaryImageOfPage\":{\"@id\":\"https:\/\/hiref.com.mx\/index.php\/producto\/tva\/#primaryimage\"},\"image\":{\"@id\":\"https:\/\/hiref.com.mx\/index.php\/producto\/tva\/#primaryimage\"},\"thumbnailUrl\":\"https:\/\/hiref.com.mx\/wp-content\/uploads\/2024\/08\/TVA_1.png\",\"datePublished\":\"2024-08-05T19:22:11+00:00\",\"dateModified\":\"2025-09-10T17:02:58+00:00\",\"breadcrumb\":{\"@id\":\"https:\/\/hiref.com.mx\/index.php\/producto\/tva\/#breadcrumb\"},\"inLanguage\":\"es\",\"potentialAction\":[{\"@type\":\"ReadAction\",\"target\":[\"https:\/\/hiref.com.mx\/index.php\/producto\/tva\/\"]}]},{\"@type\":\"ImageObject\",\"inLanguage\":\"es\",\"@id\":\"https:\/\/hiref.com.mx\/index.php\/producto\/tva\/#primaryimage\",\"url\":\"https:\/\/hiref.com.mx\/wp-content\/uploads\/2024\/08\/TVA_1.png\",\"contentUrl\":\"https:\/\/hiref.com.mx\/wp-content\/uploads\/2024\/08\/TVA_1.png\",\"width\":1097,\"height\":800},{\"@type\":\"BreadcrumbList\",\"@id\":\"https:\/\/hiref.com.mx\/index.php\/producto\/tva\/#breadcrumb\",\"itemListElement\":[{\"@type\":\"ListItem\",\"position\":1,\"name\":\"Inicio\",\"item\":\"https:\/\/hiref.com.mx\/\"},{\"@type\":\"ListItem\",\"position\":2,\"name\":\"Tienda\",\"item\":\"https:\/\/hiref.com.mx\/?page_id=240\"},{\"@type\":\"ListItem\",\"position\":3,\"name\":\"TVA\"}]},{\"@type\":\"WebSite\",\"@id\":\"https:\/\/hiref.com.mx\/#website\",\"url\":\"https:\/\/hiref.com.mx\/\",\"name\":\"HiRef\",\"description\":\"Aire acondicionado de precisi\u00f3n para Data Center y Telecom\",\"potentialAction\":[{\"@type\":\"SearchAction\",\"target\":{\"@type\":\"EntryPoint\",\"urlTemplate\":\"https:\/\/hiref.com.mx\/?s={search_term_string}\"},\"query-input\":{\"@type\":\"PropertyValueSpecification\",\"valueRequired\":true,\"valueName\":\"search_term_string\"}}],\"inLanguage\":\"es\"}]}<\/script>\n<!-- \/ Yoast SEO plugin. -->","yoast_head_json":{"title":"TVA - HiRef","robots":{"index":"index","follow":"follow","max-snippet":"max-snippet:-1","max-image-preview":"max-image-preview:large","max-video-preview":"max-video-preview:-1"},"canonical":"https:\/\/hiref.com.mx\/index.php\/producto\/tva\/","og_locale":"es_MX","og_type":"article","og_title":"TVA - HiRef","og_description":"Rango: 296 -1367 kW TVA es la gama de chillers enfriados por aire, dise\u00f1ados para procesos energ\u00e9ticamente eficientes y sostenibles. Con este equipo se obtiene un bajo impacto ambiental, gracias al uso de nuevos refrigerantes HFO con bajo Potencial de Calentamiento Global (GWP), mientras que se consiguen mayores rangos de eficiencia\/huella, gracias a la particular [&hellip;]","og_url":"https:\/\/hiref.com.mx\/index.php\/producto\/tva\/","og_site_name":"HiRef","article_publisher":"https:\/\/www.facebook.com\/hirefmexico","article_modified_time":"2025-09-10T17:02:58+00:00","og_image":[{"width":1097,"height":800,"url":"https:\/\/hiref.com.mx\/wp-content\/uploads\/2024\/08\/TVA_1.png","type":"image\/png"}],"twitter_card":"summary_large_image","twitter_misc":{"Tiempo de lectura":"1 minuto"},"schema":{"@context":"https:\/\/schema.org","@graph":[{"@type":"WebPage","@id":"https:\/\/hiref.com.mx\/index.php\/producto\/tva\/","url":"https:\/\/hiref.com.mx\/index.php\/producto\/tva\/","name":"TVA - HiRef","isPartOf":{"@id":"https:\/\/hiref.com.mx\/#website"},"primaryImageOfPage":{"@id":"https:\/\/hiref.com.mx\/index.php\/producto\/tva\/#primaryimage"},"image":{"@id":"https:\/\/hiref.com.mx\/index.php\/producto\/tva\/#primaryimage"},"thumbnailUrl":"https:\/\/hiref.com.mx\/wp-content\/uploads\/2024\/08\/TVA_1.png","datePublished":"2024-08-05T19:22:11+00:00","dateModified":"2025-09-10T17:02:58+00:00","breadcrumb":{"@id":"https:\/\/hiref.com.mx\/index.php\/producto\/tva\/#breadcrumb"},"inLanguage":"es","potentialAction":[{"@type":"ReadAction","target":["https:\/\/hiref.com.mx\/index.php\/producto\/tva\/"]}]},{"@type":"ImageObject","inLanguage":"es","@id":"https:\/\/hiref.com.mx\/index.php\/producto\/tva\/#primaryimage","url":"https:\/\/hiref.com.mx\/wp-content\/uploads\/2024\/08\/TVA_1.png","contentUrl":"https:\/\/hiref.com.mx\/wp-content\/uploads\/2024\/08\/TVA_1.png","width":1097,"height":800},{"@type":"BreadcrumbList","@id":"https:\/\/hiref.com.mx\/index.php\/producto\/tva\/#breadcrumb","itemListElement":[{"@type":"ListItem","position":1,"name":"Inicio","item":"https:\/\/hiref.com.mx\/"},{"@type":"ListItem","position":2,"name":"Tienda","item":"https:\/\/hiref.com.mx\/?page_id=240"},{"@type":"ListItem","position":3,"name":"TVA"}]},{"@type":"WebSite","@id":"https:\/\/hiref.com.mx\/#website","url":"https:\/\/hiref.com.mx\/","name":"HiRef","description":"Aire acondicionado de precisi\u00f3n para Data Center y Telecom","potentialAction":[{"@type":"SearchAction","target":{"@type":"EntryPoint","urlTemplate":"https:\/\/hiref.com.mx\/?s={search_term_string}"},"query-input":{"@type":"PropertyValueSpecification","valueRequired":true,"valueName":"search_term_string"}}],"inLanguage":"es"}]}},"_links":{"self":[{"href":"https:\/\/hiref.com.mx\/index.php\/wp-json\/wp\/v2\/product\/2812","targetHints":{"allow":["GET"]}}],"collection":[{"href":"https:\/\/hiref.com.mx\/index.php\/wp-json\/wp\/v2\/product"}],"about":[{"href":"https:\/\/hiref.com.mx\/index.php\/wp-json\/wp\/v2\/types\/product"}],"version-history":[{"count":1,"href":"https:\/\/hiref.com.mx\/index.php\/wp-json\/wp\/v2\/product\/2812\/revisions"}],"predecessor-version":[{"id":3468,"href":"https:\/\/hiref.com.mx\/index.php\/wp-json\/wp\/v2\/product\/2812\/revisions\/3468"}],"wp:featuredmedia":[{"embeddable":true,"href":"https:\/\/hiref.com.mx\/index.php\/wp-json\/wp\/v2\/media\/2813"}],"wp:attachment":[{"href":"https:\/\/hiref.com.mx\/index.php\/wp-json\/wp\/v2\/media?parent=2812"}],"wp:term":[{"taxonomy":"product_brand","embeddable":true,"href":"https:\/\/hiref.com.mx\/index.php\/wp-json\/wp\/v2\/product_brand?post=2812"},{"taxonomy":"product_cat","embeddable":true,"href":"https:\/\/hiref.com.mx\/index.php\/wp-json\/wp\/v2\/product_cat?post=2812"},{"taxonomy":"product_tag","embeddable":true,"href":"https:\/\/hiref.com.mx\/index.php\/wp-json\/wp\/v2\/product_tag?post=2812"}],"curies":[{"name":"wp","href":"https:\/\/api.w.org\/{rel}","templated":true}]}}