{"id":1968,"date":"2023-05-22T18:52:06","date_gmt":"2023-05-22T18:52:06","guid":{"rendered":"http:\/\/hiref.com.mx\/?post_type=product&#038;p=1968"},"modified":"2023-07-04T00:18:28","modified_gmt":"2023-07-04T00:18:28","slug":"ttx","status":"publish","type":"product","link":"https:\/\/hiref.com.mx\/index.php\/producto\/ttx\/","title":{"rendered":"TTX"},"content":{"rendered":"<p>Rango: 281-1057 kW<\/p>\n<p>TTX es una gama eficiente e innovadora de chillers de precisi\u00f3n condensados \u200b\u200bpor aire. El uso del compresor centr\u00edfugo exento de aceite en combinaci\u00f3n con los nuevos intercambiadores sumergidos de tama\u00f1o peque\u00f1o (m\u00ednima aproximaci\u00f3n entre agua y refrigerante y reducci\u00f3n de la carga de refrigerante en comparaci\u00f3n con los intercambiadores sumergidos tradicionales) permite aprovechar al m\u00e1ximo las eficiencias m\u00e1s altas, especialmente con cargas parciales. Las enfriadoras de la gama TTX se pueden elegir con el nuevo refrigerante HFO R1234ze, caracterizado por un baj\u00edsimo impacto ambiental, minimizando el TEWI (Total Equivalent Warming Impact) de todo el sistema.<\/p>\n","protected":false},"excerpt":{"rendered":"<p>Rango: 281-1057 kW TTX es una gama eficiente e innovadora de chillers de precisi\u00f3n condensados \u200b\u200bpor aire. El uso del compresor centr\u00edfugo exento de aceite en combinaci\u00f3n con los nuevos intercambiadores sumergidos de tama\u00f1o peque\u00f1o (m\u00ednima aproximaci\u00f3n entre agua y refrigerante y reducci\u00f3n de la carga de refrigerante en comparaci\u00f3n con los intercambiadores sumergidos tradicionales) [&hellip;]<\/p>\n","protected":false},"featured_media":1971,"template":"","meta":[],"product_brand":[],"product_cat":[30],"product_tag":[],"class_list":{"0":"post-1968","1":"product","2":"type-product","3":"status-publish","4":"has-post-thumbnail","6":"product_cat-chillers-y-minichillers","8":"first","9":"instock","10":"shipping-taxable","11":"product-type-simple"},"acf":[],"yoast_head":"<!-- This site is optimized with the Yoast SEO plugin v25.8 - https:\/\/yoast.com\/wordpress\/plugins\/seo\/ -->\n<title>TTX - HiRef<\/title>\n<meta name=\"description\" content=\"TTX eficientes e innovadores aires acondicionados de precisi\u00f3n condensados \u200b\u200bpor aire. Con el nuevo refrigerante HFO R1234ze, con baj\u00edsimo impacto ambiental\" \/>\n<meta name=\"robots\" content=\"index, follow, max-snippet:-1, max-image-preview:large, max-video-preview:-1\" \/>\n<link rel=\"canonical\" href=\"https:\/\/hiref.com.mx\/index.php\/producto\/ttx\/\" \/>\n<meta property=\"og:locale\" content=\"es_MX\" \/>\n<meta property=\"og:type\" content=\"article\" \/>\n<meta property=\"og:title\" content=\"TTX - HiRef\" \/>\n<meta property=\"og:description\" content=\"TTX eficientes e innovadores aires acondicionados de precisi\u00f3n condensados \u200b\u200bpor aire. Con el nuevo refrigerante HFO R1234ze, con baj\u00edsimo impacto ambiental\" \/>\n<meta property=\"og:url\" content=\"https:\/\/hiref.com.mx\/index.php\/producto\/ttx\/\" \/>\n<meta property=\"og:site_name\" content=\"HiRef\" \/>\n<meta property=\"article:publisher\" content=\"https:\/\/www.facebook.com\/hirefmexico\" \/>\n<meta property=\"article:modified_time\" content=\"2023-07-04T00:18:28+00:00\" \/>\n<meta property=\"og:image\" content=\"https:\/\/hiref.com.mx\/wp-content\/uploads\/2023\/05\/TTX3.png\" \/>\n\t<meta property=\"og:image:width\" content=\"800\" \/>\n\t<meta property=\"og:image:height\" content=\"800\" \/>\n\t<meta property=\"og:image:type\" content=\"image\/png\" \/>\n<meta name=\"twitter:card\" content=\"summary_large_image\" \/>\n<meta name=\"twitter:label1\" content=\"Tiempo de lectura\" \/>\n\t<meta name=\"twitter:data1\" content=\"1 minuto\" \/>\n<script type=\"application\/ld+json\" class=\"yoast-schema-graph\">{\"@context\":\"https:\/\/schema.org\",\"@graph\":[{\"@type\":\"WebPage\",\"@id\":\"https:\/\/hiref.com.mx\/index.php\/producto\/ttx\/\",\"url\":\"https:\/\/hiref.com.mx\/index.php\/producto\/ttx\/\",\"name\":\"TTX - HiRef\",\"isPartOf\":{\"@id\":\"https:\/\/hiref.com.mx\/#website\"},\"primaryImageOfPage\":{\"@id\":\"https:\/\/hiref.com.mx\/index.php\/producto\/ttx\/#primaryimage\"},\"image\":{\"@id\":\"https:\/\/hiref.com.mx\/index.php\/producto\/ttx\/#primaryimage\"},\"thumbnailUrl\":\"https:\/\/hiref.com.mx\/wp-content\/uploads\/2023\/05\/TTX3.png\",\"datePublished\":\"2023-05-22T18:52:06+00:00\",\"dateModified\":\"2023-07-04T00:18:28+00:00\",\"description\":\"TTX eficientes e innovadores aires acondicionados de precisi\u00f3n condensados \u200b\u200bpor aire. Con el nuevo refrigerante HFO R1234ze, con baj\u00edsimo impacto ambiental\",\"breadcrumb\":{\"@id\":\"https:\/\/hiref.com.mx\/index.php\/producto\/ttx\/#breadcrumb\"},\"inLanguage\":\"es\",\"potentialAction\":[{\"@type\":\"ReadAction\",\"target\":[\"https:\/\/hiref.com.mx\/index.php\/producto\/ttx\/\"]}]},{\"@type\":\"ImageObject\",\"inLanguage\":\"es\",\"@id\":\"https:\/\/hiref.com.mx\/index.php\/producto\/ttx\/#primaryimage\",\"url\":\"https:\/\/hiref.com.mx\/wp-content\/uploads\/2023\/05\/TTX3.png\",\"contentUrl\":\"https:\/\/hiref.com.mx\/wp-content\/uploads\/2023\/05\/TTX3.png\",\"width\":800,\"height\":800},{\"@type\":\"BreadcrumbList\",\"@id\":\"https:\/\/hiref.com.mx\/index.php\/producto\/ttx\/#breadcrumb\",\"itemListElement\":[{\"@type\":\"ListItem\",\"position\":1,\"name\":\"Inicio\",\"item\":\"https:\/\/hiref.com.mx\/\"},{\"@type\":\"ListItem\",\"position\":2,\"name\":\"Tienda\",\"item\":\"https:\/\/hiref.com.mx\/?page_id=240\"},{\"@type\":\"ListItem\",\"position\":3,\"name\":\"TTX\"}]},{\"@type\":\"WebSite\",\"@id\":\"https:\/\/hiref.com.mx\/#website\",\"url\":\"https:\/\/hiref.com.mx\/\",\"name\":\"HiRef\",\"description\":\"Aire acondicionado de precisi\u00f3n para Data Center y Telecom\",\"potentialAction\":[{\"@type\":\"SearchAction\",\"target\":{\"@type\":\"EntryPoint\",\"urlTemplate\":\"https:\/\/hiref.com.mx\/?s={search_term_string}\"},\"query-input\":{\"@type\":\"PropertyValueSpecification\",\"valueRequired\":true,\"valueName\":\"search_term_string\"}}],\"inLanguage\":\"es\"}]}<\/script>\n<!-- \/ Yoast SEO plugin. -->","yoast_head_json":{"title":"TTX - HiRef","description":"TTX eficientes e innovadores aires acondicionados de precisi\u00f3n condensados \u200b\u200bpor aire. Con el nuevo refrigerante HFO R1234ze, con baj\u00edsimo impacto ambiental","robots":{"index":"index","follow":"follow","max-snippet":"max-snippet:-1","max-image-preview":"max-image-preview:large","max-video-preview":"max-video-preview:-1"},"canonical":"https:\/\/hiref.com.mx\/index.php\/producto\/ttx\/","og_locale":"es_MX","og_type":"article","og_title":"TTX - HiRef","og_description":"TTX eficientes e innovadores aires acondicionados de precisi\u00f3n condensados \u200b\u200bpor aire. Con el nuevo refrigerante HFO R1234ze, con baj\u00edsimo impacto ambiental","og_url":"https:\/\/hiref.com.mx\/index.php\/producto\/ttx\/","og_site_name":"HiRef","article_publisher":"https:\/\/www.facebook.com\/hirefmexico","article_modified_time":"2023-07-04T00:18:28+00:00","og_image":[{"width":800,"height":800,"url":"https:\/\/hiref.com.mx\/wp-content\/uploads\/2023\/05\/TTX3.png","type":"image\/png"}],"twitter_card":"summary_large_image","twitter_misc":{"Tiempo de lectura":"1 minuto"},"schema":{"@context":"https:\/\/schema.org","@graph":[{"@type":"WebPage","@id":"https:\/\/hiref.com.mx\/index.php\/producto\/ttx\/","url":"https:\/\/hiref.com.mx\/index.php\/producto\/ttx\/","name":"TTX - HiRef","isPartOf":{"@id":"https:\/\/hiref.com.mx\/#website"},"primaryImageOfPage":{"@id":"https:\/\/hiref.com.mx\/index.php\/producto\/ttx\/#primaryimage"},"image":{"@id":"https:\/\/hiref.com.mx\/index.php\/producto\/ttx\/#primaryimage"},"thumbnailUrl":"https:\/\/hiref.com.mx\/wp-content\/uploads\/2023\/05\/TTX3.png","datePublished":"2023-05-22T18:52:06+00:00","dateModified":"2023-07-04T00:18:28+00:00","description":"TTX eficientes e innovadores aires acondicionados de precisi\u00f3n condensados \u200b\u200bpor aire. Con el nuevo refrigerante HFO R1234ze, con baj\u00edsimo impacto ambiental","breadcrumb":{"@id":"https:\/\/hiref.com.mx\/index.php\/producto\/ttx\/#breadcrumb"},"inLanguage":"es","potentialAction":[{"@type":"ReadAction","target":["https:\/\/hiref.com.mx\/index.php\/producto\/ttx\/"]}]},{"@type":"ImageObject","inLanguage":"es","@id":"https:\/\/hiref.com.mx\/index.php\/producto\/ttx\/#primaryimage","url":"https:\/\/hiref.com.mx\/wp-content\/uploads\/2023\/05\/TTX3.png","contentUrl":"https:\/\/hiref.com.mx\/wp-content\/uploads\/2023\/05\/TTX3.png","width":800,"height":800},{"@type":"BreadcrumbList","@id":"https:\/\/hiref.com.mx\/index.php\/producto\/ttx\/#breadcrumb","itemListElement":[{"@type":"ListItem","position":1,"name":"Inicio","item":"https:\/\/hiref.com.mx\/"},{"@type":"ListItem","position":2,"name":"Tienda","item":"https:\/\/hiref.com.mx\/?page_id=240"},{"@type":"ListItem","position":3,"name":"TTX"}]},{"@type":"WebSite","@id":"https:\/\/hiref.com.mx\/#website","url":"https:\/\/hiref.com.mx\/","name":"HiRef","description":"Aire acondicionado de precisi\u00f3n para Data Center y Telecom","potentialAction":[{"@type":"SearchAction","target":{"@type":"EntryPoint","urlTemplate":"https:\/\/hiref.com.mx\/?s={search_term_string}"},"query-input":{"@type":"PropertyValueSpecification","valueRequired":true,"valueName":"search_term_string"}}],"inLanguage":"es"}]}},"_links":{"self":[{"href":"https:\/\/hiref.com.mx\/index.php\/wp-json\/wp\/v2\/product\/1968","targetHints":{"allow":["GET"]}}],"collection":[{"href":"https:\/\/hiref.com.mx\/index.php\/wp-json\/wp\/v2\/product"}],"about":[{"href":"https:\/\/hiref.com.mx\/index.php\/wp-json\/wp\/v2\/types\/product"}],"version-history":[{"count":0,"href":"https:\/\/hiref.com.mx\/index.php\/wp-json\/wp\/v2\/product\/1968\/revisions"}],"wp:featuredmedia":[{"embeddable":true,"href":"https:\/\/hiref.com.mx\/index.php\/wp-json\/wp\/v2\/media\/1971"}],"wp:attachment":[{"href":"https:\/\/hiref.com.mx\/index.php\/wp-json\/wp\/v2\/media?parent=1968"}],"wp:term":[{"taxonomy":"product_brand","embeddable":true,"href":"https:\/\/hiref.com.mx\/index.php\/wp-json\/wp\/v2\/product_brand?post=1968"},{"taxonomy":"product_cat","embeddable":true,"href":"https:\/\/hiref.com.mx\/index.php\/wp-json\/wp\/v2\/product_cat?post=1968"},{"taxonomy":"product_tag","embeddable":true,"href":"https:\/\/hiref.com.mx\/index.php\/wp-json\/wp\/v2\/product_tag?post=1968"}],"curies":[{"name":"wp","href":"https:\/\/api.w.org\/{rel}","templated":true}]}}