{"id":1959,"date":"2023-05-22T18:43:06","date_gmt":"2023-05-22T18:43:06","guid":{"rendered":"http:\/\/hiref.com.mx\/?post_type=product&#038;p=1959"},"modified":"2023-05-22T20:15:47","modified_gmt":"2023-05-22T20:15:47","slug":"tps","status":"publish","type":"product","link":"https:\/\/hiref.com.mx\/index.php\/producto\/tps\/","title":{"rendered":"TPS"},"content":{"rendered":"<p>Rango: 43.2 &#8211; 444.7 kW<\/p>\n<p>TPS es la gama de enfriadoras de l\u00edquido, condensadas por aire y bombas de calor con compresores Scroll. Disponible en tres versiones diferentes, enfriadora, enfriadora Free-Cooling y bomba de calor reversible y en numerosas potencias que hacen que estas unidades sean particularmente vers\u00e1tiles en varios contextos de sistemas.<\/p>\n<p>El dimensionamiento y la elecci\u00f3n de los componentes individuales tiene como objetivo limitar el consumo de energ\u00eda con miras al ahorro, no solo de la m\u00e1quina de refrigeraci\u00f3n individual, sino de todo el sistema. La unidad est\u00e1 disponible en tres opciones de insonorizaci\u00f3n. Las configuraciones disponibles para el circuito frigor\u00edfico son:<\/p>\n<p>Paquete de eficiencia 1: unidad de dos compresores y dos circuitos, para un sistema con mayor redundancia.<\/p>\n<p>Paquete de eficiencia 2: doble compresor (t\u00e1ndem) en circuito \u00fanico, para mayor eficiencia a cargas parciales.<\/p>\n<p>Paquete de eficiencia 4: cuatro compresores (doble t\u00e1ndem) con dos circuitos, para un sistema redundante y eficiente con carga reducida.<\/p>\n","protected":false},"excerpt":{"rendered":"<p>Rango: 43.2 &#8211; 444.7 kW TPS es la gama de enfriadoras de l\u00edquido, condensadas por aire y bombas de calor con compresores Scroll. Disponible en tres versiones diferentes, enfriadora, enfriadora Free-Cooling y bomba de calor reversible y en numerosas potencias que hacen que estas unidades sean particularmente vers\u00e1tiles en varios contextos de sistemas. El dimensionamiento [&hellip;]<\/p>\n","protected":false},"featured_media":1962,"template":"","meta":[],"product_brand":[],"product_cat":[30,26],"product_tag":[],"class_list":{"0":"post-1959","1":"product","2":"type-product","3":"status-publish","4":"has-post-thumbnail","6":"product_cat-chillers-y-minichillers","7":"product_cat-free-cooling","9":"first","10":"instock","11":"shipping-taxable","12":"product-type-simple"},"acf":[],"yoast_head":"<!-- This site is optimized with the Yoast SEO plugin v25.8 - https:\/\/yoast.com\/wordpress\/plugins\/seo\/ -->\n<title>TPS - HiRef<\/title>\n<meta name=\"description\" content=\"TPS enfriadoras de l\u00edquido, condensadas por aire y bombas de calor con compresores Scroll. Versiones, enfriadora, Free-Cooling y bomba de calor reversible.\" \/>\n<meta name=\"robots\" content=\"index, follow, max-snippet:-1, max-image-preview:large, max-video-preview:-1\" \/>\n<link rel=\"canonical\" href=\"https:\/\/hiref.com.mx\/index.php\/producto\/tps\/\" \/>\n<meta property=\"og:locale\" content=\"es_MX\" \/>\n<meta property=\"og:type\" content=\"article\" \/>\n<meta property=\"og:title\" content=\"TPS - HiRef\" \/>\n<meta property=\"og:description\" content=\"TPS enfriadoras de l\u00edquido, condensadas por aire y bombas de calor con compresores Scroll. Versiones, enfriadora, Free-Cooling y bomba de calor reversible.\" \/>\n<meta property=\"og:url\" content=\"https:\/\/hiref.com.mx\/index.php\/producto\/tps\/\" \/>\n<meta property=\"og:site_name\" content=\"HiRef\" \/>\n<meta property=\"article:publisher\" content=\"https:\/\/www.facebook.com\/hirefmexico\" \/>\n<meta property=\"article:modified_time\" content=\"2023-05-22T20:15:47+00:00\" \/>\n<meta property=\"og:image\" content=\"https:\/\/hiref.com.mx\/wp-content\/uploads\/2023\/05\/TPS-1.png\" \/>\n\t<meta property=\"og:image:width\" content=\"800\" \/>\n\t<meta property=\"og:image:height\" content=\"800\" \/>\n\t<meta property=\"og:image:type\" content=\"image\/png\" \/>\n<meta name=\"twitter:card\" content=\"summary_large_image\" \/>\n<meta name=\"twitter:label1\" content=\"Tiempo de lectura\" \/>\n\t<meta name=\"twitter:data1\" content=\"1 minuto\" \/>\n<script type=\"application\/ld+json\" class=\"yoast-schema-graph\">{\"@context\":\"https:\/\/schema.org\",\"@graph\":[{\"@type\":\"WebPage\",\"@id\":\"https:\/\/hiref.com.mx\/index.php\/producto\/tps\/\",\"url\":\"https:\/\/hiref.com.mx\/index.php\/producto\/tps\/\",\"name\":\"TPS - HiRef\",\"isPartOf\":{\"@id\":\"https:\/\/hiref.com.mx\/#website\"},\"primaryImageOfPage\":{\"@id\":\"https:\/\/hiref.com.mx\/index.php\/producto\/tps\/#primaryimage\"},\"image\":{\"@id\":\"https:\/\/hiref.com.mx\/index.php\/producto\/tps\/#primaryimage\"},\"thumbnailUrl\":\"https:\/\/hiref.com.mx\/wp-content\/uploads\/2023\/05\/TPS-1.png\",\"datePublished\":\"2023-05-22T18:43:06+00:00\",\"dateModified\":\"2023-05-22T20:15:47+00:00\",\"description\":\"TPS enfriadoras de l\u00edquido, condensadas por aire y bombas de calor con compresores Scroll. Versiones, enfriadora, Free-Cooling y bomba de calor reversible.\",\"breadcrumb\":{\"@id\":\"https:\/\/hiref.com.mx\/index.php\/producto\/tps\/#breadcrumb\"},\"inLanguage\":\"es\",\"potentialAction\":[{\"@type\":\"ReadAction\",\"target\":[\"https:\/\/hiref.com.mx\/index.php\/producto\/tps\/\"]}]},{\"@type\":\"ImageObject\",\"inLanguage\":\"es\",\"@id\":\"https:\/\/hiref.com.mx\/index.php\/producto\/tps\/#primaryimage\",\"url\":\"https:\/\/hiref.com.mx\/wp-content\/uploads\/2023\/05\/TPS-1.png\",\"contentUrl\":\"https:\/\/hiref.com.mx\/wp-content\/uploads\/2023\/05\/TPS-1.png\",\"width\":800,\"height\":800},{\"@type\":\"BreadcrumbList\",\"@id\":\"https:\/\/hiref.com.mx\/index.php\/producto\/tps\/#breadcrumb\",\"itemListElement\":[{\"@type\":\"ListItem\",\"position\":1,\"name\":\"Inicio\",\"item\":\"https:\/\/hiref.com.mx\/\"},{\"@type\":\"ListItem\",\"position\":2,\"name\":\"Tienda\",\"item\":\"https:\/\/hiref.com.mx\/?page_id=240\"},{\"@type\":\"ListItem\",\"position\":3,\"name\":\"TPS\"}]},{\"@type\":\"WebSite\",\"@id\":\"https:\/\/hiref.com.mx\/#website\",\"url\":\"https:\/\/hiref.com.mx\/\",\"name\":\"HiRef\",\"description\":\"Aire acondicionado de precisi\u00f3n para Data Center y Telecom\",\"potentialAction\":[{\"@type\":\"SearchAction\",\"target\":{\"@type\":\"EntryPoint\",\"urlTemplate\":\"https:\/\/hiref.com.mx\/?s={search_term_string}\"},\"query-input\":{\"@type\":\"PropertyValueSpecification\",\"valueRequired\":true,\"valueName\":\"search_term_string\"}}],\"inLanguage\":\"es\"}]}<\/script>\n<!-- \/ Yoast SEO plugin. -->","yoast_head_json":{"title":"TPS - HiRef","description":"TPS enfriadoras de l\u00edquido, condensadas por aire y bombas de calor con compresores Scroll. Versiones, enfriadora, Free-Cooling y bomba de calor reversible.","robots":{"index":"index","follow":"follow","max-snippet":"max-snippet:-1","max-image-preview":"max-image-preview:large","max-video-preview":"max-video-preview:-1"},"canonical":"https:\/\/hiref.com.mx\/index.php\/producto\/tps\/","og_locale":"es_MX","og_type":"article","og_title":"TPS - HiRef","og_description":"TPS enfriadoras de l\u00edquido, condensadas por aire y bombas de calor con compresores Scroll. Versiones, enfriadora, Free-Cooling y bomba de calor reversible.","og_url":"https:\/\/hiref.com.mx\/index.php\/producto\/tps\/","og_site_name":"HiRef","article_publisher":"https:\/\/www.facebook.com\/hirefmexico","article_modified_time":"2023-05-22T20:15:47+00:00","og_image":[{"width":800,"height":800,"url":"https:\/\/hiref.com.mx\/wp-content\/uploads\/2023\/05\/TPS-1.png","type":"image\/png"}],"twitter_card":"summary_large_image","twitter_misc":{"Tiempo de lectura":"1 minuto"},"schema":{"@context":"https:\/\/schema.org","@graph":[{"@type":"WebPage","@id":"https:\/\/hiref.com.mx\/index.php\/producto\/tps\/","url":"https:\/\/hiref.com.mx\/index.php\/producto\/tps\/","name":"TPS - HiRef","isPartOf":{"@id":"https:\/\/hiref.com.mx\/#website"},"primaryImageOfPage":{"@id":"https:\/\/hiref.com.mx\/index.php\/producto\/tps\/#primaryimage"},"image":{"@id":"https:\/\/hiref.com.mx\/index.php\/producto\/tps\/#primaryimage"},"thumbnailUrl":"https:\/\/hiref.com.mx\/wp-content\/uploads\/2023\/05\/TPS-1.png","datePublished":"2023-05-22T18:43:06+00:00","dateModified":"2023-05-22T20:15:47+00:00","description":"TPS enfriadoras de l\u00edquido, condensadas por aire y bombas de calor con compresores Scroll. Versiones, enfriadora, Free-Cooling y bomba de calor reversible.","breadcrumb":{"@id":"https:\/\/hiref.com.mx\/index.php\/producto\/tps\/#breadcrumb"},"inLanguage":"es","potentialAction":[{"@type":"ReadAction","target":["https:\/\/hiref.com.mx\/index.php\/producto\/tps\/"]}]},{"@type":"ImageObject","inLanguage":"es","@id":"https:\/\/hiref.com.mx\/index.php\/producto\/tps\/#primaryimage","url":"https:\/\/hiref.com.mx\/wp-content\/uploads\/2023\/05\/TPS-1.png","contentUrl":"https:\/\/hiref.com.mx\/wp-content\/uploads\/2023\/05\/TPS-1.png","width":800,"height":800},{"@type":"BreadcrumbList","@id":"https:\/\/hiref.com.mx\/index.php\/producto\/tps\/#breadcrumb","itemListElement":[{"@type":"ListItem","position":1,"name":"Inicio","item":"https:\/\/hiref.com.mx\/"},{"@type":"ListItem","position":2,"name":"Tienda","item":"https:\/\/hiref.com.mx\/?page_id=240"},{"@type":"ListItem","position":3,"name":"TPS"}]},{"@type":"WebSite","@id":"https:\/\/hiref.com.mx\/#website","url":"https:\/\/hiref.com.mx\/","name":"HiRef","description":"Aire acondicionado de precisi\u00f3n para Data Center y Telecom","potentialAction":[{"@type":"SearchAction","target":{"@type":"EntryPoint","urlTemplate":"https:\/\/hiref.com.mx\/?s={search_term_string}"},"query-input":{"@type":"PropertyValueSpecification","valueRequired":true,"valueName":"search_term_string"}}],"inLanguage":"es"}]}},"_links":{"self":[{"href":"https:\/\/hiref.com.mx\/index.php\/wp-json\/wp\/v2\/product\/1959","targetHints":{"allow":["GET"]}}],"collection":[{"href":"https:\/\/hiref.com.mx\/index.php\/wp-json\/wp\/v2\/product"}],"about":[{"href":"https:\/\/hiref.com.mx\/index.php\/wp-json\/wp\/v2\/types\/product"}],"version-history":[{"count":0,"href":"https:\/\/hiref.com.mx\/index.php\/wp-json\/wp\/v2\/product\/1959\/revisions"}],"wp:featuredmedia":[{"embeddable":true,"href":"https:\/\/hiref.com.mx\/index.php\/wp-json\/wp\/v2\/media\/1962"}],"wp:attachment":[{"href":"https:\/\/hiref.com.mx\/index.php\/wp-json\/wp\/v2\/media?parent=1959"}],"wp:term":[{"taxonomy":"product_brand","embeddable":true,"href":"https:\/\/hiref.com.mx\/index.php\/wp-json\/wp\/v2\/product_brand?post=1959"},{"taxonomy":"product_cat","embeddable":true,"href":"https:\/\/hiref.com.mx\/index.php\/wp-json\/wp\/v2\/product_cat?post=1959"},{"taxonomy":"product_tag","embeddable":true,"href":"https:\/\/hiref.com.mx\/index.php\/wp-json\/wp\/v2\/product_tag?post=1959"}],"curies":[{"name":"wp","href":"https:\/\/api.w.org\/{rel}","templated":true}]}}