{"id":1953,"date":"2023-05-22T18:32:19","date_gmt":"2023-05-22T18:32:19","guid":{"rendered":"http:\/\/hiref.com.mx\/?post_type=product&#038;p=1953"},"modified":"2023-07-04T00:19:10","modified_gmt":"2023-07-04T00:19:10","slug":"tal","status":"publish","type":"product","link":"https:\/\/hiref.com.mx\/index.php\/producto\/tal\/","title":{"rendered":"TAL"},"content":{"rendered":"<p>Rango: 283.2 \u2013 1,165.9 kW<\/p>\n<p>Los nuevos chillers y bombas de calor de la gama TAL son unidades aire\/agua de clase energ\u00e9tica \u201cA\u201d para refrigeraci\u00f3n y calefacci\u00f3n, disponibles con refrigerante R410A o, en la versi\u00f3n \u201cA2L\u201d, con refrigerante R454B de bajo impacto ambiental.<\/p>\n<p>La gama TAL est\u00e1 dise\u00f1ada para gestionar el acondicionamiento de plantas industriales y las cargas t\u00e9rmicas en aplicaciones tecnol\u00f3gicas, donde se requiere la m\u00e1xima fiabilidad del sistema en todas las condiciones de trabajo, las 24 horas del d\u00eda, los 7 d\u00edas de la semana.<\/p>\n<p>La gama TAL utiliza compresores scroll de \u00faltima generaci\u00f3n, intercambiador de calor de placas soldadas optimizado para uso con refrigerantes de alta presi\u00f3n (R410A\/R454B) y ventiladores axiales adecuados para instalaci\u00f3n en exteriores.<\/p>\n","protected":false},"excerpt":{"rendered":"<p>Rango: 283.2 \u2013 1,165.9 kW Los nuevos chillers y bombas de calor de la gama TAL son unidades aire\/agua de clase energ\u00e9tica \u201cA\u201d para refrigeraci\u00f3n y calefacci\u00f3n, disponibles con refrigerante R410A o, en la versi\u00f3n \u201cA2L\u201d, con refrigerante R454B de bajo impacto ambiental. La gama TAL est\u00e1 dise\u00f1ada para gestionar el acondicionamiento de plantas industriales [&hellip;]<\/p>\n","protected":false},"featured_media":1955,"template":"","meta":[],"product_brand":[],"product_cat":[30,26],"product_tag":[],"class_list":{"0":"post-1953","1":"product","2":"type-product","3":"status-publish","4":"has-post-thumbnail","6":"product_cat-chillers-y-minichillers","7":"product_cat-free-cooling","9":"first","10":"instock","11":"shipping-taxable","12":"product-type-simple"},"acf":[],"yoast_head":"<!-- This site is optimized with the Yoast SEO plugin v25.8 - https:\/\/yoast.com\/wordpress\/plugins\/seo\/ -->\n<title>TAL - HiRef<\/title>\n<meta name=\"description\" content=\"Enfriadoras y bombas de calor (gama TAL) unidades aire\/agua de clase energ\u00e9tica \u201cA\u201d, refrigeraci\u00f3n y calefacci\u00f3n, acondicionamiento de plantas industriales.\" \/>\n<meta name=\"robots\" content=\"index, follow, max-snippet:-1, max-image-preview:large, max-video-preview:-1\" \/>\n<link rel=\"canonical\" href=\"https:\/\/hiref.com.mx\/index.php\/producto\/tal\/\" \/>\n<meta property=\"og:locale\" content=\"es_MX\" \/>\n<meta property=\"og:type\" content=\"article\" \/>\n<meta property=\"og:title\" content=\"TAL - HiRef\" \/>\n<meta property=\"og:description\" content=\"Enfriadoras y bombas de calor (gama TAL) unidades aire\/agua de clase energ\u00e9tica \u201cA\u201d, refrigeraci\u00f3n y calefacci\u00f3n, acondicionamiento de plantas industriales.\" \/>\n<meta property=\"og:url\" content=\"https:\/\/hiref.com.mx\/index.php\/producto\/tal\/\" \/>\n<meta property=\"og:site_name\" content=\"HiRef\" \/>\n<meta property=\"article:publisher\" content=\"https:\/\/www.facebook.com\/hirefmexico\" \/>\n<meta property=\"article:modified_time\" content=\"2023-07-04T00:19:10+00:00\" \/>\n<meta property=\"og:image\" content=\"https:\/\/hiref.com.mx\/wp-content\/uploads\/2023\/05\/TAL-1.png\" \/>\n\t<meta property=\"og:image:width\" content=\"800\" \/>\n\t<meta property=\"og:image:height\" content=\"800\" \/>\n\t<meta property=\"og:image:type\" content=\"image\/png\" \/>\n<meta name=\"twitter:card\" content=\"summary_large_image\" \/>\n<meta name=\"twitter:label1\" content=\"Tiempo de lectura\" \/>\n\t<meta name=\"twitter:data1\" content=\"1 minuto\" \/>\n<script type=\"application\/ld+json\" class=\"yoast-schema-graph\">{\"@context\":\"https:\/\/schema.org\",\"@graph\":[{\"@type\":\"WebPage\",\"@id\":\"https:\/\/hiref.com.mx\/index.php\/producto\/tal\/\",\"url\":\"https:\/\/hiref.com.mx\/index.php\/producto\/tal\/\",\"name\":\"TAL - HiRef\",\"isPartOf\":{\"@id\":\"https:\/\/hiref.com.mx\/#website\"},\"primaryImageOfPage\":{\"@id\":\"https:\/\/hiref.com.mx\/index.php\/producto\/tal\/#primaryimage\"},\"image\":{\"@id\":\"https:\/\/hiref.com.mx\/index.php\/producto\/tal\/#primaryimage\"},\"thumbnailUrl\":\"https:\/\/hiref.com.mx\/wp-content\/uploads\/2023\/05\/TAL-1.png\",\"datePublished\":\"2023-05-22T18:32:19+00:00\",\"dateModified\":\"2023-07-04T00:19:10+00:00\",\"description\":\"Enfriadoras y bombas de calor (gama TAL) unidades aire\/agua de clase energ\u00e9tica \u201cA\u201d, refrigeraci\u00f3n y calefacci\u00f3n, acondicionamiento de plantas industriales.\",\"breadcrumb\":{\"@id\":\"https:\/\/hiref.com.mx\/index.php\/producto\/tal\/#breadcrumb\"},\"inLanguage\":\"es\",\"potentialAction\":[{\"@type\":\"ReadAction\",\"target\":[\"https:\/\/hiref.com.mx\/index.php\/producto\/tal\/\"]}]},{\"@type\":\"ImageObject\",\"inLanguage\":\"es\",\"@id\":\"https:\/\/hiref.com.mx\/index.php\/producto\/tal\/#primaryimage\",\"url\":\"https:\/\/hiref.com.mx\/wp-content\/uploads\/2023\/05\/TAL-1.png\",\"contentUrl\":\"https:\/\/hiref.com.mx\/wp-content\/uploads\/2023\/05\/TAL-1.png\",\"width\":800,\"height\":800},{\"@type\":\"BreadcrumbList\",\"@id\":\"https:\/\/hiref.com.mx\/index.php\/producto\/tal\/#breadcrumb\",\"itemListElement\":[{\"@type\":\"ListItem\",\"position\":1,\"name\":\"Inicio\",\"item\":\"https:\/\/hiref.com.mx\/\"},{\"@type\":\"ListItem\",\"position\":2,\"name\":\"Tienda\",\"item\":\"https:\/\/hiref.com.mx\/?page_id=240\"},{\"@type\":\"ListItem\",\"position\":3,\"name\":\"TAL\"}]},{\"@type\":\"WebSite\",\"@id\":\"https:\/\/hiref.com.mx\/#website\",\"url\":\"https:\/\/hiref.com.mx\/\",\"name\":\"HiRef\",\"description\":\"Aire acondicionado de precisi\u00f3n para Data Center y Telecom\",\"potentialAction\":[{\"@type\":\"SearchAction\",\"target\":{\"@type\":\"EntryPoint\",\"urlTemplate\":\"https:\/\/hiref.com.mx\/?s={search_term_string}\"},\"query-input\":{\"@type\":\"PropertyValueSpecification\",\"valueRequired\":true,\"valueName\":\"search_term_string\"}}],\"inLanguage\":\"es\"}]}<\/script>\n<!-- \/ Yoast SEO plugin. -->","yoast_head_json":{"title":"TAL - HiRef","description":"Enfriadoras y bombas de calor (gama TAL) unidades aire\/agua de clase energ\u00e9tica \u201cA\u201d, refrigeraci\u00f3n y calefacci\u00f3n, acondicionamiento de plantas industriales.","robots":{"index":"index","follow":"follow","max-snippet":"max-snippet:-1","max-image-preview":"max-image-preview:large","max-video-preview":"max-video-preview:-1"},"canonical":"https:\/\/hiref.com.mx\/index.php\/producto\/tal\/","og_locale":"es_MX","og_type":"article","og_title":"TAL - HiRef","og_description":"Enfriadoras y bombas de calor (gama TAL) unidades aire\/agua de clase energ\u00e9tica \u201cA\u201d, refrigeraci\u00f3n y calefacci\u00f3n, acondicionamiento de plantas industriales.","og_url":"https:\/\/hiref.com.mx\/index.php\/producto\/tal\/","og_site_name":"HiRef","article_publisher":"https:\/\/www.facebook.com\/hirefmexico","article_modified_time":"2023-07-04T00:19:10+00:00","og_image":[{"width":800,"height":800,"url":"https:\/\/hiref.com.mx\/wp-content\/uploads\/2023\/05\/TAL-1.png","type":"image\/png"}],"twitter_card":"summary_large_image","twitter_misc":{"Tiempo de lectura":"1 minuto"},"schema":{"@context":"https:\/\/schema.org","@graph":[{"@type":"WebPage","@id":"https:\/\/hiref.com.mx\/index.php\/producto\/tal\/","url":"https:\/\/hiref.com.mx\/index.php\/producto\/tal\/","name":"TAL - HiRef","isPartOf":{"@id":"https:\/\/hiref.com.mx\/#website"},"primaryImageOfPage":{"@id":"https:\/\/hiref.com.mx\/index.php\/producto\/tal\/#primaryimage"},"image":{"@id":"https:\/\/hiref.com.mx\/index.php\/producto\/tal\/#primaryimage"},"thumbnailUrl":"https:\/\/hiref.com.mx\/wp-content\/uploads\/2023\/05\/TAL-1.png","datePublished":"2023-05-22T18:32:19+00:00","dateModified":"2023-07-04T00:19:10+00:00","description":"Enfriadoras y bombas de calor (gama TAL) unidades aire\/agua de clase energ\u00e9tica \u201cA\u201d, refrigeraci\u00f3n y calefacci\u00f3n, acondicionamiento de plantas industriales.","breadcrumb":{"@id":"https:\/\/hiref.com.mx\/index.php\/producto\/tal\/#breadcrumb"},"inLanguage":"es","potentialAction":[{"@type":"ReadAction","target":["https:\/\/hiref.com.mx\/index.php\/producto\/tal\/"]}]},{"@type":"ImageObject","inLanguage":"es","@id":"https:\/\/hiref.com.mx\/index.php\/producto\/tal\/#primaryimage","url":"https:\/\/hiref.com.mx\/wp-content\/uploads\/2023\/05\/TAL-1.png","contentUrl":"https:\/\/hiref.com.mx\/wp-content\/uploads\/2023\/05\/TAL-1.png","width":800,"height":800},{"@type":"BreadcrumbList","@id":"https:\/\/hiref.com.mx\/index.php\/producto\/tal\/#breadcrumb","itemListElement":[{"@type":"ListItem","position":1,"name":"Inicio","item":"https:\/\/hiref.com.mx\/"},{"@type":"ListItem","position":2,"name":"Tienda","item":"https:\/\/hiref.com.mx\/?page_id=240"},{"@type":"ListItem","position":3,"name":"TAL"}]},{"@type":"WebSite","@id":"https:\/\/hiref.com.mx\/#website","url":"https:\/\/hiref.com.mx\/","name":"HiRef","description":"Aire acondicionado de precisi\u00f3n para Data Center y Telecom","potentialAction":[{"@type":"SearchAction","target":{"@type":"EntryPoint","urlTemplate":"https:\/\/hiref.com.mx\/?s={search_term_string}"},"query-input":{"@type":"PropertyValueSpecification","valueRequired":true,"valueName":"search_term_string"}}],"inLanguage":"es"}]}},"_links":{"self":[{"href":"https:\/\/hiref.com.mx\/index.php\/wp-json\/wp\/v2\/product\/1953","targetHints":{"allow":["GET"]}}],"collection":[{"href":"https:\/\/hiref.com.mx\/index.php\/wp-json\/wp\/v2\/product"}],"about":[{"href":"https:\/\/hiref.com.mx\/index.php\/wp-json\/wp\/v2\/types\/product"}],"version-history":[{"count":1,"href":"https:\/\/hiref.com.mx\/index.php\/wp-json\/wp\/v2\/product\/1953\/revisions"}],"predecessor-version":[{"id":2525,"href":"https:\/\/hiref.com.mx\/index.php\/wp-json\/wp\/v2\/product\/1953\/revisions\/2525"}],"wp:featuredmedia":[{"embeddable":true,"href":"https:\/\/hiref.com.mx\/index.php\/wp-json\/wp\/v2\/media\/1955"}],"wp:attachment":[{"href":"https:\/\/hiref.com.mx\/index.php\/wp-json\/wp\/v2\/media?parent=1953"}],"wp:term":[{"taxonomy":"product_brand","embeddable":true,"href":"https:\/\/hiref.com.mx\/index.php\/wp-json\/wp\/v2\/product_brand?post=1953"},{"taxonomy":"product_cat","embeddable":true,"href":"https:\/\/hiref.com.mx\/index.php\/wp-json\/wp\/v2\/product_cat?post=1953"},{"taxonomy":"product_tag","embeddable":true,"href":"https:\/\/hiref.com.mx\/index.php\/wp-json\/wp\/v2\/product_tag?post=1953"}],"curies":[{"name":"wp","href":"https:\/\/api.w.org\/{rel}","templated":true}]}}