{"id":1937,"date":"2023-05-22T18:24:04","date_gmt":"2023-05-22T18:24:04","guid":{"rendered":"http:\/\/hiref.com.mx\/?post_type=product&#038;p=1937"},"modified":"2023-07-04T00:23:52","modified_gmt":"2023-07-04T00:23:52","slug":"ntg","status":"publish","type":"product","link":"https:\/\/hiref.com.mx\/index.php\/producto\/ntg\/","title":{"rendered":"NTG"},"content":{"rendered":"<p>Rango: 6.6-8.6 kW<\/p>\n<p>Los aires acondicionados de precisi\u00f3n de la serie NTG con compresor inverter son unidades compactas de instalaci\u00f3n interior destinadas al acondicionamiento de salas t\u00e9cnicas e infraestructura telef\u00f3nica de bajo consumo. Gracias a la particular configuraci\u00f3n con impulsi\u00f3n de aire por desplazamiento, pueden instalarse en habitaciones sin doble suelo. Las m\u00faltiples configuraciones disponibles dan a la gama versatilidad de aplicaci\u00f3n en diferentes contextos de planta. Las unidades han sido cuidadosamente dise\u00f1adas desde el punto de vista termodin\u00e1mico y aer\u00e1ulico para garantizar la m\u00e1xima eficiencia energ\u00e9tica.<\/p>\n","protected":false},"excerpt":{"rendered":"<p>Rango: 6.6-8.6 kW Los aires acondicionados de precisi\u00f3n de la serie NTG con compresor inverter son unidades compactas de instalaci\u00f3n interior destinadas al acondicionamiento de salas t\u00e9cnicas e infraestructura telef\u00f3nica de bajo consumo. Gracias a la particular configuraci\u00f3n con impulsi\u00f3n de aire por desplazamiento, pueden instalarse en habitaciones sin doble suelo. Las m\u00faltiples configuraciones disponibles [&hellip;]<\/p>\n","protected":false},"featured_media":1939,"template":"","meta":[],"product_brand":[],"product_cat":[24,26,35,23],"product_tag":[],"class_list":{"0":"post-1937","1":"product","2":"type-product","3":"status-publish","4":"has-post-thumbnail","6":"product_cat-expansion-directa","7":"product_cat-free-cooling","8":"product_cat-indoor","9":"product_cat-telecom","11":"first","12":"instock","13":"shipping-taxable","14":"product-type-simple"},"acf":[],"yoast_head":"<!-- This site is optimized with the Yoast SEO plugin v25.8 - https:\/\/yoast.com\/wordpress\/plugins\/seo\/ -->\n<title>NTG - HiRef<\/title>\n<meta name=\"description\" content=\"Aire acondicionado de precisi\u00f3n NTG, compresor inverter, unidades compactas para interior, salas t\u00e9cnicas e infraestructura telef\u00f3nica de bajo consumo.\" \/>\n<meta name=\"robots\" content=\"index, follow, max-snippet:-1, max-image-preview:large, max-video-preview:-1\" \/>\n<link rel=\"canonical\" href=\"https:\/\/hiref.com.mx\/index.php\/producto\/ntg\/\" \/>\n<meta property=\"og:locale\" content=\"es_MX\" \/>\n<meta property=\"og:type\" content=\"article\" \/>\n<meta property=\"og:title\" content=\"NTG - HiRef\" \/>\n<meta property=\"og:description\" content=\"Aire acondicionado de precisi\u00f3n NTG, compresor inverter, unidades compactas para interior, salas t\u00e9cnicas e infraestructura telef\u00f3nica de bajo consumo.\" \/>\n<meta property=\"og:url\" content=\"https:\/\/hiref.com.mx\/index.php\/producto\/ntg\/\" \/>\n<meta property=\"og:site_name\" content=\"HiRef\" \/>\n<meta property=\"article:publisher\" content=\"https:\/\/www.facebook.com\/hirefmexico\" \/>\n<meta property=\"article:modified_time\" content=\"2023-07-04T00:23:52+00:00\" \/>\n<meta property=\"og:image\" content=\"https:\/\/hiref.com.mx\/wp-content\/uploads\/2023\/05\/NTG-1.png\" \/>\n\t<meta property=\"og:image:width\" content=\"800\" \/>\n\t<meta property=\"og:image:height\" content=\"800\" \/>\n\t<meta property=\"og:image:type\" content=\"image\/png\" \/>\n<meta name=\"twitter:card\" content=\"summary_large_image\" \/>\n<meta name=\"twitter:label1\" content=\"Tiempo de lectura\" \/>\n\t<meta name=\"twitter:data1\" content=\"1 minuto\" \/>\n<script type=\"application\/ld+json\" class=\"yoast-schema-graph\">{\"@context\":\"https:\/\/schema.org\",\"@graph\":[{\"@type\":\"WebPage\",\"@id\":\"https:\/\/hiref.com.mx\/index.php\/producto\/ntg\/\",\"url\":\"https:\/\/hiref.com.mx\/index.php\/producto\/ntg\/\",\"name\":\"NTG - HiRef\",\"isPartOf\":{\"@id\":\"https:\/\/hiref.com.mx\/#website\"},\"primaryImageOfPage\":{\"@id\":\"https:\/\/hiref.com.mx\/index.php\/producto\/ntg\/#primaryimage\"},\"image\":{\"@id\":\"https:\/\/hiref.com.mx\/index.php\/producto\/ntg\/#primaryimage\"},\"thumbnailUrl\":\"https:\/\/hiref.com.mx\/wp-content\/uploads\/2023\/05\/NTG-1.png\",\"datePublished\":\"2023-05-22T18:24:04+00:00\",\"dateModified\":\"2023-07-04T00:23:52+00:00\",\"description\":\"Aire acondicionado de precisi\u00f3n NTG, compresor inverter, unidades compactas para interior, salas t\u00e9cnicas e infraestructura telef\u00f3nica de bajo consumo.\",\"breadcrumb\":{\"@id\":\"https:\/\/hiref.com.mx\/index.php\/producto\/ntg\/#breadcrumb\"},\"inLanguage\":\"es\",\"potentialAction\":[{\"@type\":\"ReadAction\",\"target\":[\"https:\/\/hiref.com.mx\/index.php\/producto\/ntg\/\"]}]},{\"@type\":\"ImageObject\",\"inLanguage\":\"es\",\"@id\":\"https:\/\/hiref.com.mx\/index.php\/producto\/ntg\/#primaryimage\",\"url\":\"https:\/\/hiref.com.mx\/wp-content\/uploads\/2023\/05\/NTG-1.png\",\"contentUrl\":\"https:\/\/hiref.com.mx\/wp-content\/uploads\/2023\/05\/NTG-1.png\",\"width\":800,\"height\":800},{\"@type\":\"BreadcrumbList\",\"@id\":\"https:\/\/hiref.com.mx\/index.php\/producto\/ntg\/#breadcrumb\",\"itemListElement\":[{\"@type\":\"ListItem\",\"position\":1,\"name\":\"Inicio\",\"item\":\"https:\/\/hiref.com.mx\/\"},{\"@type\":\"ListItem\",\"position\":2,\"name\":\"Tienda\",\"item\":\"https:\/\/hiref.com.mx\/?page_id=240\"},{\"@type\":\"ListItem\",\"position\":3,\"name\":\"NTG\"}]},{\"@type\":\"WebSite\",\"@id\":\"https:\/\/hiref.com.mx\/#website\",\"url\":\"https:\/\/hiref.com.mx\/\",\"name\":\"HiRef\",\"description\":\"Aire acondicionado de precisi\u00f3n para Data Center y Telecom\",\"potentialAction\":[{\"@type\":\"SearchAction\",\"target\":{\"@type\":\"EntryPoint\",\"urlTemplate\":\"https:\/\/hiref.com.mx\/?s={search_term_string}\"},\"query-input\":{\"@type\":\"PropertyValueSpecification\",\"valueRequired\":true,\"valueName\":\"search_term_string\"}}],\"inLanguage\":\"es\"}]}<\/script>\n<!-- \/ Yoast SEO plugin. -->","yoast_head_json":{"title":"NTG - HiRef","description":"Aire acondicionado de precisi\u00f3n NTG, compresor inverter, unidades compactas para interior, salas t\u00e9cnicas e infraestructura telef\u00f3nica de bajo consumo.","robots":{"index":"index","follow":"follow","max-snippet":"max-snippet:-1","max-image-preview":"max-image-preview:large","max-video-preview":"max-video-preview:-1"},"canonical":"https:\/\/hiref.com.mx\/index.php\/producto\/ntg\/","og_locale":"es_MX","og_type":"article","og_title":"NTG - HiRef","og_description":"Aire acondicionado de precisi\u00f3n NTG, compresor inverter, unidades compactas para interior, salas t\u00e9cnicas e infraestructura telef\u00f3nica de bajo consumo.","og_url":"https:\/\/hiref.com.mx\/index.php\/producto\/ntg\/","og_site_name":"HiRef","article_publisher":"https:\/\/www.facebook.com\/hirefmexico","article_modified_time":"2023-07-04T00:23:52+00:00","og_image":[{"width":800,"height":800,"url":"https:\/\/hiref.com.mx\/wp-content\/uploads\/2023\/05\/NTG-1.png","type":"image\/png"}],"twitter_card":"summary_large_image","twitter_misc":{"Tiempo de lectura":"1 minuto"},"schema":{"@context":"https:\/\/schema.org","@graph":[{"@type":"WebPage","@id":"https:\/\/hiref.com.mx\/index.php\/producto\/ntg\/","url":"https:\/\/hiref.com.mx\/index.php\/producto\/ntg\/","name":"NTG - HiRef","isPartOf":{"@id":"https:\/\/hiref.com.mx\/#website"},"primaryImageOfPage":{"@id":"https:\/\/hiref.com.mx\/index.php\/producto\/ntg\/#primaryimage"},"image":{"@id":"https:\/\/hiref.com.mx\/index.php\/producto\/ntg\/#primaryimage"},"thumbnailUrl":"https:\/\/hiref.com.mx\/wp-content\/uploads\/2023\/05\/NTG-1.png","datePublished":"2023-05-22T18:24:04+00:00","dateModified":"2023-07-04T00:23:52+00:00","description":"Aire acondicionado de precisi\u00f3n NTG, compresor inverter, unidades compactas para interior, salas t\u00e9cnicas e infraestructura telef\u00f3nica de bajo consumo.","breadcrumb":{"@id":"https:\/\/hiref.com.mx\/index.php\/producto\/ntg\/#breadcrumb"},"inLanguage":"es","potentialAction":[{"@type":"ReadAction","target":["https:\/\/hiref.com.mx\/index.php\/producto\/ntg\/"]}]},{"@type":"ImageObject","inLanguage":"es","@id":"https:\/\/hiref.com.mx\/index.php\/producto\/ntg\/#primaryimage","url":"https:\/\/hiref.com.mx\/wp-content\/uploads\/2023\/05\/NTG-1.png","contentUrl":"https:\/\/hiref.com.mx\/wp-content\/uploads\/2023\/05\/NTG-1.png","width":800,"height":800},{"@type":"BreadcrumbList","@id":"https:\/\/hiref.com.mx\/index.php\/producto\/ntg\/#breadcrumb","itemListElement":[{"@type":"ListItem","position":1,"name":"Inicio","item":"https:\/\/hiref.com.mx\/"},{"@type":"ListItem","position":2,"name":"Tienda","item":"https:\/\/hiref.com.mx\/?page_id=240"},{"@type":"ListItem","position":3,"name":"NTG"}]},{"@type":"WebSite","@id":"https:\/\/hiref.com.mx\/#website","url":"https:\/\/hiref.com.mx\/","name":"HiRef","description":"Aire acondicionado de precisi\u00f3n para Data Center y Telecom","potentialAction":[{"@type":"SearchAction","target":{"@type":"EntryPoint","urlTemplate":"https:\/\/hiref.com.mx\/?s={search_term_string}"},"query-input":{"@type":"PropertyValueSpecification","valueRequired":true,"valueName":"search_term_string"}}],"inLanguage":"es"}]}},"_links":{"self":[{"href":"https:\/\/hiref.com.mx\/index.php\/wp-json\/wp\/v2\/product\/1937","targetHints":{"allow":["GET"]}}],"collection":[{"href":"https:\/\/hiref.com.mx\/index.php\/wp-json\/wp\/v2\/product"}],"about":[{"href":"https:\/\/hiref.com.mx\/index.php\/wp-json\/wp\/v2\/types\/product"}],"version-history":[{"count":0,"href":"https:\/\/hiref.com.mx\/index.php\/wp-json\/wp\/v2\/product\/1937\/revisions"}],"wp:featuredmedia":[{"embeddable":true,"href":"https:\/\/hiref.com.mx\/index.php\/wp-json\/wp\/v2\/media\/1939"}],"wp:attachment":[{"href":"https:\/\/hiref.com.mx\/index.php\/wp-json\/wp\/v2\/media?parent=1937"}],"wp:term":[{"taxonomy":"product_brand","embeddable":true,"href":"https:\/\/hiref.com.mx\/index.php\/wp-json\/wp\/v2\/product_brand?post=1937"},{"taxonomy":"product_cat","embeddable":true,"href":"https:\/\/hiref.com.mx\/index.php\/wp-json\/wp\/v2\/product_cat?post=1937"},{"taxonomy":"product_tag","embeddable":true,"href":"https:\/\/hiref.com.mx\/index.php\/wp-json\/wp\/v2\/product_tag?post=1937"}],"curies":[{"name":"wp","href":"https:\/\/api.w.org\/{rel}","templated":true}]}}