{"id":1912,"date":"2023-05-22T18:14:53","date_gmt":"2023-05-22T18:14:53","guid":{"rendered":"http:\/\/hiref.com.mx\/?post_type=product&#038;p=1912"},"modified":"2023-05-22T20:17:10","modified_gmt":"2023-05-22T20:17:10","slug":"hti-cw","status":"publish","type":"product","link":"https:\/\/hiref.com.mx\/index.php\/producto\/hti-cw\/","title":{"rendered":"HTI CW"},"content":{"rendered":"<p>Rango: 7.9-45.4 kW<\/p>\n<p>Los HTI CW son aires acondicionados de precisi\u00f3n tipo Split, destinados al acondicionamiento de centros de datos de tama\u00f1o peque\u00f1o y mediano. Dise\u00f1ados para instalaci\u00f3n en techo o pared, son adecuados para unidades de acondicionamiento con espacio interno reducido o totalmente dedicadas a equipos tecnol\u00f3gicos. Gracias a la disposici\u00f3n racional de los componentes y la amplia gama de accesorios disponibles, las unidades son f\u00e1ciles de instalar y adecuadas para diferentes configuraciones de shelters.<\/p>\n","protected":false},"excerpt":{"rendered":"<p>Rango: 7.9-45.4 kW Los HTI CW son aires acondicionados de precisi\u00f3n tipo Split, destinados al acondicionamiento de centros de datos de tama\u00f1o peque\u00f1o y mediano. Dise\u00f1ados para instalaci\u00f3n en techo o pared, son adecuados para unidades de acondicionamiento con espacio interno reducido o totalmente dedicadas a equipos tecnol\u00f3gicos. Gracias a la disposici\u00f3n racional de los [&hellip;]<\/p>\n","protected":false},"featured_media":1924,"template":"","meta":[],"product_brand":[],"product_cat":[25,35,31,23],"product_tag":[],"class_list":{"0":"post-1912","1":"product","2":"type-product","3":"status-publish","4":"has-post-thumbnail","6":"product_cat-agua-helada","7":"product_cat-indoor","8":"product_cat-salas-pequenas","9":"product_cat-telecom","11":"first","12":"instock","13":"shipping-taxable","14":"product-type-simple"},"acf":[],"yoast_head":"<!-- This site is optimized with the Yoast SEO plugin v25.8 - https:\/\/yoast.com\/wordpress\/plugins\/seo\/ -->\n<title>HTI CW - HiRef<\/title>\n<meta name=\"description\" content=\"Aire acondicionado de precisi\u00f3n tipo Split. Acondicionamiento de centros de datos de tama\u00f1o peque\u00f1o y mediano, para instalaci\u00f3n en techo o pared.\" \/>\n<meta name=\"robots\" content=\"index, follow, max-snippet:-1, max-image-preview:large, max-video-preview:-1\" \/>\n<link rel=\"canonical\" href=\"https:\/\/hiref.com.mx\/index.php\/producto\/hti-cw\/\" \/>\n<meta property=\"og:locale\" content=\"es_MX\" \/>\n<meta property=\"og:type\" content=\"article\" \/>\n<meta property=\"og:title\" content=\"HTI CW - HiRef\" \/>\n<meta property=\"og:description\" content=\"Aire acondicionado de precisi\u00f3n tipo Split. Acondicionamiento de centros de datos de tama\u00f1o peque\u00f1o y mediano, para instalaci\u00f3n en techo o pared.\" \/>\n<meta property=\"og:url\" content=\"https:\/\/hiref.com.mx\/index.php\/producto\/hti-cw\/\" \/>\n<meta property=\"og:site_name\" content=\"HiRef\" \/>\n<meta property=\"article:publisher\" content=\"https:\/\/www.facebook.com\/hirefmexico\" \/>\n<meta property=\"article:modified_time\" content=\"2023-05-22T20:17:10+00:00\" \/>\n<meta property=\"og:image\" content=\"https:\/\/hiref.com.mx\/wp-content\/uploads\/2023\/05\/HTI-CW-1.png\" \/>\n\t<meta property=\"og:image:width\" content=\"800\" \/>\n\t<meta property=\"og:image:height\" content=\"800\" \/>\n\t<meta property=\"og:image:type\" content=\"image\/png\" \/>\n<meta name=\"twitter:card\" content=\"summary_large_image\" \/>\n<meta name=\"twitter:label1\" content=\"Tiempo de lectura\" \/>\n\t<meta name=\"twitter:data1\" content=\"1 minuto\" \/>\n<script type=\"application\/ld+json\" class=\"yoast-schema-graph\">{\"@context\":\"https:\/\/schema.org\",\"@graph\":[{\"@type\":\"WebPage\",\"@id\":\"https:\/\/hiref.com.mx\/index.php\/producto\/hti-cw\/\",\"url\":\"https:\/\/hiref.com.mx\/index.php\/producto\/hti-cw\/\",\"name\":\"HTI CW - HiRef\",\"isPartOf\":{\"@id\":\"https:\/\/hiref.com.mx\/#website\"},\"primaryImageOfPage\":{\"@id\":\"https:\/\/hiref.com.mx\/index.php\/producto\/hti-cw\/#primaryimage\"},\"image\":{\"@id\":\"https:\/\/hiref.com.mx\/index.php\/producto\/hti-cw\/#primaryimage\"},\"thumbnailUrl\":\"https:\/\/hiref.com.mx\/wp-content\/uploads\/2023\/05\/HTI-CW-1.png\",\"datePublished\":\"2023-05-22T18:14:53+00:00\",\"dateModified\":\"2023-05-22T20:17:10+00:00\",\"description\":\"Aire acondicionado de precisi\u00f3n tipo Split. Acondicionamiento de centros de datos de tama\u00f1o peque\u00f1o y mediano, para instalaci\u00f3n en techo o pared.\",\"breadcrumb\":{\"@id\":\"https:\/\/hiref.com.mx\/index.php\/producto\/hti-cw\/#breadcrumb\"},\"inLanguage\":\"es\",\"potentialAction\":[{\"@type\":\"ReadAction\",\"target\":[\"https:\/\/hiref.com.mx\/index.php\/producto\/hti-cw\/\"]}]},{\"@type\":\"ImageObject\",\"inLanguage\":\"es\",\"@id\":\"https:\/\/hiref.com.mx\/index.php\/producto\/hti-cw\/#primaryimage\",\"url\":\"https:\/\/hiref.com.mx\/wp-content\/uploads\/2023\/05\/HTI-CW-1.png\",\"contentUrl\":\"https:\/\/hiref.com.mx\/wp-content\/uploads\/2023\/05\/HTI-CW-1.png\",\"width\":800,\"height\":800},{\"@type\":\"BreadcrumbList\",\"@id\":\"https:\/\/hiref.com.mx\/index.php\/producto\/hti-cw\/#breadcrumb\",\"itemListElement\":[{\"@type\":\"ListItem\",\"position\":1,\"name\":\"Inicio\",\"item\":\"https:\/\/hiref.com.mx\/\"},{\"@type\":\"ListItem\",\"position\":2,\"name\":\"Tienda\",\"item\":\"https:\/\/hiref.com.mx\/?page_id=240\"},{\"@type\":\"ListItem\",\"position\":3,\"name\":\"HTI CW\"}]},{\"@type\":\"WebSite\",\"@id\":\"https:\/\/hiref.com.mx\/#website\",\"url\":\"https:\/\/hiref.com.mx\/\",\"name\":\"HiRef\",\"description\":\"Aire acondicionado de precisi\u00f3n para Data Center y Telecom\",\"potentialAction\":[{\"@type\":\"SearchAction\",\"target\":{\"@type\":\"EntryPoint\",\"urlTemplate\":\"https:\/\/hiref.com.mx\/?s={search_term_string}\"},\"query-input\":{\"@type\":\"PropertyValueSpecification\",\"valueRequired\":true,\"valueName\":\"search_term_string\"}}],\"inLanguage\":\"es\"}]}<\/script>\n<!-- \/ Yoast SEO plugin. -->","yoast_head_json":{"title":"HTI CW - HiRef","description":"Aire acondicionado de precisi\u00f3n tipo Split. Acondicionamiento de centros de datos de tama\u00f1o peque\u00f1o y mediano, para instalaci\u00f3n en techo o pared.","robots":{"index":"index","follow":"follow","max-snippet":"max-snippet:-1","max-image-preview":"max-image-preview:large","max-video-preview":"max-video-preview:-1"},"canonical":"https:\/\/hiref.com.mx\/index.php\/producto\/hti-cw\/","og_locale":"es_MX","og_type":"article","og_title":"HTI CW - HiRef","og_description":"Aire acondicionado de precisi\u00f3n tipo Split. Acondicionamiento de centros de datos de tama\u00f1o peque\u00f1o y mediano, para instalaci\u00f3n en techo o pared.","og_url":"https:\/\/hiref.com.mx\/index.php\/producto\/hti-cw\/","og_site_name":"HiRef","article_publisher":"https:\/\/www.facebook.com\/hirefmexico","article_modified_time":"2023-05-22T20:17:10+00:00","og_image":[{"width":800,"height":800,"url":"https:\/\/hiref.com.mx\/wp-content\/uploads\/2023\/05\/HTI-CW-1.png","type":"image\/png"}],"twitter_card":"summary_large_image","twitter_misc":{"Tiempo de lectura":"1 minuto"},"schema":{"@context":"https:\/\/schema.org","@graph":[{"@type":"WebPage","@id":"https:\/\/hiref.com.mx\/index.php\/producto\/hti-cw\/","url":"https:\/\/hiref.com.mx\/index.php\/producto\/hti-cw\/","name":"HTI CW - HiRef","isPartOf":{"@id":"https:\/\/hiref.com.mx\/#website"},"primaryImageOfPage":{"@id":"https:\/\/hiref.com.mx\/index.php\/producto\/hti-cw\/#primaryimage"},"image":{"@id":"https:\/\/hiref.com.mx\/index.php\/producto\/hti-cw\/#primaryimage"},"thumbnailUrl":"https:\/\/hiref.com.mx\/wp-content\/uploads\/2023\/05\/HTI-CW-1.png","datePublished":"2023-05-22T18:14:53+00:00","dateModified":"2023-05-22T20:17:10+00:00","description":"Aire acondicionado de precisi\u00f3n tipo Split. Acondicionamiento de centros de datos de tama\u00f1o peque\u00f1o y mediano, para instalaci\u00f3n en techo o pared.","breadcrumb":{"@id":"https:\/\/hiref.com.mx\/index.php\/producto\/hti-cw\/#breadcrumb"},"inLanguage":"es","potentialAction":[{"@type":"ReadAction","target":["https:\/\/hiref.com.mx\/index.php\/producto\/hti-cw\/"]}]},{"@type":"ImageObject","inLanguage":"es","@id":"https:\/\/hiref.com.mx\/index.php\/producto\/hti-cw\/#primaryimage","url":"https:\/\/hiref.com.mx\/wp-content\/uploads\/2023\/05\/HTI-CW-1.png","contentUrl":"https:\/\/hiref.com.mx\/wp-content\/uploads\/2023\/05\/HTI-CW-1.png","width":800,"height":800},{"@type":"BreadcrumbList","@id":"https:\/\/hiref.com.mx\/index.php\/producto\/hti-cw\/#breadcrumb","itemListElement":[{"@type":"ListItem","position":1,"name":"Inicio","item":"https:\/\/hiref.com.mx\/"},{"@type":"ListItem","position":2,"name":"Tienda","item":"https:\/\/hiref.com.mx\/?page_id=240"},{"@type":"ListItem","position":3,"name":"HTI CW"}]},{"@type":"WebSite","@id":"https:\/\/hiref.com.mx\/#website","url":"https:\/\/hiref.com.mx\/","name":"HiRef","description":"Aire acondicionado de precisi\u00f3n para Data Center y Telecom","potentialAction":[{"@type":"SearchAction","target":{"@type":"EntryPoint","urlTemplate":"https:\/\/hiref.com.mx\/?s={search_term_string}"},"query-input":{"@type":"PropertyValueSpecification","valueRequired":true,"valueName":"search_term_string"}}],"inLanguage":"es"}]}},"_links":{"self":[{"href":"https:\/\/hiref.com.mx\/index.php\/wp-json\/wp\/v2\/product\/1912","targetHints":{"allow":["GET"]}}],"collection":[{"href":"https:\/\/hiref.com.mx\/index.php\/wp-json\/wp\/v2\/product"}],"about":[{"href":"https:\/\/hiref.com.mx\/index.php\/wp-json\/wp\/v2\/types\/product"}],"version-history":[{"count":0,"href":"https:\/\/hiref.com.mx\/index.php\/wp-json\/wp\/v2\/product\/1912\/revisions"}],"wp:featuredmedia":[{"embeddable":true,"href":"https:\/\/hiref.com.mx\/index.php\/wp-json\/wp\/v2\/media\/1924"}],"wp:attachment":[{"href":"https:\/\/hiref.com.mx\/index.php\/wp-json\/wp\/v2\/media?parent=1912"}],"wp:term":[{"taxonomy":"product_brand","embeddable":true,"href":"https:\/\/hiref.com.mx\/index.php\/wp-json\/wp\/v2\/product_brand?post=1912"},{"taxonomy":"product_cat","embeddable":true,"href":"https:\/\/hiref.com.mx\/index.php\/wp-json\/wp\/v2\/product_cat?post=1912"},{"taxonomy":"product_tag","embeddable":true,"href":"https:\/\/hiref.com.mx\/index.php\/wp-json\/wp\/v2\/product_tag?post=1912"}],"curies":[{"name":"wp","href":"https:\/\/api.w.org\/{rel}","templated":true}]}}