{"id":1901,"date":"2023-05-22T17:41:05","date_gmt":"2023-05-22T17:41:05","guid":{"rendered":"http:\/\/hiref.com.mx\/?post_type=product&#038;p=1901"},"modified":"2025-03-26T20:53:47","modified_gmt":"2025-03-26T20:53:47","slug":"fanwall-hbcv","status":"publish","type":"product","link":"https:\/\/hiref.com.mx\/index.php\/producto\/fanwall-hbcv\/","title":{"rendered":"FANWALL (HBCV)"},"content":{"rendered":"<p>Rango: 44.9-460.6 \u00a0kW<\/p>\n<p>Los aires acondicionados de precisi\u00f3n a base de agua helada de la serie FanWall HBCV est\u00e1n dise\u00f1ados para entornos tecnol\u00f3gicos donde se requiere un espacio reducido para la capacidad de enfriamiento entregada. Un cuidadoso an\u00e1lisis de din\u00e1mica de fluidos CFD ha permitido dise\u00f1ar cada detalle de construcci\u00f3n con extremo cuidado para minimizar las ca\u00eddas de presi\u00f3n en el flujo de aire interno y el consumo de energ\u00eda de los ventiladores. Adem\u00e1s, la gran superficie del intercambiador con paquetes <span class=\"TextRun SCXW57552884 BCX0\" lang=\"ES-MX\" xml:lang=\"ES-MX\" data-contrast=\"auto\"><span class=\"NormalTextRun SCXW57552884 BCX0\">d<\/span><span class=\"NormalTextRun SCXW57552884 BCX0\">e aletas <\/span><span class=\"NormalTextRun SCXW57552884 BCX0\">minimiza las temperaturas de aproximaci\u00f3n entre el aire de entrada y el agua de salida, maximizando la eficiencia del sistema.<\/span><\/span><span class=\"EOP SCXW57552884 BCX0\" data-ccp-props=\"{&quot;201341983&quot;:0,&quot;335559739&quot;:160,&quot;335559740&quot;:259}\">\u00a0<\/span><\/p>\n","protected":false},"excerpt":{"rendered":"<p>Dise\u00f1ados para entornos tecnol\u00f3gicos donde se requiere un espacio reducido para la capacidad de enfriamiento entregada.<\/p>\n","protected":false},"featured_media":1907,"template":"","meta":[],"product_brand":[],"product_cat":[25,22,32],"product_tag":[],"class_list":{"0":"post-1901","1":"product","2":"type-product","3":"status-publish","4":"has-post-thumbnail","6":"product_cat-agua-helada","7":"product_cat-hvac-para-data-center","8":"product_cat-hiper-escala","10":"first","11":"instock","12":"shipping-taxable","13":"product-type-simple"},"acf":[],"yoast_head":"<!-- This site is optimized with the Yoast SEO plugin v25.8 - https:\/\/yoast.com\/wordpress\/plugins\/seo\/ -->\n<title>FANWALL (HBCV) - HiRef<\/title>\n<meta name=\"description\" content=\"Los aires acondicionados de precisi\u00f3n a base de agua helada de la serie FanWall HBCV est\u00e1n dise\u00f1ados para entornos con espacio reducido.\" \/>\n<meta name=\"robots\" content=\"index, follow, max-snippet:-1, max-image-preview:large, max-video-preview:-1\" \/>\n<link rel=\"canonical\" href=\"https:\/\/hiref.com.mx\/index.php\/producto\/fanwall-hbcv\/\" \/>\n<meta property=\"og:locale\" content=\"es_MX\" \/>\n<meta property=\"og:type\" content=\"article\" \/>\n<meta property=\"og:title\" content=\"FANWALL (HBCV) - HiRef\" \/>\n<meta property=\"og:description\" content=\"Los aires acondicionados de precisi\u00f3n a base de agua helada de la serie FanWall HBCV est\u00e1n dise\u00f1ados para entornos con espacio reducido.\" \/>\n<meta property=\"og:url\" content=\"https:\/\/hiref.com.mx\/index.php\/producto\/fanwall-hbcv\/\" \/>\n<meta property=\"og:site_name\" content=\"HiRef\" \/>\n<meta property=\"article:publisher\" content=\"https:\/\/www.facebook.com\/hirefmexico\" \/>\n<meta property=\"article:modified_time\" content=\"2025-03-26T20:53:47+00:00\" \/>\n<meta property=\"og:image\" content=\"https:\/\/hiref.com.mx\/wp-content\/uploads\/2023\/05\/FANWALL-5.png\" \/>\n\t<meta property=\"og:image:width\" content=\"800\" \/>\n\t<meta property=\"og:image:height\" content=\"800\" \/>\n\t<meta property=\"og:image:type\" content=\"image\/png\" \/>\n<meta name=\"twitter:card\" content=\"summary_large_image\" \/>\n<meta name=\"twitter:label1\" content=\"Tiempo de lectura\" \/>\n\t<meta name=\"twitter:data1\" content=\"1 minuto\" \/>\n<script type=\"application\/ld+json\" class=\"yoast-schema-graph\">{\"@context\":\"https:\/\/schema.org\",\"@graph\":[{\"@type\":\"WebPage\",\"@id\":\"https:\/\/hiref.com.mx\/index.php\/producto\/fanwall-hbcv\/\",\"url\":\"https:\/\/hiref.com.mx\/index.php\/producto\/fanwall-hbcv\/\",\"name\":\"FANWALL (HBCV) - HiRef\",\"isPartOf\":{\"@id\":\"https:\/\/hiref.com.mx\/#website\"},\"primaryImageOfPage\":{\"@id\":\"https:\/\/hiref.com.mx\/index.php\/producto\/fanwall-hbcv\/#primaryimage\"},\"image\":{\"@id\":\"https:\/\/hiref.com.mx\/index.php\/producto\/fanwall-hbcv\/#primaryimage\"},\"thumbnailUrl\":\"https:\/\/hiref.com.mx\/wp-content\/uploads\/2023\/05\/FANWALL-5.png\",\"datePublished\":\"2023-05-22T17:41:05+00:00\",\"dateModified\":\"2025-03-26T20:53:47+00:00\",\"description\":\"Los aires acondicionados de precisi\u00f3n a base de agua helada de la serie FanWall HBCV est\u00e1n dise\u00f1ados para entornos con espacio reducido.\",\"breadcrumb\":{\"@id\":\"https:\/\/hiref.com.mx\/index.php\/producto\/fanwall-hbcv\/#breadcrumb\"},\"inLanguage\":\"es\",\"potentialAction\":[{\"@type\":\"ReadAction\",\"target\":[\"https:\/\/hiref.com.mx\/index.php\/producto\/fanwall-hbcv\/\"]}]},{\"@type\":\"ImageObject\",\"inLanguage\":\"es\",\"@id\":\"https:\/\/hiref.com.mx\/index.php\/producto\/fanwall-hbcv\/#primaryimage\",\"url\":\"https:\/\/hiref.com.mx\/wp-content\/uploads\/2023\/05\/FANWALL-5.png\",\"contentUrl\":\"https:\/\/hiref.com.mx\/wp-content\/uploads\/2023\/05\/FANWALL-5.png\",\"width\":800,\"height\":800},{\"@type\":\"BreadcrumbList\",\"@id\":\"https:\/\/hiref.com.mx\/index.php\/producto\/fanwall-hbcv\/#breadcrumb\",\"itemListElement\":[{\"@type\":\"ListItem\",\"position\":1,\"name\":\"Inicio\",\"item\":\"https:\/\/hiref.com.mx\/\"},{\"@type\":\"ListItem\",\"position\":2,\"name\":\"Tienda\",\"item\":\"https:\/\/hiref.com.mx\/?page_id=240\"},{\"@type\":\"ListItem\",\"position\":3,\"name\":\"FANWALL (HBCV)\"}]},{\"@type\":\"WebSite\",\"@id\":\"https:\/\/hiref.com.mx\/#website\",\"url\":\"https:\/\/hiref.com.mx\/\",\"name\":\"HiRef\",\"description\":\"Aire acondicionado de precisi\u00f3n para Data Center y Telecom\",\"potentialAction\":[{\"@type\":\"SearchAction\",\"target\":{\"@type\":\"EntryPoint\",\"urlTemplate\":\"https:\/\/hiref.com.mx\/?s={search_term_string}\"},\"query-input\":{\"@type\":\"PropertyValueSpecification\",\"valueRequired\":true,\"valueName\":\"search_term_string\"}}],\"inLanguage\":\"es\"}]}<\/script>\n<!-- \/ Yoast SEO plugin. -->","yoast_head_json":{"title":"FANWALL (HBCV) - HiRef","description":"Los aires acondicionados de precisi\u00f3n a base de agua helada de la serie FanWall HBCV est\u00e1n dise\u00f1ados para entornos con espacio reducido.","robots":{"index":"index","follow":"follow","max-snippet":"max-snippet:-1","max-image-preview":"max-image-preview:large","max-video-preview":"max-video-preview:-1"},"canonical":"https:\/\/hiref.com.mx\/index.php\/producto\/fanwall-hbcv\/","og_locale":"es_MX","og_type":"article","og_title":"FANWALL (HBCV) - HiRef","og_description":"Los aires acondicionados de precisi\u00f3n a base de agua helada de la serie FanWall HBCV est\u00e1n dise\u00f1ados para entornos con espacio reducido.","og_url":"https:\/\/hiref.com.mx\/index.php\/producto\/fanwall-hbcv\/","og_site_name":"HiRef","article_publisher":"https:\/\/www.facebook.com\/hirefmexico","article_modified_time":"2025-03-26T20:53:47+00:00","og_image":[{"width":800,"height":800,"url":"https:\/\/hiref.com.mx\/wp-content\/uploads\/2023\/05\/FANWALL-5.png","type":"image\/png"}],"twitter_card":"summary_large_image","twitter_misc":{"Tiempo de lectura":"1 minuto"},"schema":{"@context":"https:\/\/schema.org","@graph":[{"@type":"WebPage","@id":"https:\/\/hiref.com.mx\/index.php\/producto\/fanwall-hbcv\/","url":"https:\/\/hiref.com.mx\/index.php\/producto\/fanwall-hbcv\/","name":"FANWALL (HBCV) - HiRef","isPartOf":{"@id":"https:\/\/hiref.com.mx\/#website"},"primaryImageOfPage":{"@id":"https:\/\/hiref.com.mx\/index.php\/producto\/fanwall-hbcv\/#primaryimage"},"image":{"@id":"https:\/\/hiref.com.mx\/index.php\/producto\/fanwall-hbcv\/#primaryimage"},"thumbnailUrl":"https:\/\/hiref.com.mx\/wp-content\/uploads\/2023\/05\/FANWALL-5.png","datePublished":"2023-05-22T17:41:05+00:00","dateModified":"2025-03-26T20:53:47+00:00","description":"Los aires acondicionados de precisi\u00f3n a base de agua helada de la serie FanWall HBCV est\u00e1n dise\u00f1ados para entornos con espacio reducido.","breadcrumb":{"@id":"https:\/\/hiref.com.mx\/index.php\/producto\/fanwall-hbcv\/#breadcrumb"},"inLanguage":"es","potentialAction":[{"@type":"ReadAction","target":["https:\/\/hiref.com.mx\/index.php\/producto\/fanwall-hbcv\/"]}]},{"@type":"ImageObject","inLanguage":"es","@id":"https:\/\/hiref.com.mx\/index.php\/producto\/fanwall-hbcv\/#primaryimage","url":"https:\/\/hiref.com.mx\/wp-content\/uploads\/2023\/05\/FANWALL-5.png","contentUrl":"https:\/\/hiref.com.mx\/wp-content\/uploads\/2023\/05\/FANWALL-5.png","width":800,"height":800},{"@type":"BreadcrumbList","@id":"https:\/\/hiref.com.mx\/index.php\/producto\/fanwall-hbcv\/#breadcrumb","itemListElement":[{"@type":"ListItem","position":1,"name":"Inicio","item":"https:\/\/hiref.com.mx\/"},{"@type":"ListItem","position":2,"name":"Tienda","item":"https:\/\/hiref.com.mx\/?page_id=240"},{"@type":"ListItem","position":3,"name":"FANWALL (HBCV)"}]},{"@type":"WebSite","@id":"https:\/\/hiref.com.mx\/#website","url":"https:\/\/hiref.com.mx\/","name":"HiRef","description":"Aire acondicionado de precisi\u00f3n para Data Center y Telecom","potentialAction":[{"@type":"SearchAction","target":{"@type":"EntryPoint","urlTemplate":"https:\/\/hiref.com.mx\/?s={search_term_string}"},"query-input":{"@type":"PropertyValueSpecification","valueRequired":true,"valueName":"search_term_string"}}],"inLanguage":"es"}]}},"_links":{"self":[{"href":"https:\/\/hiref.com.mx\/index.php\/wp-json\/wp\/v2\/product\/1901","targetHints":{"allow":["GET"]}}],"collection":[{"href":"https:\/\/hiref.com.mx\/index.php\/wp-json\/wp\/v2\/product"}],"about":[{"href":"https:\/\/hiref.com.mx\/index.php\/wp-json\/wp\/v2\/types\/product"}],"version-history":[{"count":1,"href":"https:\/\/hiref.com.mx\/index.php\/wp-json\/wp\/v2\/product\/1901\/revisions"}],"predecessor-version":[{"id":2524,"href":"https:\/\/hiref.com.mx\/index.php\/wp-json\/wp\/v2\/product\/1901\/revisions\/2524"}],"wp:featuredmedia":[{"embeddable":true,"href":"https:\/\/hiref.com.mx\/index.php\/wp-json\/wp\/v2\/media\/1907"}],"wp:attachment":[{"href":"https:\/\/hiref.com.mx\/index.php\/wp-json\/wp\/v2\/media?parent=1901"}],"wp:term":[{"taxonomy":"product_brand","embeddable":true,"href":"https:\/\/hiref.com.mx\/index.php\/wp-json\/wp\/v2\/product_brand?post=1901"},{"taxonomy":"product_cat","embeddable":true,"href":"https:\/\/hiref.com.mx\/index.php\/wp-json\/wp\/v2\/product_cat?post=1901"},{"taxonomy":"product_tag","embeddable":true,"href":"https:\/\/hiref.com.mx\/index.php\/wp-json\/wp\/v2\/product_tag?post=1901"}],"curies":[{"name":"wp","href":"https:\/\/api.w.org\/{rel}","templated":true}]}}