{"id":1880,"date":"2023-05-22T17:12:22","date_gmt":"2023-05-22T17:12:22","guid":{"rendered":"http:\/\/hiref.com.mx\/?post_type=product&#038;p=1880"},"modified":"2023-07-03T19:43:26","modified_gmt":"2023-07-03T19:43:26","slug":"databatic-hpdcu","status":"publish","type":"product","link":"https:\/\/hiref.com.mx\/index.php\/producto\/databatic-hpdcu\/","title":{"rendered":"DATABATIC (HPDCU)"},"content":{"rendered":"<p>Rango: 10-330 \u00a0kW<\/p>\n<p>La combinaci\u00f3n del sistema de refrigeraci\u00f3n evaporativa con el intercambiador aire\/aire de flujo cruzado de la gama HDB &#8211; DataBatic permite extender el Free-Cooling indirecto durante varias horas al a\u00f1o y a varias zonas clim\u00e1ticas. La reducci\u00f3n, y en algunos casos la eliminaci\u00f3n, de la operaci\u00f3n mec\u00e1nica conlleva un doble beneficio: la reducci\u00f3n de costes de gesti\u00f3n por una mayor eficiencia energ\u00e9tica anual (PUE reducido) y la reducci\u00f3n de costes de implantaci\u00f3n gracias a la menor potencia el\u00e9ctrica instalada. Las unidades HDB pueden albergar la opci\u00f3n &#8220;circuito frigor\u00edfico&#8221; y se montan \u00edntegramente en f\u00e1brica en una soluci\u00f3n monobloque para facilitar las operaciones de instalaci\u00f3n.<\/p>\n","protected":false},"excerpt":{"rendered":"<p>Rango: 10-330 \u00a0kW La combinaci\u00f3n del sistema de refrigeraci\u00f3n evaporativa con el intercambiador aire\/aire de flujo cruzado de la gama HDB &#8211; DataBatic permite extender el Free-Cooling indirecto durante varias horas al a\u00f1o y a varias zonas clim\u00e1ticas. La reducci\u00f3n, y en algunos casos la eliminaci\u00f3n, de la operaci\u00f3n mec\u00e1nica conlleva un doble beneficio: la [&hellip;]<\/p>\n","protected":false},"featured_media":1883,"template":"","meta":[],"product_brand":[],"product_cat":[25,52,22,32],"product_tag":[],"class_list":{"0":"post-1880","1":"product","2":"type-product","3":"status-publish","4":"has-post-thumbnail","6":"product_cat-agua-helada","7":"product_cat-cross-flow","8":"product_cat-hvac-para-data-center","9":"product_cat-hiper-escala","11":"first","12":"instock","13":"shipping-taxable","14":"product-type-simple"},"acf":[],"yoast_head":"<!-- This site is optimized with the Yoast SEO plugin v25.8 - https:\/\/yoast.com\/wordpress\/plugins\/seo\/ -->\n<title>DATABATIC (HPDCU) - HiRef<\/title>\n<meta name=\"description\" content=\"Enfriamiento de precisi\u00f3n para Telecomunicaciones, Las unidades HDB - DataBatic est\u00e1n equipadas con tecnolog\u00eda de enfriamiento evaporativo.\" \/>\n<meta name=\"robots\" content=\"index, follow, max-snippet:-1, max-image-preview:large, max-video-preview:-1\" \/>\n<link rel=\"canonical\" href=\"https:\/\/hiref.com.mx\/index.php\/producto\/databatic-hpdcu\/\" \/>\n<meta property=\"og:locale\" content=\"es_MX\" \/>\n<meta property=\"og:type\" content=\"article\" \/>\n<meta property=\"og:title\" content=\"DATABATIC (HPDCU) - HiRef\" \/>\n<meta property=\"og:description\" content=\"Enfriamiento de precisi\u00f3n para Telecomunicaciones, Las unidades HDB - DataBatic est\u00e1n equipadas con tecnolog\u00eda de enfriamiento evaporativo.\" \/>\n<meta property=\"og:url\" content=\"https:\/\/hiref.com.mx\/index.php\/producto\/databatic-hpdcu\/\" \/>\n<meta property=\"og:site_name\" content=\"HiRef\" \/>\n<meta property=\"article:publisher\" content=\"https:\/\/www.facebook.com\/hirefmexico\" \/>\n<meta property=\"article:modified_time\" content=\"2023-07-03T19:43:26+00:00\" \/>\n<meta property=\"og:image\" content=\"https:\/\/hiref.com.mx\/wp-content\/uploads\/2023\/05\/DATABATIC-1.png\" \/>\n\t<meta property=\"og:image:width\" content=\"800\" \/>\n\t<meta property=\"og:image:height\" content=\"800\" \/>\n\t<meta property=\"og:image:type\" content=\"image\/png\" \/>\n<meta name=\"twitter:card\" content=\"summary_large_image\" \/>\n<meta name=\"twitter:label1\" content=\"Tiempo de lectura\" \/>\n\t<meta name=\"twitter:data1\" content=\"1 minuto\" \/>\n<script type=\"application\/ld+json\" class=\"yoast-schema-graph\">{\"@context\":\"https:\/\/schema.org\",\"@graph\":[{\"@type\":\"WebPage\",\"@id\":\"https:\/\/hiref.com.mx\/index.php\/producto\/databatic-hpdcu\/\",\"url\":\"https:\/\/hiref.com.mx\/index.php\/producto\/databatic-hpdcu\/\",\"name\":\"DATABATIC (HPDCU) - HiRef\",\"isPartOf\":{\"@id\":\"https:\/\/hiref.com.mx\/#website\"},\"primaryImageOfPage\":{\"@id\":\"https:\/\/hiref.com.mx\/index.php\/producto\/databatic-hpdcu\/#primaryimage\"},\"image\":{\"@id\":\"https:\/\/hiref.com.mx\/index.php\/producto\/databatic-hpdcu\/#primaryimage\"},\"thumbnailUrl\":\"https:\/\/hiref.com.mx\/wp-content\/uploads\/2023\/05\/DATABATIC-1.png\",\"datePublished\":\"2023-05-22T17:12:22+00:00\",\"dateModified\":\"2023-07-03T19:43:26+00:00\",\"description\":\"Enfriamiento de precisi\u00f3n para Telecomunicaciones, Las unidades HDB - DataBatic est\u00e1n equipadas con tecnolog\u00eda de enfriamiento evaporativo.\",\"breadcrumb\":{\"@id\":\"https:\/\/hiref.com.mx\/index.php\/producto\/databatic-hpdcu\/#breadcrumb\"},\"inLanguage\":\"es\",\"potentialAction\":[{\"@type\":\"ReadAction\",\"target\":[\"https:\/\/hiref.com.mx\/index.php\/producto\/databatic-hpdcu\/\"]}]},{\"@type\":\"ImageObject\",\"inLanguage\":\"es\",\"@id\":\"https:\/\/hiref.com.mx\/index.php\/producto\/databatic-hpdcu\/#primaryimage\",\"url\":\"https:\/\/hiref.com.mx\/wp-content\/uploads\/2023\/05\/DATABATIC-1.png\",\"contentUrl\":\"https:\/\/hiref.com.mx\/wp-content\/uploads\/2023\/05\/DATABATIC-1.png\",\"width\":800,\"height\":800},{\"@type\":\"BreadcrumbList\",\"@id\":\"https:\/\/hiref.com.mx\/index.php\/producto\/databatic-hpdcu\/#breadcrumb\",\"itemListElement\":[{\"@type\":\"ListItem\",\"position\":1,\"name\":\"Inicio\",\"item\":\"https:\/\/hiref.com.mx\/\"},{\"@type\":\"ListItem\",\"position\":2,\"name\":\"Tienda\",\"item\":\"https:\/\/hiref.com.mx\/?page_id=240\"},{\"@type\":\"ListItem\",\"position\":3,\"name\":\"DATABATIC (HPDCU)\"}]},{\"@type\":\"WebSite\",\"@id\":\"https:\/\/hiref.com.mx\/#website\",\"url\":\"https:\/\/hiref.com.mx\/\",\"name\":\"HiRef\",\"description\":\"Aire acondicionado de precisi\u00f3n para Data Center y Telecom\",\"potentialAction\":[{\"@type\":\"SearchAction\",\"target\":{\"@type\":\"EntryPoint\",\"urlTemplate\":\"https:\/\/hiref.com.mx\/?s={search_term_string}\"},\"query-input\":{\"@type\":\"PropertyValueSpecification\",\"valueRequired\":true,\"valueName\":\"search_term_string\"}}],\"inLanguage\":\"es\"}]}<\/script>\n<!-- \/ Yoast SEO plugin. -->","yoast_head_json":{"title":"DATABATIC (HPDCU) - HiRef","description":"Enfriamiento de precisi\u00f3n para Telecomunicaciones, Las unidades HDB - DataBatic est\u00e1n equipadas con tecnolog\u00eda de enfriamiento evaporativo.","robots":{"index":"index","follow":"follow","max-snippet":"max-snippet:-1","max-image-preview":"max-image-preview:large","max-video-preview":"max-video-preview:-1"},"canonical":"https:\/\/hiref.com.mx\/index.php\/producto\/databatic-hpdcu\/","og_locale":"es_MX","og_type":"article","og_title":"DATABATIC (HPDCU) - HiRef","og_description":"Enfriamiento de precisi\u00f3n para Telecomunicaciones, Las unidades HDB - DataBatic est\u00e1n equipadas con tecnolog\u00eda de enfriamiento evaporativo.","og_url":"https:\/\/hiref.com.mx\/index.php\/producto\/databatic-hpdcu\/","og_site_name":"HiRef","article_publisher":"https:\/\/www.facebook.com\/hirefmexico","article_modified_time":"2023-07-03T19:43:26+00:00","og_image":[{"width":800,"height":800,"url":"https:\/\/hiref.com.mx\/wp-content\/uploads\/2023\/05\/DATABATIC-1.png","type":"image\/png"}],"twitter_card":"summary_large_image","twitter_misc":{"Tiempo de lectura":"1 minuto"},"schema":{"@context":"https:\/\/schema.org","@graph":[{"@type":"WebPage","@id":"https:\/\/hiref.com.mx\/index.php\/producto\/databatic-hpdcu\/","url":"https:\/\/hiref.com.mx\/index.php\/producto\/databatic-hpdcu\/","name":"DATABATIC (HPDCU) - HiRef","isPartOf":{"@id":"https:\/\/hiref.com.mx\/#website"},"primaryImageOfPage":{"@id":"https:\/\/hiref.com.mx\/index.php\/producto\/databatic-hpdcu\/#primaryimage"},"image":{"@id":"https:\/\/hiref.com.mx\/index.php\/producto\/databatic-hpdcu\/#primaryimage"},"thumbnailUrl":"https:\/\/hiref.com.mx\/wp-content\/uploads\/2023\/05\/DATABATIC-1.png","datePublished":"2023-05-22T17:12:22+00:00","dateModified":"2023-07-03T19:43:26+00:00","description":"Enfriamiento de precisi\u00f3n para Telecomunicaciones, Las unidades HDB - DataBatic est\u00e1n equipadas con tecnolog\u00eda de enfriamiento evaporativo.","breadcrumb":{"@id":"https:\/\/hiref.com.mx\/index.php\/producto\/databatic-hpdcu\/#breadcrumb"},"inLanguage":"es","potentialAction":[{"@type":"ReadAction","target":["https:\/\/hiref.com.mx\/index.php\/producto\/databatic-hpdcu\/"]}]},{"@type":"ImageObject","inLanguage":"es","@id":"https:\/\/hiref.com.mx\/index.php\/producto\/databatic-hpdcu\/#primaryimage","url":"https:\/\/hiref.com.mx\/wp-content\/uploads\/2023\/05\/DATABATIC-1.png","contentUrl":"https:\/\/hiref.com.mx\/wp-content\/uploads\/2023\/05\/DATABATIC-1.png","width":800,"height":800},{"@type":"BreadcrumbList","@id":"https:\/\/hiref.com.mx\/index.php\/producto\/databatic-hpdcu\/#breadcrumb","itemListElement":[{"@type":"ListItem","position":1,"name":"Inicio","item":"https:\/\/hiref.com.mx\/"},{"@type":"ListItem","position":2,"name":"Tienda","item":"https:\/\/hiref.com.mx\/?page_id=240"},{"@type":"ListItem","position":3,"name":"DATABATIC (HPDCU)"}]},{"@type":"WebSite","@id":"https:\/\/hiref.com.mx\/#website","url":"https:\/\/hiref.com.mx\/","name":"HiRef","description":"Aire acondicionado de precisi\u00f3n para Data Center y Telecom","potentialAction":[{"@type":"SearchAction","target":{"@type":"EntryPoint","urlTemplate":"https:\/\/hiref.com.mx\/?s={search_term_string}"},"query-input":{"@type":"PropertyValueSpecification","valueRequired":true,"valueName":"search_term_string"}}],"inLanguage":"es"}]}},"_links":{"self":[{"href":"https:\/\/hiref.com.mx\/index.php\/wp-json\/wp\/v2\/product\/1880","targetHints":{"allow":["GET"]}}],"collection":[{"href":"https:\/\/hiref.com.mx\/index.php\/wp-json\/wp\/v2\/product"}],"about":[{"href":"https:\/\/hiref.com.mx\/index.php\/wp-json\/wp\/v2\/types\/product"}],"version-history":[{"count":0,"href":"https:\/\/hiref.com.mx\/index.php\/wp-json\/wp\/v2\/product\/1880\/revisions"}],"wp:featuredmedia":[{"embeddable":true,"href":"https:\/\/hiref.com.mx\/index.php\/wp-json\/wp\/v2\/media\/1883"}],"wp:attachment":[{"href":"https:\/\/hiref.com.mx\/index.php\/wp-json\/wp\/v2\/media?parent=1880"}],"wp:term":[{"taxonomy":"product_brand","embeddable":true,"href":"https:\/\/hiref.com.mx\/index.php\/wp-json\/wp\/v2\/product_brand?post=1880"},{"taxonomy":"product_cat","embeddable":true,"href":"https:\/\/hiref.com.mx\/index.php\/wp-json\/wp\/v2\/product_cat?post=1880"},{"taxonomy":"product_tag","embeddable":true,"href":"https:\/\/hiref.com.mx\/index.php\/wp-json\/wp\/v2\/product_tag?post=1880"}],"curies":[{"name":"wp","href":"https:\/\/api.w.org\/{rel}","templated":true}]}}