{"id":176,"date":"2022-08-01T20:15:13","date_gmt":"2022-08-01T20:15:13","guid":{"rendered":"http:\/\/hiref.com.mx\/?page_id=176"},"modified":"2025-05-08T19:15:19","modified_gmt":"2025-05-08T19:15:19","slug":"aviso-de-privacidad","status":"publish","type":"page","link":"https:\/\/hiref.com.mx\/index.php\/aviso-de-privacidad\/","title":{"rendered":"AVISO DE PRIVACIDAD"},"content":{"rendered":"\t\t<div data-elementor-type=\"wp-page\" data-elementor-id=\"176\" class=\"elementor elementor-176\" data-elementor-post-type=\"page\">\n\t\t\t\t<div class=\"elementor-element elementor-element-987422a e-flex e-con-boxed e-con e-parent\" data-id=\"987422a\" data-element_type=\"container\">\n\t\t\t\t\t<div class=\"e-con-inner\">\n\t\t\t\t<div class=\"elementor-element elementor-element-8442f16 elementor-widget elementor-widget-heading\" data-id=\"8442f16\" data-element_type=\"widget\" data-widget_type=\"heading.default\">\n\t\t\t\t<div class=\"elementor-widget-container\">\n\t\t\t\t\t<h2 class=\"elementor-heading-title elementor-size-default\">AVISO DE PRIVACIDAD<\/h2>\t\t\t\t<\/div>\n\t\t\t\t<\/div>\n\t\t\t\t<div class=\"elementor-element elementor-element-b7c74ac elementor-widget elementor-widget-text-editor\" data-id=\"b7c74ac\" data-element_type=\"widget\" data-widget_type=\"text-editor.default\">\n\t\t\t\t<div class=\"elementor-widget-container\">\n\t\t\t\t\t\t\t\t\t<p>Italian Cooling de M\u00e9xico, S.A. de C.V. en lo sucesivo Hi-Ref M\u00e9xico, hace de su conocimiento c\u00f3mo recopila y utiliza su Informaci\u00f3n de Contacto y Compra, en lo sucesivo &#8220;Datos&#8221;, al interactuar a trav\u00e9s de nuestro sitio web y redes sociales.<\/p><p>Al hacerlo, usted da su consentimiento para utilizar sus Datos como se describe en esta pol\u00edtica, que asegura la transparencia con respecto a la recopilaci\u00f3n, uso y protecci\u00f3n de sus Datos. De igual forma, ponemos de manifiesto, su derecho a tener acceso, modificar o eliminar dichos Datos y a recibir notificaci\u00f3n sobre cualquier violaci\u00f3n de la seguridad que protege sus Datos, de conformidad con la legislaci\u00f3n vigente para asegurar la m\u00e1xima protecci\u00f3n de sus datos en la Republica Mexicana.<\/p><p><strong>Cookies y seguimiento<\/strong><\/p><p>Las Cookies son peque\u00f1os archivos de texto enviados y almacenados en su computadora o dispositivo m\u00f3vil a trav\u00e9s de su buscador cuando usted visita un sitio web. Hi-Ref M\u00e9xico utiliza cookies para mejorar el funcionamiento de su portal web, cuando usted visita o se registra en nuestra p\u00e1gina, con la finalidad de recopilar Informaci\u00f3n de contacto, para enviarle documentaci\u00f3n o informaci\u00f3n solicitada.<\/p><p>Las cookies de origen se utilizan para reconocer su computadora o dispositivo m\u00f3vil, y son enviadas directamente a su buscador desde nuestro(s) sitio(s) web. Las cookies de terceros son utilizadas m\u00e1s com\u00fanmente para fines de anal\u00edtica web y publicidad, y son enviadas a su buscador desde el operador de un sitio web de terceros a nombre de Hi-Ref M\u00e9xico.<\/p><p>Usted puede optar por no recibir cookies, modificando las preferencias de su buscador. Por favor, tenga en cuenta que limitar o bloquear el uso de cookies puede impactar de manera negativa su experiencia de navegaci\u00f3n con respecto a nuestro sitio web.<\/p><p>De igual manera, Hi-Ref M\u00e9xico utiliza Google AdWords y Google Analytics para anunciarse a trav\u00e9s de Internet y para analizar su comportamiento al hacer clic en nuestros anuncios, lo que nos permite enviar notificaciones sobre nuestros productos o servicios a terceros interesados en los mismos.<\/p><p><strong>Informaci\u00f3n recibida<\/strong><\/p><p>Hi-Ref M\u00e9xico recibe informaci\u00f3n de contacto de nuestros usuarios a trav\u00e9s de nuestro sitio web www.hiref.com.mx y p\u00e1ginas oficiales en redes sociales como Facebook, LinkedIn y Google cuando un usuario realiza una consulta en nuestro sitio web o a trav\u00e9s de formatos de registro de redes sociales, recopilando distintos tipos de informaci\u00f3n como nombre, compa\u00f1\u00eda, ubicaci\u00f3n, tel\u00e9fono, correo electr\u00f3nico, datos de facturaci\u00f3n, datos de env\u00edo, informaci\u00f3n de pago y dem\u00e1s que sean necesarios para brindar informaci\u00f3n solicitada, un servicio, un producto o realizar operaciones comerciales.<\/p><p><strong>Uso de los datos recabados<\/strong><\/p><p>Hi-Ref M\u00e9xico \u00fanicamente utilizar\u00e1 su Informaci\u00f3n \u00fanicamente para los siguientes fines:<\/p><ul><li>Proporcionarle apoyo o enviar informaci\u00f3n sobre los productos de Hi-Ref M\u00e9xico<\/li><li>Proporcionarle los productos, servicios e informaci\u00f3n que usted haya solicitado de Hi-Ref M\u00e9xico<\/li><li>Enviarle ofertas y promociones<\/li><li>Notificarle sobre el estatus de las operaciones comerciales que realice con Hi-Ref M\u00e9xico<\/li><li>Avisarle sobre cambios en nuestro sitio web, condiciones comerciales, precios, y pol\u00edticas de privacidad<\/li><li>Completar un pedido, entrega de productos o solicitudes de servicio o informaci\u00f3n al cliente<\/li><li>Para colaborar con las autoridades judiciales o fiscales cuando as\u00ed se nos requiera por ley<\/li><li>Compartir con entidades afiliadas para el cumplimiento de pedidos y servicios al cliente.<\/li><\/ul><p>\u00a0<\/p><p><strong>Derechos del usuario<\/strong><\/p><p>Como usuario de nuestro sitio web y de nuestras redes sociales, usted tiene derecho a:<\/p><ul><li>Modificar o eliminar sus datos registrados y toda la informaci\u00f3n almacenada<\/li><li>Modificar sus opciones de privacidad con respecto a la recepci\u00f3n de boletines, ofertas, promociones y otras alertas<\/li><li>Revocar su consentimiento a Hi-Ref M\u00e9xico para recopilar o procesar sus Datos<\/li><li>Restringir la forma en que Hi-Ref M\u00e9xico comparte sus Datos<\/li><li>Solicitar por escrito una copia electr\u00f3nica de sus datos almacenados por Hi-Ref M\u00e9xico<\/li><li>Solicitar por escrito una copia electr\u00f3nica de esta declaraci\u00f3n de privacidad<\/li><li>Recibir notificaci\u00f3n sobre cualquier violaci\u00f3n de seguridad con respecto a sus datos<\/li><li>Rectificaci\u00f3n: Detallar las modificaciones que solicita que se realicen a los datos personales, as\u00ed como aportar los documentos que sustenten la correcci\u00f3n peticionada.<\/li><li>Cancelaci\u00f3n: Se\u00f1alar las causas que lo motiven a solicitar la supresi\u00f3n de sus datos personales de las bases, archivos, registros, expedientes y\/o sistemas en posesi\u00f3n de la Profeco.<\/li><li>Oposici\u00f3n: Manifestar las causas o razones que lo llevan a solicitar el cese en el tratamiento de sus datos personales, as\u00ed como el da\u00f1o o perjuicio que le causar\u00eda la persistencia del tratamiento, o en su caso, las finalidades espec\u00edficas respecto de las cuales requiere ejercer el derecho de oposici\u00f3n.<\/li><\/ul><p>\u00a0<\/p><p>Para realizar cualquiera de estas acciones, ser\u00e1 necesario escribir una solicitud detallada a la direcci\u00f3n de correo electr\u00f3nico info@hiref.com.mx<\/p><p>Por favor, tome en cuenta que si usted no permite a Hi-Ref M\u00e9xico recopilar o utilizar sus datos, nuestra empresa podr\u00eda estar imposibilitada para entregarle productos, servicios o informaci\u00f3n solicitados en nuestro sitio y a trav\u00e9s de nuestras redes sociales.<\/p><p><strong>Seguridad de sus datos<\/strong><\/p><p>Hi-Ref M\u00e9xico implementa medidas de seguridad t\u00e9cnicas, administrativas y f\u00edsicas para proteger sus datos contra acceso, divulgaci\u00f3n o cambios no autorizados.<\/p><p>La informaci\u00f3n se almacena en una base de datos segura. En caso de una violaci\u00f3n de seguridad de datos relacionada con sus datos, Hi-Ref M\u00e9xico le enviar\u00e1 una notificaci\u00f3n por escrito sobre la violaci\u00f3n y le proporcionar\u00e1 informaci\u00f3n relacionada con \u00e9sta, incluyendo lo sucedido, cu\u00e1les datos estuvieron involucrados y lo que se est\u00e1 haciendo al respecto.<\/p><p><strong>Cambios en la Pol\u00edtica de Privacidad<\/strong><\/p><p>Hi-Ref M\u00e9xico se reserva el derecho de alterar o modificar esta Pol\u00edtica como lo considere necesario para incorporar cambios de tecnolog\u00eda, condiciones comerciales, cambios legislativos o regulatorios, notific\u00e1ndole al respecto y solicitando su consentimiento.<\/p><p><strong>Datos de contacto<\/strong><\/p><p>Italian Cooling de M\u00e9xico, S.A. de C.V.<\/p><p>Jos\u00e9 F. Guti\u00e9rrez 234 Col. \u00c1ngel Zimbr\u00f3n<\/p><p>C.P. 02099, Alcald\u00eda Azcapotzalco<\/p><p>Ciudad de M\u00e9xico, M\u00e9xico<\/p><p>Tel\u00e9fono: 55 6226 2510<\/p><p>Correo electr\u00f3nico: info@hiref.com.mx<\/p><p><strong>Fecha de \u00faltima versi\u00f3n<\/strong><\/p><p>La \u00faltima versi\u00f3n vigente de este Aviso de Privacidad fue actualizada en junio de 2021.<\/p>\t\t\t\t\t\t\t\t<\/div>\n\t\t\t\t<\/div>\n\t\t\t\t\t<\/div>\n\t\t\t\t<\/div>\n\t\t\t\t<\/div>\n\t\t","protected":false},"excerpt":{"rendered":"<p>AVISO DE PRIVACIDAD Italian Cooling de M\u00e9xico, S.A. de C.V. en lo sucesivo Hi-Ref M\u00e9xico, hace de su conocimiento c\u00f3mo recopila y utiliza su Informaci\u00f3n de Contacto y Compra, en lo sucesivo &#8220;Datos&#8221;, al interactuar a trav\u00e9s de nuestro sitio web y redes sociales. Al hacerlo, usted da su consentimiento para utilizar sus Datos como [&hellip;]<\/p>\n","protected":false},"author":1,"featured_media":0,"parent":0,"menu_order":0,"comment_status":"closed","ping_status":"closed","template":"elementor_header_footer","meta":{"footnotes":""},"class_list":["post-176","page","type-page","status-publish","hentry"],"acf":[],"yoast_head":"<!-- This site is optimized with the Yoast SEO plugin v25.8 - https:\/\/yoast.com\/wordpress\/plugins\/seo\/ -->\n<title>AVISO DE PRIVACIDAD - HiRef<\/title>\n<meta name=\"robots\" content=\"index, follow, max-snippet:-1, max-image-preview:large, max-video-preview:-1\" \/>\n<link rel=\"canonical\" href=\"https:\/\/hiref.com.mx\/index.php\/aviso-de-privacidad\/\" \/>\n<meta property=\"og:locale\" content=\"es_MX\" \/>\n<meta property=\"og:type\" content=\"article\" \/>\n<meta property=\"og:title\" content=\"AVISO DE PRIVACIDAD - HiRef\" \/>\n<meta property=\"og:description\" content=\"AVISO DE PRIVACIDAD Italian Cooling de M\u00e9xico, S.A. de C.V. en lo sucesivo Hi-Ref M\u00e9xico, hace de su conocimiento c\u00f3mo recopila y utiliza su Informaci\u00f3n de Contacto y Compra, en lo sucesivo &#8220;Datos&#8221;, al interactuar a trav\u00e9s de nuestro sitio web y redes sociales. Al hacerlo, usted da su consentimiento para utilizar sus Datos como [&hellip;]\" \/>\n<meta property=\"og:url\" content=\"https:\/\/hiref.com.mx\/index.php\/aviso-de-privacidad\/\" \/>\n<meta property=\"og:site_name\" content=\"HiRef\" \/>\n<meta property=\"article:publisher\" content=\"https:\/\/www.facebook.com\/hirefmexico\" \/>\n<meta property=\"article:modified_time\" content=\"2025-05-08T19:15:19+00:00\" \/>\n<meta name=\"twitter:card\" content=\"summary_large_image\" \/>\n<meta name=\"twitter:label1\" content=\"Tiempo de lectura\" \/>\n\t<meta name=\"twitter:data1\" content=\"5 minutos\" \/>\n<script type=\"application\/ld+json\" class=\"yoast-schema-graph\">{\"@context\":\"https:\/\/schema.org\",\"@graph\":[{\"@type\":\"WebPage\",\"@id\":\"https:\/\/hiref.com.mx\/index.php\/aviso-de-privacidad\/\",\"url\":\"https:\/\/hiref.com.mx\/index.php\/aviso-de-privacidad\/\",\"name\":\"AVISO DE PRIVACIDAD - HiRef\",\"isPartOf\":{\"@id\":\"https:\/\/hiref.com.mx\/#website\"},\"datePublished\":\"2022-08-01T20:15:13+00:00\",\"dateModified\":\"2025-05-08T19:15:19+00:00\",\"breadcrumb\":{\"@id\":\"https:\/\/hiref.com.mx\/index.php\/aviso-de-privacidad\/#breadcrumb\"},\"inLanguage\":\"es\",\"potentialAction\":[{\"@type\":\"ReadAction\",\"target\":[\"https:\/\/hiref.com.mx\/index.php\/aviso-de-privacidad\/\"]}]},{\"@type\":\"BreadcrumbList\",\"@id\":\"https:\/\/hiref.com.mx\/index.php\/aviso-de-privacidad\/#breadcrumb\",\"itemListElement\":[{\"@type\":\"ListItem\",\"position\":1,\"name\":\"Inicio\",\"item\":\"https:\/\/hiref.com.mx\/\"},{\"@type\":\"ListItem\",\"position\":2,\"name\":\"AVISO DE PRIVACIDAD\"}]},{\"@type\":\"WebSite\",\"@id\":\"https:\/\/hiref.com.mx\/#website\",\"url\":\"https:\/\/hiref.com.mx\/\",\"name\":\"HiRef\",\"description\":\"Aire acondicionado de precisi\u00f3n para Data Center y Telecom\",\"potentialAction\":[{\"@type\":\"SearchAction\",\"target\":{\"@type\":\"EntryPoint\",\"urlTemplate\":\"https:\/\/hiref.com.mx\/?s={search_term_string}\"},\"query-input\":{\"@type\":\"PropertyValueSpecification\",\"valueRequired\":true,\"valueName\":\"search_term_string\"}}],\"inLanguage\":\"es\"}]}<\/script>\n<!-- \/ Yoast SEO plugin. -->","yoast_head_json":{"title":"AVISO DE PRIVACIDAD - HiRef","robots":{"index":"index","follow":"follow","max-snippet":"max-snippet:-1","max-image-preview":"max-image-preview:large","max-video-preview":"max-video-preview:-1"},"canonical":"https:\/\/hiref.com.mx\/index.php\/aviso-de-privacidad\/","og_locale":"es_MX","og_type":"article","og_title":"AVISO DE PRIVACIDAD - HiRef","og_description":"AVISO DE PRIVACIDAD Italian Cooling de M\u00e9xico, S.A. de C.V. en lo sucesivo Hi-Ref M\u00e9xico, hace de su conocimiento c\u00f3mo recopila y utiliza su Informaci\u00f3n de Contacto y Compra, en lo sucesivo &#8220;Datos&#8221;, al interactuar a trav\u00e9s de nuestro sitio web y redes sociales. Al hacerlo, usted da su consentimiento para utilizar sus Datos como [&hellip;]","og_url":"https:\/\/hiref.com.mx\/index.php\/aviso-de-privacidad\/","og_site_name":"HiRef","article_publisher":"https:\/\/www.facebook.com\/hirefmexico","article_modified_time":"2025-05-08T19:15:19+00:00","twitter_card":"summary_large_image","twitter_misc":{"Tiempo de lectura":"5 minutos"},"schema":{"@context":"https:\/\/schema.org","@graph":[{"@type":"WebPage","@id":"https:\/\/hiref.com.mx\/index.php\/aviso-de-privacidad\/","url":"https:\/\/hiref.com.mx\/index.php\/aviso-de-privacidad\/","name":"AVISO DE PRIVACIDAD - HiRef","isPartOf":{"@id":"https:\/\/hiref.com.mx\/#website"},"datePublished":"2022-08-01T20:15:13+00:00","dateModified":"2025-05-08T19:15:19+00:00","breadcrumb":{"@id":"https:\/\/hiref.com.mx\/index.php\/aviso-de-privacidad\/#breadcrumb"},"inLanguage":"es","potentialAction":[{"@type":"ReadAction","target":["https:\/\/hiref.com.mx\/index.php\/aviso-de-privacidad\/"]}]},{"@type":"BreadcrumbList","@id":"https:\/\/hiref.com.mx\/index.php\/aviso-de-privacidad\/#breadcrumb","itemListElement":[{"@type":"ListItem","position":1,"name":"Inicio","item":"https:\/\/hiref.com.mx\/"},{"@type":"ListItem","position":2,"name":"AVISO DE PRIVACIDAD"}]},{"@type":"WebSite","@id":"https:\/\/hiref.com.mx\/#website","url":"https:\/\/hiref.com.mx\/","name":"HiRef","description":"Aire acondicionado de precisi\u00f3n para Data Center y Telecom","potentialAction":[{"@type":"SearchAction","target":{"@type":"EntryPoint","urlTemplate":"https:\/\/hiref.com.mx\/?s={search_term_string}"},"query-input":{"@type":"PropertyValueSpecification","valueRequired":true,"valueName":"search_term_string"}}],"inLanguage":"es"}]}},"_links":{"self":[{"href":"https:\/\/hiref.com.mx\/index.php\/wp-json\/wp\/v2\/pages\/176","targetHints":{"allow":["GET"]}}],"collection":[{"href":"https:\/\/hiref.com.mx\/index.php\/wp-json\/wp\/v2\/pages"}],"about":[{"href":"https:\/\/hiref.com.mx\/index.php\/wp-json\/wp\/v2\/types\/page"}],"author":[{"embeddable":true,"href":"https:\/\/hiref.com.mx\/index.php\/wp-json\/wp\/v2\/users\/1"}],"replies":[{"embeddable":true,"href":"https:\/\/hiref.com.mx\/index.php\/wp-json\/wp\/v2\/comments?post=176"}],"version-history":[{"count":10,"href":"https:\/\/hiref.com.mx\/index.php\/wp-json\/wp\/v2\/pages\/176\/revisions"}],"predecessor-version":[{"id":3049,"href":"https:\/\/hiref.com.mx\/index.php\/wp-json\/wp\/v2\/pages\/176\/revisions\/3049"}],"wp:attachment":[{"href":"https:\/\/hiref.com.mx\/index.php\/wp-json\/wp\/v2\/media?parent=176"}],"curies":[{"name":"wp","href":"https:\/\/api.w.org\/{rel}","templated":true}]}}