{"id":174,"date":"2022-08-01T20:14:29","date_gmt":"2022-08-01T20:14:29","guid":{"rendered":"http:\/\/hiref.com.mx\/?page_id=174"},"modified":"2024-07-09T16:59:38","modified_gmt":"2024-07-09T16:59:38","slug":"blog","status":"publish","type":"page","link":"https:\/\/hiref.com.mx\/index.php\/blog\/","title":{"rendered":"BLOG"},"content":{"rendered":"\t\t<div data-elementor-type=\"wp-page\" data-elementor-id=\"174\" class=\"elementor elementor-174\" data-elementor-post-type=\"page\">\n\t\t\t\t\t\t<section class=\"elementor-section elementor-top-section elementor-element elementor-element-64218cb elementor-section-height-min-height elementor-section-boxed elementor-section-height-default elementor-section-items-middle\" data-id=\"64218cb\" data-element_type=\"section\" data-settings=\"{&quot;background_background&quot;:&quot;classic&quot;}\">\n\t\t\t\t\t\t<div class=\"elementor-container elementor-column-gap-default\">\n\t\t\t\t\t<div class=\"elementor-column elementor-col-100 elementor-top-column elementor-element elementor-element-615e72b\" data-id=\"615e72b\" data-element_type=\"column\">\n\t\t\t<div class=\"elementor-widget-wrap elementor-element-populated\">\n\t\t\t\t\t\t<div class=\"elementor-element elementor-element-bf546cf elementor-widget elementor-widget-image\" data-id=\"bf546cf\" data-element_type=\"widget\" data-widget_type=\"image.default\">\n\t\t\t\t<div class=\"elementor-widget-container\">\n\t\t\t\t\t\t\t\t\t\t\t\t\t\t\t<img decoding=\"async\" width=\"300\" height=\"7\" src=\"https:\/\/hiref.com.mx\/wp-content\/uploads\/2022\/09\/LINEA-TITULOS-300x7.png\" class=\"attachment-medium size-medium wp-image-327\" alt=\"\" srcset=\"https:\/\/hiref.com.mx\/wp-content\/uploads\/2022\/09\/LINEA-TITULOS-300x7.png 300w, https:\/\/hiref.com.mx\/wp-content\/uploads\/2022\/09\/LINEA-TITULOS-600x14.png 600w, https:\/\/hiref.com.mx\/wp-content\/uploads\/2022\/09\/LINEA-TITULOS-768x19.png 768w, https:\/\/hiref.com.mx\/wp-content\/uploads\/2022\/09\/LINEA-TITULOS.png 952w\" sizes=\"(max-width: 300px) 100vw, 300px\" \/>\t\t\t\t\t\t\t\t\t\t\t\t\t\t\t<\/div>\n\t\t\t\t<\/div>\n\t\t\t\t<div class=\"elementor-element elementor-element-4dae6ce elementor-widget elementor-widget-heading\" data-id=\"4dae6ce\" data-element_type=\"widget\" data-widget_type=\"heading.default\">\n\t\t\t\t<div class=\"elementor-widget-container\">\n\t\t\t\t\t<h2 class=\"elementor-heading-title elementor-size-default\">Blog<\/h2>\t\t\t\t<\/div>\n\t\t\t\t<\/div>\n\t\t\t\t\t<\/div>\n\t\t<\/div>\n\t\t\t\t\t<\/div>\n\t\t<\/section>\n\t\t\t\t<section class=\"elementor-section elementor-top-section elementor-element elementor-element-1276b65 elementor-section-boxed elementor-section-height-default elementor-section-height-default\" data-id=\"1276b65\" data-element_type=\"section\">\n\t\t\t\t\t\t<div class=\"elementor-container elementor-column-gap-default\">\n\t\t\t\t\t<div class=\"elementor-column elementor-col-100 elementor-top-column elementor-element elementor-element-7e6a91b\" data-id=\"7e6a91b\" data-element_type=\"column\">\n\t\t\t<div class=\"elementor-widget-wrap elementor-element-populated\">\n\t\t\t\t\t\t<div class=\"elementor-element elementor-element-aa67e58 elementor-grid-3 elementor-grid-tablet-2 elementor-grid-mobile-1 elementor-posts--thumbnail-top elementor-card-shadow-yes elementor-posts__hover-gradient elementor-widget elementor-widget-posts\" data-id=\"aa67e58\" data-element_type=\"widget\" data-settings=\"{&quot;pagination_type&quot;:&quot;prev_next&quot;,&quot;cards_columns&quot;:&quot;3&quot;,&quot;cards_columns_tablet&quot;:&quot;2&quot;,&quot;cards_columns_mobile&quot;:&quot;1&quot;,&quot;cards_row_gap&quot;:{&quot;unit&quot;:&quot;px&quot;,&quot;size&quot;:35,&quot;sizes&quot;:[]},&quot;cards_row_gap_tablet&quot;:{&quot;unit&quot;:&quot;px&quot;,&quot;size&quot;:&quot;&quot;,&quot;sizes&quot;:[]},&quot;cards_row_gap_mobile&quot;:{&quot;unit&quot;:&quot;px&quot;,&quot;size&quot;:&quot;&quot;,&quot;sizes&quot;:[]}}\" data-widget_type=\"posts.cards\">\n\t\t\t\t<div class=\"elementor-widget-container\">\n\t\t\t\t\t\t\t<div class=\"elementor-posts-container elementor-posts elementor-posts--skin-cards elementor-grid\" role=\"list\">\n\t\t\t\t<article class=\"elementor-post elementor-grid-item post-3059 post type-post status-publish format-standard has-post-thumbnail hentry category-aire-acondicionado-de-precision-para-telecom category-casos-de-exito-enfriamiento-de-precision-para-data-centers category-enfriamiento-de-precision-alimentos category-enfriamiento-liquido category-hvac\" role=\"listitem\">\n\t\t\t<div class=\"elementor-post__card\">\n\t\t\t\t<a class=\"elementor-post__thumbnail__link\" href=\"https:\/\/hiref.com.mx\/index.php\/2025\/05\/20\/enfriamiento-liquido-futuro-en-los-centros-de-datos\/\" tabindex=\"-1\" ><div class=\"elementor-post__thumbnail\"><img fetchpriority=\"high\" decoding=\"async\" width=\"300\" height=\"243\" src=\"https:\/\/hiref.com.mx\/wp-content\/uploads\/2025\/05\/Enfriamiento-liquido-300x243.png\" class=\"attachment-medium size-medium wp-image-3060\" alt=\"\" srcset=\"https:\/\/hiref.com.mx\/wp-content\/uploads\/2025\/05\/Enfriamiento-liquido-300x243.png 300w, https:\/\/hiref.com.mx\/wp-content\/uploads\/2025\/05\/Enfriamiento-liquido-768x622.png 768w, https:\/\/hiref.com.mx\/wp-content\/uploads\/2025\/05\/Enfriamiento-liquido-600x486.png 600w, https:\/\/hiref.com.mx\/wp-content\/uploads\/2025\/05\/Enfriamiento-liquido.png 808w\" sizes=\"(max-width: 300px) 100vw, 300px\" \/><\/div><\/a>\n\t\t\t\t<div class=\"elementor-post__text\">\n\t\t\t\t<h3 class=\"elementor-post__title\">\n\t\t\t<a href=\"https:\/\/hiref.com.mx\/index.php\/2025\/05\/20\/enfriamiento-liquido-futuro-en-los-centros-de-datos\/\" >\n\t\t\t\tEnfriamiento l\u00edquido: el futuro de la eficiencia en los centros de datos\t\t\t<\/a>\n\t\t<\/h3>\n\t\t\t\t<div class=\"elementor-post__excerpt\">\n\t\t\t<p>A medida que la tecnolog\u00eda avanza, la demanda de potencia computacional en los centros de datos aumenta. El uso de microprocesadores m\u00e1s potentes, que requieren<\/p>\n\t\t<\/div>\n\t\t\n\t\t<a class=\"elementor-post__read-more\" href=\"https:\/\/hiref.com.mx\/index.php\/2025\/05\/20\/enfriamiento-liquido-futuro-en-los-centros-de-datos\/\" aria-label=\"Read more about Enfriamiento l\u00edquido: el futuro de la eficiencia en los centros de datos\" tabindex=\"-1\" >\n\t\t\tLeer m\u00e1s\u00bb\t\t<\/a>\n\n\t\t\t\t<\/div>\n\t\t\t\t\t<\/div>\n\t\t<\/article>\n\t\t\t\t<article class=\"elementor-post elementor-grid-item post-3050 post type-post status-publish format-standard has-post-thumbnail hentry category-casos-de-exito-enfriamiento-de-precision-para-data-centers category-enfriamiento-de-precision-alimentos category-hvac\" role=\"listitem\">\n\t\t\t<div class=\"elementor-post__card\">\n\t\t\t\t<a class=\"elementor-post__thumbnail__link\" href=\"https:\/\/hiref.com.mx\/index.php\/2025\/05\/15\/climatizacion-a-la-medida-en-el-corazon-de-venecia\/\" tabindex=\"-1\" ><div class=\"elementor-post__thumbnail\"><img decoding=\"async\" width=\"300\" height=\"200\" src=\"https:\/\/hiref.com.mx\/wp-content\/uploads\/2025\/05\/la-gente-viajando-y-divirtiendose-en-venecia-italia-300x200.jpg\" class=\"attachment-medium size-medium wp-image-3051\" alt=\"HVAC\" srcset=\"https:\/\/hiref.com.mx\/wp-content\/uploads\/2025\/05\/la-gente-viajando-y-divirtiendose-en-venecia-italia-300x200.jpg 300w, https:\/\/hiref.com.mx\/wp-content\/uploads\/2025\/05\/la-gente-viajando-y-divirtiendose-en-venecia-italia-768x512.jpg 768w, https:\/\/hiref.com.mx\/wp-content\/uploads\/2025\/05\/la-gente-viajando-y-divirtiendose-en-venecia-italia-600x400.jpg 600w, https:\/\/hiref.com.mx\/wp-content\/uploads\/2025\/05\/la-gente-viajando-y-divirtiendose-en-venecia-italia.jpg 900w\" sizes=\"(max-width: 300px) 100vw, 300px\" \/><\/div><\/a>\n\t\t\t\t<div class=\"elementor-post__text\">\n\t\t\t\t<h3 class=\"elementor-post__title\">\n\t\t\t<a href=\"https:\/\/hiref.com.mx\/index.php\/2025\/05\/15\/climatizacion-a-la-medida-en-el-corazon-de-venecia\/\" >\n\t\t\t\tClimatizaci\u00f3n a la medida en el coraz\u00f3n de Venecia\t\t\t<\/a>\n\t\t<\/h3>\n\t\t\t\t<div class=\"elementor-post__excerpt\">\n\t\t\t<p>HiRef fue seleccionada para crear el sistema de climatizaci\u00f3n de un prestigioso hotel en el centro hist\u00f3rico de Venecia, donde se requer\u00edan soluciones altamente eficientes<\/p>\n\t\t<\/div>\n\t\t\n\t\t<a class=\"elementor-post__read-more\" href=\"https:\/\/hiref.com.mx\/index.php\/2025\/05\/15\/climatizacion-a-la-medida-en-el-corazon-de-venecia\/\" aria-label=\"Read more about Climatizaci\u00f3n a la medida en el coraz\u00f3n de Venecia\" tabindex=\"-1\" >\n\t\t\tLeer m\u00e1s\u00bb\t\t<\/a>\n\n\t\t\t\t<\/div>\n\t\t\t\t\t<\/div>\n\t\t<\/article>\n\t\t\t\t<article class=\"elementor-post elementor-grid-item post-2892 post type-post status-publish format-standard has-post-thumbnail hentry category-uncategorized\" role=\"listitem\">\n\t\t\t<div class=\"elementor-post__card\">\n\t\t\t\t<a class=\"elementor-post__thumbnail__link\" href=\"https:\/\/hiref.com.mx\/index.php\/2025\/02\/13\/el-futuro-de-los-data-centers-en-tiempos-de-la-ia\/\" tabindex=\"-1\" ><div class=\"elementor-post__thumbnail\"><img loading=\"lazy\" decoding=\"async\" width=\"300\" height=\"222\" src=\"https:\/\/hiref.com.mx\/wp-content\/uploads\/2025\/02\/Ai-data-centers-300x222.png\" class=\"attachment-medium size-medium wp-image-2893\" alt=\"\" srcset=\"https:\/\/hiref.com.mx\/wp-content\/uploads\/2025\/02\/Ai-data-centers-300x222.png 300w, https:\/\/hiref.com.mx\/wp-content\/uploads\/2025\/02\/Ai-data-centers-600x444.png 600w, https:\/\/hiref.com.mx\/wp-content\/uploads\/2025\/02\/Ai-data-centers.png 676w\" sizes=\"(max-width: 300px) 100vw, 300px\" \/><\/div><\/a>\n\t\t\t\t<div class=\"elementor-post__text\">\n\t\t\t\t<h3 class=\"elementor-post__title\">\n\t\t\t<a href=\"https:\/\/hiref.com.mx\/index.php\/2025\/02\/13\/el-futuro-de-los-data-centers-en-tiempos-de-la-ia\/\" >\n\t\t\t\tEl futuro de los data centers en tiempos de la IA\t\t\t<\/a>\n\t\t<\/h3>\n\t\t\t\t<div class=\"elementor-post__excerpt\">\n\t\t\t<p>La inteligencia artificial (IA o AI por sus siglas en ingl\u00e9s) est\u00e1 transformando el mundo, y los data centers son el coraz\u00f3n de esta revoluci\u00f3n.<\/p>\n\t\t<\/div>\n\t\t\n\t\t<a class=\"elementor-post__read-more\" href=\"https:\/\/hiref.com.mx\/index.php\/2025\/02\/13\/el-futuro-de-los-data-centers-en-tiempos-de-la-ia\/\" aria-label=\"Read more about El futuro de los data centers en tiempos de la IA\" tabindex=\"-1\" >\n\t\t\tLeer m\u00e1s\u00bb\t\t<\/a>\n\n\t\t\t\t<\/div>\n\t\t\t\t\t<\/div>\n\t\t<\/article>\n\t\t\t\t<article class=\"elementor-post elementor-grid-item post-2889 post type-post status-publish format-standard has-post-thumbnail hentry category-uncategorized\" role=\"listitem\">\n\t\t\t<div class=\"elementor-post__card\">\n\t\t\t\t<a class=\"elementor-post__thumbnail__link\" href=\"https:\/\/hiref.com.mx\/index.php\/2025\/02\/01\/soluciones-para-un-data-center-a-hiperescala-en-europa-central\/\" tabindex=\"-1\" ><div class=\"elementor-post__thumbnail\"><img loading=\"lazy\" decoding=\"async\" width=\"300\" height=\"210\" src=\"https:\/\/hiref.com.mx\/wp-content\/uploads\/2025\/02\/technological-blue-background-circuit-300x210.jpg\" class=\"attachment-medium size-medium wp-image-2890\" alt=\"\" srcset=\"https:\/\/hiref.com.mx\/wp-content\/uploads\/2025\/02\/technological-blue-background-circuit-300x210.jpg 300w, https:\/\/hiref.com.mx\/wp-content\/uploads\/2025\/02\/technological-blue-background-circuit-1024x717.jpg 1024w, https:\/\/hiref.com.mx\/wp-content\/uploads\/2025\/02\/technological-blue-background-circuit-768x538.jpg 768w, https:\/\/hiref.com.mx\/wp-content\/uploads\/2025\/02\/technological-blue-background-circuit-1536x1075.jpg 1536w, https:\/\/hiref.com.mx\/wp-content\/uploads\/2025\/02\/technological-blue-background-circuit-2048x1434.jpg 2048w, https:\/\/hiref.com.mx\/wp-content\/uploads\/2025\/02\/technological-blue-background-circuit-600x420.jpg 600w\" sizes=\"(max-width: 300px) 100vw, 300px\" \/><\/div><\/a>\n\t\t\t\t<div class=\"elementor-post__text\">\n\t\t\t\t<h3 class=\"elementor-post__title\">\n\t\t\t<a href=\"https:\/\/hiref.com.mx\/index.php\/2025\/02\/01\/soluciones-para-un-data-center-a-hiperescala-en-europa-central\/\" >\n\t\t\t\tSoluciones para un data center a hiperescala en Europa Central\t\t\t<\/a>\n\t\t<\/h3>\n\t\t\t\t<div class=\"elementor-post__excerpt\">\n\t\t\t<p>HiRef suministr\u00f3 recientemente soluciones de refrigeraci\u00f3n y gesti\u00f3n energ\u00e9tica de \u00faltima generaci\u00f3n para un centro de datos a hiperescala en Europa Central. El proyecto destaca<\/p>\n\t\t<\/div>\n\t\t\n\t\t<a class=\"elementor-post__read-more\" href=\"https:\/\/hiref.com.mx\/index.php\/2025\/02\/01\/soluciones-para-un-data-center-a-hiperescala-en-europa-central\/\" aria-label=\"Read more about Soluciones para un data center a hiperescala en Europa Central\" tabindex=\"-1\" >\n\t\t\tLeer m\u00e1s\u00bb\t\t<\/a>\n\n\t\t\t\t<\/div>\n\t\t\t\t\t<\/div>\n\t\t<\/article>\n\t\t\t\t<article class=\"elementor-post elementor-grid-item post-2872 post type-post status-publish format-standard has-post-thumbnail hentry category-aire-acondicionado-de-precision-para-telecom category-casos-de-exito-enfriamiento-de-precision-para-data-centers\" role=\"listitem\">\n\t\t\t<div class=\"elementor-post__card\">\n\t\t\t\t<a class=\"elementor-post__thumbnail__link\" href=\"https:\/\/hiref.com.mx\/index.php\/2024\/11\/07\/eficiencia-y-seguridad-para-c-e-n-de-napoles\/\" tabindex=\"-1\" ><div class=\"elementor-post__thumbnail\"><img loading=\"lazy\" decoding=\"async\" width=\"200\" height=\"300\" src=\"https:\/\/hiref.com.mx\/wp-content\/uploads\/2024\/11\/efficienza_energetica_data_center-200x300.jpeg\" class=\"attachment-medium size-medium wp-image-2873\" alt=\"\" srcset=\"https:\/\/hiref.com.mx\/wp-content\/uploads\/2024\/11\/efficienza_energetica_data_center-200x300.jpeg 200w, https:\/\/hiref.com.mx\/wp-content\/uploads\/2024\/11\/efficienza_energetica_data_center-683x1024.jpeg 683w, https:\/\/hiref.com.mx\/wp-content\/uploads\/2024\/11\/efficienza_energetica_data_center-768x1152.jpeg 768w, https:\/\/hiref.com.mx\/wp-content\/uploads\/2024\/11\/efficienza_energetica_data_center-600x900.jpeg 600w, https:\/\/hiref.com.mx\/wp-content\/uploads\/2024\/11\/efficienza_energetica_data_center.jpeg 1024w\" sizes=\"(max-width: 200px) 100vw, 200px\" \/><\/div><\/a>\n\t\t\t\t<div class=\"elementor-post__text\">\n\t\t\t\t<h3 class=\"elementor-post__title\">\n\t\t\t<a href=\"https:\/\/hiref.com.mx\/index.php\/2024\/11\/07\/eficiencia-y-seguridad-para-c-e-n-de-napoles\/\" >\n\t\t\t\tEficiencia y Seguridad para C.E.N. de N\u00e1poles\t\t\t<\/a>\n\t\t<\/h3>\n\t\t\t\t<div class=\"elementor-post__excerpt\">\n\t\t\t<p>NRG y DataBox garantizan la continuidad operativa y la eficiencia energ\u00e9tica. Los centros de datos son esenciales para las instituciones p\u00fablicas, apoyando las infraestructuras tecnol\u00f3gicas<\/p>\n\t\t<\/div>\n\t\t\n\t\t<a class=\"elementor-post__read-more\" href=\"https:\/\/hiref.com.mx\/index.php\/2024\/11\/07\/eficiencia-y-seguridad-para-c-e-n-de-napoles\/\" aria-label=\"Read more about Eficiencia y Seguridad para C.E.N. de N\u00e1poles\" tabindex=\"-1\" >\n\t\t\tLeer m\u00e1s\u00bb\t\t<\/a>\n\n\t\t\t\t<\/div>\n\t\t\t\t\t<\/div>\n\t\t<\/article>\n\t\t\t\t<article class=\"elementor-post elementor-grid-item post-2795 post type-post status-publish format-standard has-post-thumbnail hentry category-aire-acondicionado-de-precision-para-telecom category-casos-de-exito-enfriamiento-de-precision-para-data-centers\" role=\"listitem\">\n\t\t\t<div class=\"elementor-post__card\">\n\t\t\t\t<a class=\"elementor-post__thumbnail__link\" href=\"https:\/\/hiref.com.mx\/index.php\/2024\/07\/12\/hiref-esta-pegado-al-exito\/\" tabindex=\"-1\" ><div class=\"elementor-post__thumbnail\"><img loading=\"lazy\" decoding=\"async\" width=\"300\" height=\"225\" src=\"https:\/\/hiref.com.mx\/wp-content\/uploads\/2024\/07\/Gamma-TVA-300x225.jpeg\" class=\"attachment-medium size-medium wp-image-2796\" alt=\"\" srcset=\"https:\/\/hiref.com.mx\/wp-content\/uploads\/2024\/07\/Gamma-TVA-300x225.jpeg 300w, https:\/\/hiref.com.mx\/wp-content\/uploads\/2024\/07\/Gamma-TVA-768x576.jpeg 768w, https:\/\/hiref.com.mx\/wp-content\/uploads\/2024\/07\/Gamma-TVA-600x450.jpeg 600w, https:\/\/hiref.com.mx\/wp-content\/uploads\/2024\/07\/Gamma-TVA.jpeg 1024w\" sizes=\"(max-width: 300px) 100vw, 300px\" \/><\/div><\/a>\n\t\t\t\t<div class=\"elementor-post__text\">\n\t\t\t\t<h3 class=\"elementor-post__title\">\n\t\t\t<a href=\"https:\/\/hiref.com.mx\/index.php\/2024\/07\/12\/hiref-esta-pegado-al-exito\/\" >\n\t\t\t\tHIREF \u201cEST\u00c1 PEGADO\u201d AL \u00c9XITO\t\t\t<\/a>\n\t\t<\/h3>\n\t\t\t\t<div class=\"elementor-post__excerpt\">\n\t\t\t<p>HiRef suministr\u00f3 recientemente un enfriador aire\/agua a una de las empresas italianas m\u00e1s importantes en el sector de producci\u00f3n de pegamentos, aumentando la eficiencia energ\u00e9tica<\/p>\n\t\t<\/div>\n\t\t\n\t\t<a class=\"elementor-post__read-more\" href=\"https:\/\/hiref.com.mx\/index.php\/2024\/07\/12\/hiref-esta-pegado-al-exito\/\" aria-label=\"Read more about HIREF \u201cEST\u00c1 PEGADO\u201d AL \u00c9XITO\" tabindex=\"-1\" >\n\t\t\tLeer m\u00e1s\u00bb\t\t<\/a>\n\n\t\t\t\t<\/div>\n\t\t\t\t\t<\/div>\n\t\t<\/article>\n\t\t\t\t<\/div>\n\t\t\n\t\t\t\t<div class=\"e-load-more-anchor\" data-page=\"1\" data-max-page=\"5\" data-next-page=\"https:\/\/hiref.com.mx\/index.php\/wp-json\/wp\/v2\/pages\/174\/page\/2\/\"><\/div>\n\t\t\t\t<nav class=\"elementor-pagination\" aria-label=\"Pagination\">\n\t\t\t<span class=\"page-numbers prev\">&laquo; Anterior<\/span>\n<a class=\"page-numbers next\" href=\"https:\/\/hiref.com.mx\/index.php\/wp-json\/wp\/v2\/pages\/174\/page\/2\/\">Siguiente &raquo;<\/a>\t\t<\/nav>\n\t\t\t\t\t\t<\/div>\n\t\t\t\t<\/div>\n\t\t\t\t\t<\/div>\n\t\t<\/div>\n\t\t\t\t\t<\/div>\n\t\t<\/section>\n\t\t\t\t<\/div>\n\t\t","protected":false},"excerpt":{"rendered":"<p>Blog<\/p>\n","protected":false},"author":1,"featured_media":0,"parent":0,"menu_order":0,"comment_status":"closed","ping_status":"closed","template":"elementor_header_footer","meta":{"footnotes":""},"class_list":["post-174","page","type-page","status-publish","hentry"],"acf":[],"yoast_head":"<!-- This site is optimized with the Yoast SEO plugin v25.8 - https:\/\/yoast.com\/wordpress\/plugins\/seo\/ -->\n<title>BLOG - HiRef<\/title>\n<meta name=\"robots\" content=\"index, follow, max-snippet:-1, max-image-preview:large, max-video-preview:-1\" \/>\n<link rel=\"canonical\" href=\"https:\/\/hiref.com.mx\/index.php\/blog\/\" \/>\n<meta property=\"og:locale\" content=\"es_MX\" \/>\n<meta property=\"og:type\" content=\"article\" \/>\n<meta property=\"og:title\" content=\"BLOG - HiRef\" \/>\n<meta property=\"og:description\" content=\"Blog\" \/>\n<meta property=\"og:url\" content=\"https:\/\/hiref.com.mx\/index.php\/blog\/\" \/>\n<meta property=\"og:site_name\" content=\"HiRef\" \/>\n<meta property=\"article:publisher\" content=\"https:\/\/www.facebook.com\/hirefmexico\" \/>\n<meta property=\"article:modified_time\" content=\"2024-07-09T16:59:38+00:00\" \/>\n<meta property=\"og:image\" content=\"https:\/\/hiref.com.mx\/wp-content\/uploads\/2022\/09\/LINEA-TITULOS-300x7.png\" \/>\n<meta name=\"twitter:card\" content=\"summary_large_image\" \/>\n<meta name=\"twitter:label1\" content=\"Tiempo de lectura\" \/>\n\t<meta name=\"twitter:data1\" content=\"3 minutos\" \/>\n<script type=\"application\/ld+json\" class=\"yoast-schema-graph\">{\"@context\":\"https:\/\/schema.org\",\"@graph\":[{\"@type\":\"WebPage\",\"@id\":\"https:\/\/hiref.com.mx\/index.php\/blog\/\",\"url\":\"https:\/\/hiref.com.mx\/index.php\/blog\/\",\"name\":\"BLOG - HiRef\",\"isPartOf\":{\"@id\":\"https:\/\/hiref.com.mx\/#website\"},\"primaryImageOfPage\":{\"@id\":\"https:\/\/hiref.com.mx\/index.php\/blog\/#primaryimage\"},\"image\":{\"@id\":\"https:\/\/hiref.com.mx\/index.php\/blog\/#primaryimage\"},\"thumbnailUrl\":\"https:\/\/hiref.com.mx\/wp-content\/uploads\/2022\/09\/LINEA-TITULOS-300x7.png\",\"datePublished\":\"2022-08-01T20:14:29+00:00\",\"dateModified\":\"2024-07-09T16:59:38+00:00\",\"breadcrumb\":{\"@id\":\"https:\/\/hiref.com.mx\/index.php\/blog\/#breadcrumb\"},\"inLanguage\":\"es\",\"potentialAction\":[{\"@type\":\"ReadAction\",\"target\":[\"https:\/\/hiref.com.mx\/index.php\/blog\/\"]}]},{\"@type\":\"ImageObject\",\"inLanguage\":\"es\",\"@id\":\"https:\/\/hiref.com.mx\/index.php\/blog\/#primaryimage\",\"url\":\"https:\/\/hiref.com.mx\/wp-content\/uploads\/2022\/09\/LINEA-TITULOS.png\",\"contentUrl\":\"https:\/\/hiref.com.mx\/wp-content\/uploads\/2022\/09\/LINEA-TITULOS.png\",\"width\":952,\"height\":23},{\"@type\":\"BreadcrumbList\",\"@id\":\"https:\/\/hiref.com.mx\/index.php\/blog\/#breadcrumb\",\"itemListElement\":[{\"@type\":\"ListItem\",\"position\":1,\"name\":\"Inicio\",\"item\":\"https:\/\/hiref.com.mx\/\"},{\"@type\":\"ListItem\",\"position\":2,\"name\":\"BLOG\"}]},{\"@type\":\"WebSite\",\"@id\":\"https:\/\/hiref.com.mx\/#website\",\"url\":\"https:\/\/hiref.com.mx\/\",\"name\":\"HiRef\",\"description\":\"Aire acondicionado de precisi\u00f3n para Data Center y Telecom\",\"potentialAction\":[{\"@type\":\"SearchAction\",\"target\":{\"@type\":\"EntryPoint\",\"urlTemplate\":\"https:\/\/hiref.com.mx\/?s={search_term_string}\"},\"query-input\":{\"@type\":\"PropertyValueSpecification\",\"valueRequired\":true,\"valueName\":\"search_term_string\"}}],\"inLanguage\":\"es\"}]}<\/script>\n<!-- \/ Yoast SEO plugin. -->","yoast_head_json":{"title":"BLOG - HiRef","robots":{"index":"index","follow":"follow","max-snippet":"max-snippet:-1","max-image-preview":"max-image-preview:large","max-video-preview":"max-video-preview:-1"},"canonical":"https:\/\/hiref.com.mx\/index.php\/blog\/","og_locale":"es_MX","og_type":"article","og_title":"BLOG - HiRef","og_description":"Blog","og_url":"https:\/\/hiref.com.mx\/index.php\/blog\/","og_site_name":"HiRef","article_publisher":"https:\/\/www.facebook.com\/hirefmexico","article_modified_time":"2024-07-09T16:59:38+00:00","og_image":[{"url":"https:\/\/hiref.com.mx\/wp-content\/uploads\/2022\/09\/LINEA-TITULOS-300x7.png","type":"","width":"","height":""}],"twitter_card":"summary_large_image","twitter_misc":{"Tiempo de lectura":"3 minutos"},"schema":{"@context":"https:\/\/schema.org","@graph":[{"@type":"WebPage","@id":"https:\/\/hiref.com.mx\/index.php\/blog\/","url":"https:\/\/hiref.com.mx\/index.php\/blog\/","name":"BLOG - HiRef","isPartOf":{"@id":"https:\/\/hiref.com.mx\/#website"},"primaryImageOfPage":{"@id":"https:\/\/hiref.com.mx\/index.php\/blog\/#primaryimage"},"image":{"@id":"https:\/\/hiref.com.mx\/index.php\/blog\/#primaryimage"},"thumbnailUrl":"https:\/\/hiref.com.mx\/wp-content\/uploads\/2022\/09\/LINEA-TITULOS-300x7.png","datePublished":"2022-08-01T20:14:29+00:00","dateModified":"2024-07-09T16:59:38+00:00","breadcrumb":{"@id":"https:\/\/hiref.com.mx\/index.php\/blog\/#breadcrumb"},"inLanguage":"es","potentialAction":[{"@type":"ReadAction","target":["https:\/\/hiref.com.mx\/index.php\/blog\/"]}]},{"@type":"ImageObject","inLanguage":"es","@id":"https:\/\/hiref.com.mx\/index.php\/blog\/#primaryimage","url":"https:\/\/hiref.com.mx\/wp-content\/uploads\/2022\/09\/LINEA-TITULOS.png","contentUrl":"https:\/\/hiref.com.mx\/wp-content\/uploads\/2022\/09\/LINEA-TITULOS.png","width":952,"height":23},{"@type":"BreadcrumbList","@id":"https:\/\/hiref.com.mx\/index.php\/blog\/#breadcrumb","itemListElement":[{"@type":"ListItem","position":1,"name":"Inicio","item":"https:\/\/hiref.com.mx\/"},{"@type":"ListItem","position":2,"name":"BLOG"}]},{"@type":"WebSite","@id":"https:\/\/hiref.com.mx\/#website","url":"https:\/\/hiref.com.mx\/","name":"HiRef","description":"Aire acondicionado de precisi\u00f3n para Data Center y Telecom","potentialAction":[{"@type":"SearchAction","target":{"@type":"EntryPoint","urlTemplate":"https:\/\/hiref.com.mx\/?s={search_term_string}"},"query-input":{"@type":"PropertyValueSpecification","valueRequired":true,"valueName":"search_term_string"}}],"inLanguage":"es"}]}},"_links":{"self":[{"href":"https:\/\/hiref.com.mx\/index.php\/wp-json\/wp\/v2\/pages\/174","targetHints":{"allow":["GET"]}}],"collection":[{"href":"https:\/\/hiref.com.mx\/index.php\/wp-json\/wp\/v2\/pages"}],"about":[{"href":"https:\/\/hiref.com.mx\/index.php\/wp-json\/wp\/v2\/types\/page"}],"author":[{"embeddable":true,"href":"https:\/\/hiref.com.mx\/index.php\/wp-json\/wp\/v2\/users\/1"}],"replies":[{"embeddable":true,"href":"https:\/\/hiref.com.mx\/index.php\/wp-json\/wp\/v2\/comments?post=174"}],"version-history":[{"count":31,"href":"https:\/\/hiref.com.mx\/index.php\/wp-json\/wp\/v2\/pages\/174\/revisions"}],"predecessor-version":[{"id":2733,"href":"https:\/\/hiref.com.mx\/index.php\/wp-json\/wp\/v2\/pages\/174\/revisions\/2733"}],"wp:attachment":[{"href":"https:\/\/hiref.com.mx\/index.php\/wp-json\/wp\/v2\/media?parent=174"}],"curies":[{"name":"wp","href":"https:\/\/api.w.org\/{rel}","templated":true}]}}