{"id":172,"date":"2022-08-01T20:14:00","date_gmt":"2022-08-01T20:14:00","guid":{"rendered":"http:\/\/hiref.com.mx\/?page_id=172"},"modified":"2023-06-06T20:04:05","modified_gmt":"2023-06-06T20:04:05","slug":"certificaciones","status":"publish","type":"page","link":"https:\/\/hiref.com.mx\/index.php\/certificaciones\/","title":{"rendered":"CERTIFICACIONES"},"content":{"rendered":"\t\t<div data-elementor-type=\"wp-page\" data-elementor-id=\"172\" class=\"elementor elementor-172\" data-elementor-post-type=\"page\">\n\t\t\t\t\t\t<section class=\"elementor-section elementor-top-section elementor-element elementor-element-bcd5418 elementor-section-boxed elementor-section-height-default elementor-section-height-default\" data-id=\"bcd5418\" data-element_type=\"section\" data-settings=\"{&quot;background_background&quot;:&quot;classic&quot;}\">\n\t\t\t\t\t\t\t<div class=\"elementor-background-overlay\"><\/div>\n\t\t\t\t\t\t\t<div class=\"elementor-container elementor-column-gap-default\">\n\t\t\t\t\t<div class=\"elementor-column elementor-col-100 elementor-top-column elementor-element elementor-element-707f8be\" data-id=\"707f8be\" data-element_type=\"column\">\n\t\t\t<div class=\"elementor-widget-wrap elementor-element-populated\">\n\t\t\t\t\t\t<section class=\"elementor-section elementor-inner-section elementor-element elementor-element-a511f14 elementor-section-boxed elementor-section-height-default elementor-section-height-default\" data-id=\"a511f14\" data-element_type=\"section\" data-settings=\"{&quot;background_background&quot;:&quot;classic&quot;}\">\n\t\t\t\t\t\t<div class=\"elementor-container elementor-column-gap-default\">\n\t\t\t\t\t<div class=\"elementor-column elementor-col-50 elementor-inner-column elementor-element elementor-element-f6ba1de\" data-id=\"f6ba1de\" data-element_type=\"column\">\n\t\t\t<div class=\"elementor-widget-wrap elementor-element-populated\">\n\t\t\t\t\t\t<div class=\"elementor-element elementor-element-230e3e2 elementor-widget elementor-widget-image\" data-id=\"230e3e2\" data-element_type=\"widget\" data-widget_type=\"image.default\">\n\t\t\t\t<div class=\"elementor-widget-container\">\n\t\t\t\t\t\t\t\t\t\t\t\t\t\t\t<img decoding=\"async\" width=\"300\" height=\"7\" src=\"https:\/\/hiref.com.mx\/wp-content\/uploads\/2022\/09\/LINEA-TITULOS-300x7.png\" class=\"attachment-medium size-medium wp-image-327\" alt=\"\" srcset=\"https:\/\/hiref.com.mx\/wp-content\/uploads\/2022\/09\/LINEA-TITULOS-300x7.png 300w, https:\/\/hiref.com.mx\/wp-content\/uploads\/2022\/09\/LINEA-TITULOS-600x14.png 600w, https:\/\/hiref.com.mx\/wp-content\/uploads\/2022\/09\/LINEA-TITULOS-768x19.png 768w, https:\/\/hiref.com.mx\/wp-content\/uploads\/2022\/09\/LINEA-TITULOS.png 952w\" sizes=\"(max-width: 300px) 100vw, 300px\" \/>\t\t\t\t\t\t\t\t\t\t\t\t\t\t\t<\/div>\n\t\t\t\t<\/div>\n\t\t\t\t<div class=\"elementor-element elementor-element-89fb19d elementor-widget elementor-widget-heading\" data-id=\"89fb19d\" data-element_type=\"widget\" data-widget_type=\"heading.default\">\n\t\t\t\t<div class=\"elementor-widget-container\">\n\t\t\t\t\t<h2 class=\"elementor-heading-title elementor-size-default\">Certificaciones<\/h2>\t\t\t\t<\/div>\n\t\t\t\t<\/div>\n\t\t\t\t<div class=\"elementor-element elementor-element-8236cc8 elementor-widget elementor-widget-text-editor\" data-id=\"8236cc8\" data-element_type=\"widget\" data-widget_type=\"text-editor.default\">\n\t\t\t\t<div class=\"elementor-widget-container\">\n\t\t\t\t\t\t\t\t\t<p><span class=\"xr_tl Normal_text ParagraphSection xr_s6\">Testigo del <\/span><span class=\"xr_tl Normal_text ParagraphSection xr_s6\">compromiso de la empresa de mantener los altos est\u00e1ndares <\/span><span class=\"xr_tl Normal_text ParagraphSection xr_s6\">de calidad requeridos por las normas internacionales en <\/span><span class=\"xr_tl Normal_text ParagraphSection xr_s6\">cuanto a la conformidad de los productos, servicios, procesos, <\/span><span class=\"xr_tl Normal_text ParagraphSection xr_s6\">sistemas y personal.<\/span><\/p>\t\t\t\t\t\t\t\t<\/div>\n\t\t\t\t<\/div>\n\t\t\t\t\t<\/div>\n\t\t<\/div>\n\t\t\t\t<div class=\"elementor-column elementor-col-50 elementor-inner-column elementor-element elementor-element-386f55c\" data-id=\"386f55c\" data-element_type=\"column\" data-settings=\"{&quot;background_background&quot;:&quot;classic&quot;}\">\n\t\t\t<div class=\"elementor-widget-wrap elementor-element-populated\">\n\t\t\t\t\t\t<div class=\"elementor-element elementor-element-a36350d elementor-widget elementor-widget-image\" data-id=\"a36350d\" data-element_type=\"widget\" data-widget_type=\"image.default\">\n\t\t\t\t<div class=\"elementor-widget-container\">\n\t\t\t\t\t\t\t\t\t\t\t\t\t\t\t<img decoding=\"async\" src=\"https:\/\/hiref.com.mx\/wp-content\/uploads\/elementor\/thumbs\/SELLO-CALIDAD-pv0aqt5s4n9t32x6oq3dvqk7pg34qb6qqwdkzgyzww.png\" title=\"SELLO CALIDAD\" alt=\"SELLO CALIDAD\" loading=\"lazy\" \/>\t\t\t\t\t\t\t\t\t\t\t\t\t\t\t<\/div>\n\t\t\t\t<\/div>\n\t\t\t\t\t<\/div>\n\t\t<\/div>\n\t\t\t\t\t<\/div>\n\t\t<\/section>\n\t\t\t\t<section class=\"elementor-section elementor-inner-section elementor-element elementor-element-ad48b72 elementor-section-boxed elementor-section-height-default elementor-section-height-default\" data-id=\"ad48b72\" data-element_type=\"section\" data-settings=\"{&quot;background_background&quot;:&quot;classic&quot;}\">\n\t\t\t\t\t\t<div class=\"elementor-container elementor-column-gap-custom\">\n\t\t\t\t\t<div class=\"elementor-column elementor-col-50 elementor-inner-column elementor-element elementor-element-acf0e99\" data-id=\"acf0e99\" data-element_type=\"column\">\n\t\t\t<div class=\"elementor-widget-wrap elementor-element-populated\">\n\t\t\t\t\t\t<div class=\"elementor-element elementor-element-3a43f02 elementor-position-top elementor-widget elementor-widget-image-box\" data-id=\"3a43f02\" data-element_type=\"widget\" data-widget_type=\"image-box.default\">\n\t\t\t\t<div class=\"elementor-widget-container\">\n\t\t\t\t\t<div class=\"elementor-image-box-wrapper\"><figure class=\"elementor-image-box-img\"><a href=\"https:\/\/hiref.com.mx\/wp-content\/uploads\/2022\/09\/CERTIFICADO-FGI-02404.pdf\" tabindex=\"-1\"><img fetchpriority=\"high\" decoding=\"async\" width=\"602\" height=\"851\" src=\"https:\/\/hiref.com.mx\/wp-content\/uploads\/2022\/09\/CERTIFICADO-FGI-02404.jpg\" class=\"elementor-animation-grow attachment-full size-full wp-image-370\" alt=\"\" srcset=\"https:\/\/hiref.com.mx\/wp-content\/uploads\/2022\/09\/CERTIFICADO-FGI-02404.jpg 602w, https:\/\/hiref.com.mx\/wp-content\/uploads\/2022\/09\/CERTIFICADO-FGI-02404-600x848.jpg 600w, https:\/\/hiref.com.mx\/wp-content\/uploads\/2022\/09\/CERTIFICADO-FGI-02404-212x300.jpg 212w\" sizes=\"(max-width: 602px) 100vw, 602px\" \/><\/a><\/figure><div class=\"elementor-image-box-content\"><h3 class=\"elementor-image-box-title\"><a href=\"https:\/\/hiref.com.mx\/wp-content\/uploads\/2022\/09\/CERTIFICADO-FGI-02404.pdf\">Certificado de conformidad - Reglamento F-Gas (UE 517\/2014):<\/a><\/h3><p class=\"elementor-image-box-description\">El personal de HiRef S.p.A. est\u00e1 cualificado para la instalaci\u00f3n, mantenimiento o reparaci\u00f3n de sistemas que contienen gases fluorados de efecto.<\/p><\/div><\/div>\t\t\t\t<\/div>\n\t\t\t\t<\/div>\n\t\t\t\t\t<\/div>\n\t\t<\/div>\n\t\t\t\t<div class=\"elementor-column elementor-col-50 elementor-inner-column elementor-element elementor-element-2f42c9d\" data-id=\"2f42c9d\" data-element_type=\"column\">\n\t\t\t<div class=\"elementor-widget-wrap elementor-element-populated\">\n\t\t\t\t\t\t<div class=\"elementor-element elementor-element-47787e1 elementor-position-top elementor-widget elementor-widget-image-box\" data-id=\"47787e1\" data-element_type=\"widget\" data-widget_type=\"image-box.default\">\n\t\t\t\t<div class=\"elementor-widget-container\">\n\t\t\t\t\t<div class=\"elementor-image-box-wrapper\"><figure class=\"elementor-image-box-img\"><a href=\"https:\/\/hiref.com.mx\/wp-content\/uploads\/2023\/06\/Certificazione_PED_Moduli-B-D-1.pdf\" tabindex=\"-1\"><img decoding=\"async\" width=\"827\" height=\"1169\" src=\"https:\/\/hiref.com.mx\/wp-content\/uploads\/2023\/06\/Certificazione_PED_Moduli-B-D-1.jpg\" class=\"elementor-animation-grow attachment-full size-full wp-image-2229\" alt=\"\" srcset=\"https:\/\/hiref.com.mx\/wp-content\/uploads\/2023\/06\/Certificazione_PED_Moduli-B-D-1.jpg 827w, https:\/\/hiref.com.mx\/wp-content\/uploads\/2023\/06\/Certificazione_PED_Moduli-B-D-1-212x300.jpg 212w, https:\/\/hiref.com.mx\/wp-content\/uploads\/2023\/06\/Certificazione_PED_Moduli-B-D-1-724x1024.jpg 724w, https:\/\/hiref.com.mx\/wp-content\/uploads\/2023\/06\/Certificazione_PED_Moduli-B-D-1-768x1086.jpg 768w, https:\/\/hiref.com.mx\/wp-content\/uploads\/2023\/06\/Certificazione_PED_Moduli-B-D-1-600x848.jpg 600w\" sizes=\"(max-width: 827px) 100vw, 827px\" \/><\/a><\/figure><div class=\"elementor-image-box-content\"><h3 class=\"elementor-image-box-title\"><a href=\"https:\/\/hiref.com.mx\/wp-content\/uploads\/2023\/06\/Certificazione_PED_Moduli-B-D-1.pdf\">Certificado de conformidad - Equipos a presi\u00f3n (2014\/68\/UE):<\/a><\/h3><p class=\"elementor-image-box-description\">Este certificado atestigua que HiRef S.p.A. cumple con la directiva sobre los equipos a presi\u00f3n (PED). La empresa garantiza el cumplimiento de los requisitos esenciales de seguridad y dise\u00f1o relativos al ensamblaje, ensayo y puesta en servicio de sistemas de refrigeraci\u00f3n y acondicionamiento que funcionan con gas a presi\u00f3n (PS > 0,5 bar).<\/p><\/div><\/div>\t\t\t\t<\/div>\n\t\t\t\t<\/div>\n\t\t\t\t\t<\/div>\n\t\t<\/div>\n\t\t\t\t\t<\/div>\n\t\t<\/section>\n\t\t\t\t<section class=\"elementor-section elementor-inner-section elementor-element elementor-element-a0c9862 elementor-section-boxed elementor-section-height-default elementor-section-height-default\" data-id=\"a0c9862\" data-element_type=\"section\">\n\t\t\t\t\t\t<div class=\"elementor-container elementor-column-gap-custom\">\n\t\t\t\t\t<div class=\"elementor-column elementor-col-33 elementor-inner-column elementor-element elementor-element-5007a36\" data-id=\"5007a36\" data-element_type=\"column\">\n\t\t\t<div class=\"elementor-widget-wrap elementor-element-populated\">\n\t\t\t\t\t\t<div class=\"elementor-element elementor-element-2a2077b elementor-position-top elementor-widget elementor-widget-image-box\" data-id=\"2a2077b\" data-element_type=\"widget\" data-widget_type=\"image-box.default\">\n\t\t\t\t<div class=\"elementor-widget-container\">\n\t\t\t\t\t<div class=\"elementor-image-box-wrapper\"><figure class=\"elementor-image-box-img\"><a href=\"https:\/\/hiref.com.mx\/wp-content\/uploads\/2023\/06\/Certificazione_-pagesSGQ.pdf\" tabindex=\"-1\"><img decoding=\"async\" src=\"https:\/\/hiref.com.mx\/wp-content\/uploads\/elementor\/thumbs\/Certificazione_-pagesSGQ-q7kv9tv9bvalll3hevb76iweaqxomudg425rgf7k00.jpg\" title=\"Certificazione_-pagesSGQ\" alt=\"Certificazione_-pagesSGQ\" class=\"elementor-animation-grow\" loading=\"lazy\" \/><\/a><\/figure><div class=\"elementor-image-box-content\"><h3 class=\"elementor-image-box-title\"><a href=\"https:\/\/hiref.com.mx\/wp-content\/uploads\/2023\/06\/Certificazione_-pagesSGQ.pdf\">Certificado de conformidad - Sistema de gesti\u00f3n de la calidad (ISO 9001:2015):<\/a><\/h3><p class=\"elementor-image-box-description\">El sistema de Gesti\u00f3n de la calidad de HiRef S.p.A. cumple con los requisitos impuestos por la Norma ISO 9001 en t\u00e9rminos de eficiencia de organizaci\u00f3n y de calidad del producto. Los altos est\u00e1ndares que la empresa impone mantener atestiguan su compromiso de satisfacer las necesidades del cliente y de todas las partes interesadas, operando con un enfoque sostenible hacia el medio ambiente y persiguiendo objetivos y criterios expresados en la Pol\u00edtica de la Calidad.<\/p><\/div><\/div>\t\t\t\t<\/div>\n\t\t\t\t<\/div>\n\t\t\t\t\t<\/div>\n\t\t<\/div>\n\t\t\t\t<div class=\"elementor-column elementor-col-33 elementor-inner-column elementor-element elementor-element-2254632\" data-id=\"2254632\" data-element_type=\"column\">\n\t\t\t<div class=\"elementor-widget-wrap elementor-element-populated\">\n\t\t\t\t\t\t<div class=\"elementor-element elementor-element-f6e6658 elementor-position-top elementor-widget elementor-widget-image-box\" data-id=\"f6e6658\" data-element_type=\"widget\" data-widget_type=\"image-box.default\">\n\t\t\t\t<div class=\"elementor-widget-container\">\n\t\t\t\t\t<div class=\"elementor-image-box-wrapper\"><figure class=\"elementor-image-box-img\"><a href=\"https:\/\/hiref.com.mx\/wp-content\/uploads\/2023\/06\/Certificazione_-pagesSGQ.pdf\" tabindex=\"-1\"><img decoding=\"async\" src=\"https:\/\/hiref.com.mx\/wp-content\/uploads\/elementor\/thumbs\/Certificazione_-pagesSGQ-q7kv9tv9bvalll3hevb76iweaqxomudg425rgf7k00.jpg\" title=\"Certificazione_-pagesSGQ\" alt=\"Certificazione_-pagesSGQ\" class=\"elementor-animation-grow\" loading=\"lazy\" \/><\/a><\/figure><div class=\"elementor-image-box-content\"><h3 class=\"elementor-image-box-title\"><a href=\"https:\/\/hiref.com.mx\/wp-content\/uploads\/2023\/06\/Certificazione_-pagesSGQ.pdf\">ISO 14001: 2015<\/a><\/h3><p class=\"elementor-image-box-description\">El sistema de gesti\u00f3n de HiRef S.p.A. es adecuado para mantener bajo control los impactos ambientales de sus actividades y busca sistem\u00e1ticamente la mejora de forma coherente, eficaz y sobre todo sostenible.<\/p><\/div><\/div>\t\t\t\t<\/div>\n\t\t\t\t<\/div>\n\t\t\t\t\t<\/div>\n\t\t<\/div>\n\t\t\t\t<div class=\"elementor-column elementor-col-33 elementor-inner-column elementor-element elementor-element-b157da3\" data-id=\"b157da3\" data-element_type=\"column\">\n\t\t\t<div class=\"elementor-widget-wrap elementor-element-populated\">\n\t\t\t\t\t\t<div class=\"elementor-element elementor-element-7064557 elementor-widget elementor-widget-image\" data-id=\"7064557\" data-element_type=\"widget\" data-widget_type=\"image.default\">\n\t\t\t\t<div class=\"elementor-widget-container\">\n\t\t\t\t\t\t\t\t\t\t\t\t\t\t\t\t<a href=\"https:\/\/hiref.com.mx\/wp-content\/uploads\/2022\/09\/CERTIFICADO-POLITICA-DE-CALIDAD.jpg\" data-elementor-open-lightbox=\"yes\" data-elementor-lightbox-title=\"CERTIFICADO POLITICA DE CALIDAD\" data-e-action-hash=\"#elementor-action%3Aaction%3Dlightbox%26settings%3DeyJpZCI6MzcxLCJ1cmwiOiJodHRwczpcL1wvaGlyZWYuY29tLm14XC93cC1jb250ZW50XC91cGxvYWRzXC8yMDIyXC8wOVwvQ0VSVElGSUNBRE8tUE9MSVRJQ0EtREUtQ0FMSURBRC5qcGcifQ%3D%3D\">\n\t\t\t\t\t\t\t<img loading=\"lazy\" decoding=\"async\" width=\"597\" height=\"842\" src=\"https:\/\/hiref.com.mx\/wp-content\/uploads\/2022\/09\/CERTIFICADO-POLITICA-DE-CALIDAD.jpg\" class=\"attachment-large size-large wp-image-371\" alt=\"\" srcset=\"https:\/\/hiref.com.mx\/wp-content\/uploads\/2022\/09\/CERTIFICADO-POLITICA-DE-CALIDAD.jpg 597w, https:\/\/hiref.com.mx\/wp-content\/uploads\/2022\/09\/CERTIFICADO-POLITICA-DE-CALIDAD-213x300.jpg 213w\" sizes=\"(max-width: 597px) 100vw, 597px\" \/>\t\t\t\t\t\t\t\t<\/a>\n\t\t\t\t\t\t\t\t\t\t\t\t\t\t\t<\/div>\n\t\t\t\t<\/div>\n\t\t\t\t\t<\/div>\n\t\t<\/div>\n\t\t\t\t\t<\/div>\n\t\t<\/section>\n\t\t\t\t\t<\/div>\n\t\t<\/div>\n\t\t\t\t\t<\/div>\n\t\t<\/section>\n\t\t\t\t<\/div>\n\t\t","protected":false},"excerpt":{"rendered":"<p>Certificaciones Testigo del compromiso de la empresa de mantener los altos est\u00e1ndares de calidad requeridos por las normas internacionales en cuanto a la conformidad de los productos, servicios, procesos, sistemas y personal. Certificado de conformidad &#8211; Reglamento F-Gas (UE 517\/2014): El personal de HiRef S.p.A. est\u00e1 cualificado para la instalaci\u00f3n, mantenimiento o reparaci\u00f3n de sistemas [&hellip;]<\/p>\n","protected":false},"author":1,"featured_media":0,"parent":0,"menu_order":0,"comment_status":"closed","ping_status":"closed","template":"elementor_header_footer","meta":{"footnotes":""},"class_list":["post-172","page","type-page","status-publish","hentry"],"acf":[],"yoast_head":"<!-- This site is optimized with the Yoast SEO plugin v25.8 - https:\/\/yoast.com\/wordpress\/plugins\/seo\/ -->\n<title>CERTIFICACIONES - HiRef<\/title>\n<meta name=\"robots\" content=\"index, follow, max-snippet:-1, max-image-preview:large, max-video-preview:-1\" \/>\n<link rel=\"canonical\" href=\"https:\/\/hiref.com.mx\/index.php\/certificaciones\/\" \/>\n<meta property=\"og:locale\" content=\"es_MX\" \/>\n<meta property=\"og:type\" content=\"article\" \/>\n<meta property=\"og:title\" content=\"CERTIFICACIONES - HiRef\" \/>\n<meta property=\"og:description\" content=\"Certificaciones Testigo del compromiso de la empresa de mantener los altos est\u00e1ndares de calidad requeridos por las normas internacionales en cuanto a la conformidad de los productos, servicios, procesos, sistemas y personal. Certificado de conformidad &#8211; Reglamento F-Gas (UE 517\/2014): El personal de HiRef S.p.A. est\u00e1 cualificado para la instalaci\u00f3n, mantenimiento o reparaci\u00f3n de sistemas [&hellip;]\" \/>\n<meta property=\"og:url\" content=\"https:\/\/hiref.com.mx\/index.php\/certificaciones\/\" \/>\n<meta property=\"og:site_name\" content=\"HiRef\" \/>\n<meta property=\"article:publisher\" content=\"https:\/\/www.facebook.com\/hirefmexico\" \/>\n<meta property=\"article:modified_time\" content=\"2023-06-06T20:04:05+00:00\" \/>\n<meta property=\"og:image\" content=\"http:\/\/hiref.com.mx\/wp-content\/uploads\/2022\/09\/LINEA-TITULOS-300x7.png\" \/>\n<meta name=\"twitter:card\" content=\"summary_large_image\" \/>\n<meta name=\"twitter:label1\" content=\"Tiempo de lectura\" \/>\n\t<meta name=\"twitter:data1\" content=\"3 minutos\" \/>\n<script type=\"application\/ld+json\" class=\"yoast-schema-graph\">{\"@context\":\"https:\/\/schema.org\",\"@graph\":[{\"@type\":\"WebPage\",\"@id\":\"https:\/\/hiref.com.mx\/index.php\/certificaciones\/\",\"url\":\"https:\/\/hiref.com.mx\/index.php\/certificaciones\/\",\"name\":\"CERTIFICACIONES - HiRef\",\"isPartOf\":{\"@id\":\"https:\/\/hiref.com.mx\/#website\"},\"primaryImageOfPage\":{\"@id\":\"https:\/\/hiref.com.mx\/index.php\/certificaciones\/#primaryimage\"},\"image\":{\"@id\":\"https:\/\/hiref.com.mx\/index.php\/certificaciones\/#primaryimage\"},\"thumbnailUrl\":\"http:\/\/hiref.com.mx\/wp-content\/uploads\/2022\/09\/LINEA-TITULOS-300x7.png\",\"datePublished\":\"2022-08-01T20:14:00+00:00\",\"dateModified\":\"2023-06-06T20:04:05+00:00\",\"breadcrumb\":{\"@id\":\"https:\/\/hiref.com.mx\/index.php\/certificaciones\/#breadcrumb\"},\"inLanguage\":\"es\",\"potentialAction\":[{\"@type\":\"ReadAction\",\"target\":[\"https:\/\/hiref.com.mx\/index.php\/certificaciones\/\"]}]},{\"@type\":\"ImageObject\",\"inLanguage\":\"es\",\"@id\":\"https:\/\/hiref.com.mx\/index.php\/certificaciones\/#primaryimage\",\"url\":\"https:\/\/hiref.com.mx\/wp-content\/uploads\/2022\/09\/LINEA-TITULOS.png\",\"contentUrl\":\"https:\/\/hiref.com.mx\/wp-content\/uploads\/2022\/09\/LINEA-TITULOS.png\",\"width\":952,\"height\":23},{\"@type\":\"BreadcrumbList\",\"@id\":\"https:\/\/hiref.com.mx\/index.php\/certificaciones\/#breadcrumb\",\"itemListElement\":[{\"@type\":\"ListItem\",\"position\":1,\"name\":\"Inicio\",\"item\":\"https:\/\/hiref.com.mx\/\"},{\"@type\":\"ListItem\",\"position\":2,\"name\":\"CERTIFICACIONES\"}]},{\"@type\":\"WebSite\",\"@id\":\"https:\/\/hiref.com.mx\/#website\",\"url\":\"https:\/\/hiref.com.mx\/\",\"name\":\"HiRef\",\"description\":\"Aire acondicionado de precisi\u00f3n para Data Center y Telecom\",\"potentialAction\":[{\"@type\":\"SearchAction\",\"target\":{\"@type\":\"EntryPoint\",\"urlTemplate\":\"https:\/\/hiref.com.mx\/?s={search_term_string}\"},\"query-input\":{\"@type\":\"PropertyValueSpecification\",\"valueRequired\":true,\"valueName\":\"search_term_string\"}}],\"inLanguage\":\"es\"}]}<\/script>\n<!-- \/ Yoast SEO plugin. -->","yoast_head_json":{"title":"CERTIFICACIONES - HiRef","robots":{"index":"index","follow":"follow","max-snippet":"max-snippet:-1","max-image-preview":"max-image-preview:large","max-video-preview":"max-video-preview:-1"},"canonical":"https:\/\/hiref.com.mx\/index.php\/certificaciones\/","og_locale":"es_MX","og_type":"article","og_title":"CERTIFICACIONES - HiRef","og_description":"Certificaciones Testigo del compromiso de la empresa de mantener los altos est\u00e1ndares de calidad requeridos por las normas internacionales en cuanto a la conformidad de los productos, servicios, procesos, sistemas y personal. Certificado de conformidad &#8211; Reglamento F-Gas (UE 517\/2014): El personal de HiRef S.p.A. est\u00e1 cualificado para la instalaci\u00f3n, mantenimiento o reparaci\u00f3n de sistemas [&hellip;]","og_url":"https:\/\/hiref.com.mx\/index.php\/certificaciones\/","og_site_name":"HiRef","article_publisher":"https:\/\/www.facebook.com\/hirefmexico","article_modified_time":"2023-06-06T20:04:05+00:00","og_image":[{"url":"http:\/\/hiref.com.mx\/wp-content\/uploads\/2022\/09\/LINEA-TITULOS-300x7.png","type":"","width":"","height":""}],"twitter_card":"summary_large_image","twitter_misc":{"Tiempo de lectura":"3 minutos"},"schema":{"@context":"https:\/\/schema.org","@graph":[{"@type":"WebPage","@id":"https:\/\/hiref.com.mx\/index.php\/certificaciones\/","url":"https:\/\/hiref.com.mx\/index.php\/certificaciones\/","name":"CERTIFICACIONES - HiRef","isPartOf":{"@id":"https:\/\/hiref.com.mx\/#website"},"primaryImageOfPage":{"@id":"https:\/\/hiref.com.mx\/index.php\/certificaciones\/#primaryimage"},"image":{"@id":"https:\/\/hiref.com.mx\/index.php\/certificaciones\/#primaryimage"},"thumbnailUrl":"http:\/\/hiref.com.mx\/wp-content\/uploads\/2022\/09\/LINEA-TITULOS-300x7.png","datePublished":"2022-08-01T20:14:00+00:00","dateModified":"2023-06-06T20:04:05+00:00","breadcrumb":{"@id":"https:\/\/hiref.com.mx\/index.php\/certificaciones\/#breadcrumb"},"inLanguage":"es","potentialAction":[{"@type":"ReadAction","target":["https:\/\/hiref.com.mx\/index.php\/certificaciones\/"]}]},{"@type":"ImageObject","inLanguage":"es","@id":"https:\/\/hiref.com.mx\/index.php\/certificaciones\/#primaryimage","url":"https:\/\/hiref.com.mx\/wp-content\/uploads\/2022\/09\/LINEA-TITULOS.png","contentUrl":"https:\/\/hiref.com.mx\/wp-content\/uploads\/2022\/09\/LINEA-TITULOS.png","width":952,"height":23},{"@type":"BreadcrumbList","@id":"https:\/\/hiref.com.mx\/index.php\/certificaciones\/#breadcrumb","itemListElement":[{"@type":"ListItem","position":1,"name":"Inicio","item":"https:\/\/hiref.com.mx\/"},{"@type":"ListItem","position":2,"name":"CERTIFICACIONES"}]},{"@type":"WebSite","@id":"https:\/\/hiref.com.mx\/#website","url":"https:\/\/hiref.com.mx\/","name":"HiRef","description":"Aire acondicionado de precisi\u00f3n para Data Center y Telecom","potentialAction":[{"@type":"SearchAction","target":{"@type":"EntryPoint","urlTemplate":"https:\/\/hiref.com.mx\/?s={search_term_string}"},"query-input":{"@type":"PropertyValueSpecification","valueRequired":true,"valueName":"search_term_string"}}],"inLanguage":"es"}]}},"_links":{"self":[{"href":"https:\/\/hiref.com.mx\/index.php\/wp-json\/wp\/v2\/pages\/172","targetHints":{"allow":["GET"]}}],"collection":[{"href":"https:\/\/hiref.com.mx\/index.php\/wp-json\/wp\/v2\/pages"}],"about":[{"href":"https:\/\/hiref.com.mx\/index.php\/wp-json\/wp\/v2\/types\/page"}],"author":[{"embeddable":true,"href":"https:\/\/hiref.com.mx\/index.php\/wp-json\/wp\/v2\/users\/1"}],"replies":[{"embeddable":true,"href":"https:\/\/hiref.com.mx\/index.php\/wp-json\/wp\/v2\/comments?post=172"}],"version-history":[{"count":64,"href":"https:\/\/hiref.com.mx\/index.php\/wp-json\/wp\/v2\/pages\/172\/revisions"}],"predecessor-version":[{"id":2238,"href":"https:\/\/hiref.com.mx\/index.php\/wp-json\/wp\/v2\/pages\/172\/revisions\/2238"}],"wp:attachment":[{"href":"https:\/\/hiref.com.mx\/index.php\/wp-json\/wp\/v2\/media?parent=172"}],"curies":[{"name":"wp","href":"https:\/\/api.w.org\/{rel}","templated":true}]}}